{"id":5857,"date":"2022-11-14T09:22:37","date_gmt":"2022-11-14T07:22:37","guid":{"rendered":"https:\/\/vivafertis.com\/?page_id=5857"},"modified":"2022-12-15T10:23:18","modified_gmt":"2022-12-15T08:23:18","slug":"kauf-und-rueckgabe","status":"publish","type":"page","link":"https:\/\/vivafertis.com\/de\/kauf-und-rueckgabe\/","title":{"rendered":"Kauf und R\u00fcckgabe"},"content":{"rendered":"<p><strong>14-Tage-Frist f\u00fcr die Entscheidung<\/strong><\/p>\n<p>Jede per Internet gekaufte Ware k\u00f6nnen Sie in 14 Tagen nach Erhalt der Bestellung zur\u00fcckgeben und das f\u00fcr die Ware gezahlte Geld zur\u00fcckerhalten, auch ohne Angabe des Grunds.<\/p>\n<p><strong>In 14 Tagen nach Zustellung der Ware k\u00f6nnen Sie jeden gekauften Artikel: <\/strong><\/p>\n<ol>\n<li><strong>In eine andere Gr\u00f6\u00dfe oder in ein anderes Modell tauschen.\u00a0<\/strong>Der Umtausch ist sowohl in eine billigere, als auch in eine teurere Ware als die gekaufte m\u00f6glich. Die \u00dcberzahlung wird auf Ihr Konto gezahlt und den Fehlbetrag k\u00f6nnen Sie bei der Zustellung der umgetauschten Ware bezahlen. Beim Kauf erhaltener Rabattcode wird auch f\u00fcr die umgetauschte Ware gelten. Wir empfehlen Ihnen, die Ware, in diese Sie tauschen m\u00f6chten, m\u00f6glichst schnell per E-Mail info@vivafertis.lt zu reservieren. Beim Umtausch der Ware fallen die Kosten f\u00fcr den Kurierdienst dem Kunden an<strong>!<\/strong><\/li>\n<li><strong>Das f\u00fcr die Ware bezahlte Geld zur\u00fcckerhalten.<\/strong>Nach R\u00fcckgabe der Ware wird das Geld in der Zeit von 1 bis 5 Tagen ab dem R\u00fcckgabetag erstattet. Transportkosten werden nicht erstattet. Wenn die Ware mit einem Rabattcoupon bezahlt wurde, wird der Rabattcoupon und der zus\u00e4tzlich gezahlte Betrag zur\u00fcckgegeben.<\/li>\n<\/ol>\n<p><strong>Bedingungen f\u00fcr R\u00fcckgabe\/ Umtausch der Waren<\/strong><\/p>\n<p><strong>Die umzutauschenden oder zur\u00fcckzugebenden Waren m\u00fcssen folgenden Kriterien entsprechen:<\/strong><\/p>\n<p>1.Die Ware muss ungenutzt, unbesch\u00e4digt sein und sie muss ihren Wert nicht verloren haben.<\/p>\n<p>2.Die zur\u00fcckgegeben Waren m\u00fcssen mit den Etiketten versehen sein.<\/p>\n<ol start=\"3\">\n<li>Sie m\u00fcssen uns per E-Mail kontaktieren.<\/li>\n<\/ol>\n<p>Versenden Sie die Waren per <strong>Einschreiben <\/strong>oder per Paketstation (in diesem Fall wird die Post Ihnen Sendungsnummer ausgeben, nach dieser Sie sehen k\u00f6nnen, wann die Sendung bei uns ankommt, oder Sie k\u00f6nnen die Sendung finden, wenn Sie verlorengeht. Wir \u00fcbernehmen keine Haftung f\u00fcr nicht eingeschriebene Sendungen).<\/p>\n<p>Wenn Sie Fragen haben sollten, wenden Sie sich bitte an uns per E-Mail info@vivafertis.lt<\/p>\n<p><strong>Rechtsnormen \u00fcber R\u00fcckgabe der Waren<\/strong><\/p>\n<p>Beseitigung von M\u00e4ngeln, Umtausch bzw. R\u00fcckgabe der Waren nicht unangemessener Qualit\u00e4t werden nach den \u201eRegeln f\u00fcr Kleinhandel\u201c, genehmigt mit Entscheidung der Regierung der Republik Litauen, geregelt.<\/p>\n<p>R\u00fcckgabe und Umtausch der Ware angemessener Qualit\u00e4t erfolgt nach Artikel 6.22810 Absatz 1 des B\u00fcrgerlichen Gesetzbuches;<\/p>\n<p>Einen Antrag \/ Beschwerde bez\u00fcglich der in unserem Online-Shop gekauften Ware oder Dienstleistung k\u00f6nnen Sie an den Staatlichen Dienst f\u00fcr den Schutz der Verbraucherrechte (Vilniaus Str. 25, 01402 Vilnius, Litauen, E-Mail: tarnyba@vvtat.lt, Tel.: +370 5 262 67 51, Fax: (+370 5 279 1466, Internetseite <a href=\"http:\/\/www.vvtat.lt\/\" target=\"_blank\" rel=\"noopener\">www.vvtat.lt<\/a>, regionale Gebietsabteilungen unter <a href=\"http:\/\/www.vvtat.lt\/index.php?470187665\" target=\"_blank\" rel=\"noopener\">http:\/\/www.vvtat.lt\/index.php?470187665<\/a>) richten oder eine Antragsform auf der EGS-Plattform\u00a0<a href=\"http:\/\/ec.europa.eu\/odr\" target=\"_blank\" rel=\"noopener\">http:\/\/ec.europa.eu\/odr<\/a>\/ ausf\u00fcllen.<\/p>\n","protected":false},"excerpt":{"rendered":"<p>14-Tage-Frist f\u00fcr die Entscheidung Jede per Internet gekaufte Ware k\u00f6nnen Sie in 14 Tagen nach Erhalt der Bestellung zur\u00fcckgeben und das f\u00fcr die Ware gezahlte Geld zur\u00fcckerhalten, auch ohne Angabe des Grunds. In 14 Tagen nach Zustellung der Ware k\u00f6nnen Sie jeden gekauften Artikel: In eine andere Gr\u00f6\u00dfe oder in ein anderes Modell tauschen.\u00a0Der Umtausch [&hellip;]<\/p>\n","protected":false},"author":1,"featured_media":0,"parent":0,"menu_order":0,"comment_status":"closed","ping_status":"closed","template":"","meta":{"inline_featured_image":false},"acf":[],"_links":{"self":[{"href":"https:\/\/vivafertis.com\/de\/wp-json\/wp\/v2\/pages\/5857"}],"collection":[{"href":"https:\/\/vivafertis.com\/de\/wp-json\/wp\/v2\/pages"}],"about":[{"href":"https:\/\/vivafertis.com\/de\/wp-json\/wp\/v2\/types\/page"}],"author":[{"embeddable":true,"href":"https:\/\/vivafertis.com\/de\/wp-json\/wp\/v2\/users\/1"}],"replies":[{"embeddable":true,"href":"https:\/\/vivafertis.com\/de\/wp-json\/wp\/v2\/comments?post=5857"}],"version-history":[{"count":1,"href":"https:\/\/vivafertis.com\/de\/wp-json\/wp\/v2\/pages\/5857\/revisions"}],"predecessor-version":[{"id":5858,"href":"https:\/\/vivafertis.com\/de\/wp-json\/wp\/v2\/pages\/5857\/revisions\/5858"}],"wp:attachment":[{"href":"https:\/\/vivafertis.com\/de\/wp-json\/wp\/v2\/media?parent=5857"}],"curies":[{"name":"wp","href":"https:\/\/api.w.org\/{rel}","templated":true}]}}