{"id":5873,"date":"2022-08-04T13:55:15","date_gmt":"2022-08-04T10:55:15","guid":{"rendered":"https:\/\/vivafertis.com\/?page_id=5873"},"modified":"2022-12-15T10:33:51","modified_gmt":"2022-12-15T08:33:51","slug":"datenschutz-bestimmungen","status":"publish","type":"page","link":"https:\/\/vivafertis.com\/de\/datenschutz-bestimmungen\/","title":{"rendered":"Datenschutz-Bestimmungen"},"content":{"rendered":"<ol>\n<li><strong>BEGRIFFE<\/strong><\/li>\n<\/ol>\n<p>1.1. F\u00fcr die Datenverarbeitung Verantwortlicher und Betreiber der Webseite (im Folgenden f\u00fcr die Verarbeitung Verantwortlicher genannt) ist die Fa. UAB &#8220;AGROCONSULT LT&#8221;, HR-Nr.: 302654044, USt.-IDNr.: LT100006313118, Postanschrift: Apylankos g. 6, U\u017eusali\u0173 k., LT-55333 Jonavos r., Republik Litauen, E-Mail-Adresse: info@vivafertis.lt.<\/p>\n<p>1.2. Der K\u00e4ufer\u00a0 ist eine nat\u00fcrliche oder juristische Person, die Waren im Online-Shop <a href=\"http:\/\/www.vivafertis.lt\" target=\"_blank\" rel=\"noopener\">www.vivafertis.lt<\/a> gekauft hat.<\/p>\n<p>1.3. Regeln der Verarbeitung der personenbezogenen Daten (im Folgenden Regeln genannt) regeln die Hauptprinzipien der Erhebung, der Verarbeitung und der Speicherung der personenbezogenen Daten, gem\u00e4\u00df diesen der f\u00fcr die Verarbeitung Verantwortliche die personenbezogenen Daten des K\u00e4ufers verarbeitet.<\/p>\n<ol>\n<li><strong> ALLGEMEINE BESTIMMUNGEN<\/strong><\/li>\n<\/ol>\n<p>2.1. Diese Datenschutzbestimmungen regeln die Hauptprinzipien und die Ordnung der Erhebung, der Verarbeitung und der Speicherung der personenbezogenen Daten des Kunden des Online-Shops www.vivafertis.lt (im Folgenden K\u00e4ufer genannt) und des Online-Shops www.vivafertis.lt der Fa. UAB &#8220;AGROCONSULT LT&#8221; (im Folgenden f\u00fcr die Verarbeitung Verantwortlicher genannt).<\/p>\n<p>2.2. Die Erhebung, die Verarbeitung und die Speicherung der personenbezogenen Daten des K\u00e4ufers regeln die vorliegenden Datenschutzbestimmungen, Gesetz \u00fcber den Rechtschutz der personenbezogenen Daten der Republik Litauen und andere Rechtsnormen.<\/p>\n<p>2.3. Mit der Angabe Ihrer personenbezogenen Daten im Online-Shop erkl\u00e4ren Sie sich einverstanden, dass der f\u00fcr die Verarbeitung Verantwortliche die Daten zum in diesen Datenschutzbestimmungen und in den Rechtsnormen vorgesehenen Zweck und entsprechend den dort vorgesehenen Ma\u00dfnahmen und Ordnung verarbeitet.<\/p>\n<p><strong>III.\u00a0ERHEBUNG, VERARBEITUNG UND SPEICHERUNG DER PERSONENBEZOGENEN DATEN <\/strong><\/p>\n<p>3.1. Der f\u00fcr die Verarbeitung Verantwortliche handelt gem\u00e4\u00df den Hauptprinzipien der Verarbeitung der personenbezogenen Daten:<\/p>\n<p>3.1.1. Die personenbezogenen Daten werden zum definierten und rechtlichen Zweck erhoben.<\/p>\n<p>3.1.2. Die personenbezogenen Daten werden pr\u00e4zise und gewissenhaft verarbeitet.<\/p>\n<p>3.1.3. Die personenbezogenen Daten werden st\u00e4ndig aktualisiert.<\/p>\n<p>3.1.4. Die personenbezogenen Daten werden nicht l\u00e4nger gespeichert, als dies f\u00fcr den Zweck der Datenverarbeitung erforderlich ist.<\/p>\n<p>3.1.5. Die Verarbeitung der personenbezogenen Daten erfolgt nur durch berechtigte Mitarbeiter.<\/p>\n<p>3.1.6. Gesamte Informationen \u00fcber verarbeitete personenbezogenen Daten sind vertraulich.<\/p>\n<p>3.2. Der K\u00e4ufer ist einverstanden, dass die personenbezogenen Daten, die er freiwillig angegeben hat, gem\u00e4\u00df folgenden Regeln verarbeitet werden:<\/p>\n<p>3.2.1. Der K\u00e4ufer hat das Recht auf Kenntnisnahme seiner personenbezogenen Daten, auf Kenntnis, welche personenbezogenen Daten von ihm wir erhoben haben, an welche Empf\u00e4nger die personenbezogenen Daten vermittelt werden und in dem letzten Jahr vermittelt wurden. Er hat das Recht auf Forderung, Korrekturen in seinen unkorrekten, unvollst\u00e4ndigen und ungenauen personenbezogenen Daten einzustellen. F\u00fcr all diese Zwecke kann er eine E-Mail auf die E-Mail-Adresse <a href=\"mailto:info@vivafertis.lt\">info@vivafertis.lt<\/a> schreiben. In dem Fall muss der Verk\u00e4ufer die Forderung des K\u00e4ufers unverz\u00fcglich (in 1-2 Tagen) erf\u00fcllen und die Daten des K\u00e4ufers l\u00f6schen oder zuverl\u00e4ssig anonymisieren. Wenn der Verk\u00e4ufer eine Gefahr f\u00fcr die personenbezogenen Daten sieht, ist er berechtigt, ein Personalausweis zur geeigneten Identifizierung der Person zu verlangen.<\/p>\n<p>3.3. Der f\u00fcr die Verarbeitung Verantwortliche anerkennt und beachtet die Privatsph\u00e4re von jedem K\u00e4ufer, der eine Bestellung in dem Online-Shop auf <a href=\"http:\/\/www.vivafertis.lt\" target=\"_blank\" rel=\"noopener\">www.vivafertis.lt<\/a> unternimmt. Der f\u00fcr die Verarbeitung Verantwortliche erhebt und verwendet die personenbezogenen Daten des K\u00e4ufers (Bezeichnung oder Vorname und Familienname, Adresse, Telefonnummer, E-Mail-Adresse und andere bei der Bestellung im Online-Shop angegebene Informationen) f\u00fcr Bearbeitung der Bestellungen von Waren oder Dienstleistungen oder Ausf\u00fchrung anderer angenommenen Verpflichtungen.<\/p>\n<p>3.4. Es ist im Online-Shop eine M\u00f6glichkeit gegeben, eigenes Einverst\u00e4ndnis bez\u00fcglich Verwendung der personenbezogenen Daten f\u00fcr bestimmte Zwecke des Direktmarketings (f\u00fcr Personen ab 14 Jahre) zu \u00e4u\u00dfern. Der K\u00e4ufer macht dies durch entsprechendes Ankreuzen (Zustimmung, dass seine personenbezogenen Daten f\u00fcr bestimmte Zwecke des Direktmarketings verwendet werden).\u00a0 Ab dem Zeitpunkt der ge\u00e4u\u00dferten Zustimmung sendet der Verk\u00e4ufer Newsletters auf die vom Kunden angegebene E-Mail-Adresse. Im Online-Shop www.vivafertis.lt ist es m\u00f6glich, das Newsletter abzulehnen (am Anfang des Newsletters kann man auf \u201eatsisakyti prenumeratos\u201c (\u201eAbonnieren ablehnen\u201c) dr\u00fccken und der Kunde wird kein Newsletter mehr bekommen).<\/p>\n<ol>\n<li><strong> VERMITTLUNG DER PERSONENBEZOGENEN DATEN AN DRITTPERSONEN<\/strong><\/li>\n<\/ol>\n<p>4.1. Der f\u00fcr die Verarbeitung Verantwortliche wird verpflichtet, die personenbezogenen Daten des K\u00e4ufers an keine Drittpersonen zu offenbaren. Ausgeschlossen sind Partner des f\u00fcr die Verarbeitung Verantwortlichen, die Dienste der Warenlieferung oder sonstige mit angemessener Ausf\u00fchrung des Auftrags verbundene Dienstleistungen aus\u00fcben. In allen anderen F\u00e4llen d\u00fcrfen die personenbezogenen Daten nur gem\u00e4\u00df Rechtsnormen der Republik Litauen offengelegt werden.<\/p>\n<ol>\n<li><strong> REGISTRATIONSREGELN<\/strong><\/li>\n<\/ol>\n<p>5.1. Der K\u00e4ufer muss im Registrationsformular seine vollst\u00e4ndigen, ausf\u00fchrlichen und richtigen Informationen angeben. Wenn der K\u00e4ufer im Formular der Registration ungenaue, falsche oder irref\u00fchrende Daten angibt, ist der f\u00fcr die Verarbeitung Verantwortliche berechtigt, die Registration des K\u00e4ufers zu annullieren und Daten zu l\u00f6schen oder Gebrauch des Online-Shops durch den K\u00e4ufer einzuschr\u00e4nken.<\/p>\n<p>5.2. Der K\u00e4ufer ist berechtigt, die im Registrationsformular angegebenen Informationen jederzeit zu \u00e4ndern \/ zu aktualisieren.<\/p>\n<ol>\n<li><strong> \u00c4NDERUNG DER REGELN<\/strong><\/li>\n<\/ol>\n<p>6.1. Der f\u00fcr die Verarbeitung Verantwortliche ist berechtigt, die Regeln teilweise oder ganz zu \u00e4ndern, nachdem er dies in dem Online-Shop www.vivafertis.lt bekannt gemacht hat.<\/p>\n<p>6.2. Erg\u00e4nzungen und \u00c4nderungen der Regeln gelten ab Bekanntmachung, d. h. von dem Tag, an dem Sie im Online-Shop <a href=\"http:\/\/www.vivafertis.lt\" target=\"_blank\" rel=\"noopener\">www.vivafertis.lt<\/a> platziert werden.<\/p>\n<p>6.3. Ist der K\u00e4ufer mit der neuen Fassung der Regeln nicht einverstanden, so hat er Recht, diese schriftlich abzulehnen.<\/p>\n<p>6.4. Wenn der K\u00e4ufer nach Erg\u00e4nzung oder \u00c4nderung der Regeln weiterhin Gebrauch von den Dienstleistungen des Online-Shops macht, gilt es, dass der K\u00e4ufer mit der neuen Fassung der Regeln einverstanden ist.<\/p>\n<p><strong>VII.\u00a0ANGABE UND SPEICHERUNG DER INFORMATIONEN<\/strong><\/p>\n<p>7.1. Gesamte Mitteilungen im Zusammenhang mit Verarbeitung der personenbezogenen Daten sind dem f\u00fcr die Verarbeitung Verantwortlichen per E-Mail info@vivafertis.lt oder per Post zu richten.<\/p>\n<p>7.2. Die Antwort des f\u00fcr die Verarbeitung Verantwortlichen erfolgt in derselben Form, in der eine Mitteilung oder Anspruch erhalten wurde.<\/p>\n<p>7.3. Sie k\u00f6nnen auch eine Beschwerde an die Staatliche Inspektion f\u00fcr Datenschutz, A. Juozapavi\u010diaus Str. 6, 09310 Vilnius, Litauen, Tel.: +370 5 271 2804, 279 1445, Fax: +370 5 261 9494, E-Mail: <a href=\"mailto:ada@ada.lt\">ada@ada.lt<\/a>, richten.<\/p>\n<p><strong>VIII. COOKIES<\/strong><\/p>\n<p>8.1. Wir informieren Sie, dass wir, um vollwertige Dienste auf unserer Webseite dem K\u00e4ufer anbieten zu k\u00f6nnen, im Computer (Ger\u00e4t) des K\u00e4ufers bestimmte Informationen (Cookies) speichern. Die gespeicherten Informationen dienen dem f\u00fcr die Verarbeitung Verantwortlichen zur Identifizierung des K\u00e4ufers als fr\u00fcheren Nutzers der Webseite sowie der Besuchsstatistik der Webseite. Der K\u00e4ufer kann jederzeit pr\u00fcfen, welche Informationen (Cookies) durch den f\u00fcr die Verarbeitung Verantwortlichen gespeichert werden, und kann einen Teil oder alle gespeicherten Cookies l\u00f6schen. Der f\u00fcr die Verarbeitung Verantwortliche speichert und kann einen Teil oder alle gespeicherten Cookies l\u00f6schen. \u00a0Der K\u00e4ufer ist ebenfalls zur Ablehnung der Speicherung und Verwendung der Informationen (Cookies) im Computer (Ger\u00e4t) des K\u00e4ufers berechtigt, in diesem Fall k\u00f6nnen jedoch manche Funktionen der Webseite f\u00fcr den K\u00e4ufer nicht zug\u00e4nglich sein. Mit Gebrauch des Online-Shops erkl\u00e4rt sich der K\u00e4ufer einverstanden, dass im Computer (Ger\u00e4t) des K\u00e4ufers Informationen gespeichert werden. Seine Zustimmung kann der K\u00e4ufer jederzeit widerrufen, indem er die Einstellungen seines Internetbrowsers \u00e4ndert oder sich an jeweiligen auf der Webseite angegebenen Kontakt des f\u00fcr die Verarbeitung Verantwortlichen wendet.<\/p>\n<p>F\u00fcr weitere Fragen oder Vorschl\u00e4ge schreiben Sie uns bitte auf <a href=\"mailto:info@vivafertis.lt\">info@vivafertis.lt<\/a>.<\/p>\n<p>&nbsp;<\/p>\n","protected":false},"excerpt":{"rendered":"<p>BEGRIFFE 1.1. F\u00fcr die Datenverarbeitung Verantwortlicher und Betreiber der Webseite (im Folgenden f\u00fcr die Verarbeitung Verantwortlicher genannt) ist die Fa. UAB &#8220;AGROCONSULT LT&#8221;, HR-Nr.: 302654044, USt.-IDNr.: LT100006313118, Postanschrift: Apylankos g. 6, U\u017eusali\u0173 k., LT-55333 Jonavos r., Republik Litauen, E-Mail-Adresse: info@vivafertis.lt. 1.2. Der K\u00e4ufer\u00a0 ist eine nat\u00fcrliche oder juristische Person, die Waren im Online-Shop www.vivafertis.lt gekauft [&hellip;]<\/p>\n","protected":false},"author":1,"featured_media":0,"parent":0,"menu_order":0,"comment_status":"closed","ping_status":"open","template":"","meta":{"inline_featured_image":false},"acf":[],"_links":{"self":[{"href":"https:\/\/vivafertis.com\/de\/wp-json\/wp\/v2\/pages\/5873"}],"collection":[{"href":"https:\/\/vivafertis.com\/de\/wp-json\/wp\/v2\/pages"}],"about":[{"href":"https:\/\/vivafertis.com\/de\/wp-json\/wp\/v2\/types\/page"}],"author":[{"embeddable":true,"href":"https:\/\/vivafertis.com\/de\/wp-json\/wp\/v2\/users\/1"}],"replies":[{"embeddable":true,"href":"https:\/\/vivafertis.com\/de\/wp-json\/wp\/v2\/comments?post=5873"}],"version-history":[{"count":2,"href":"https:\/\/vivafertis.com\/de\/wp-json\/wp\/v2\/pages\/5873\/revisions"}],"predecessor-version":[{"id":5875,"href":"https:\/\/vivafertis.com\/de\/wp-json\/wp\/v2\/pages\/5873\/revisions\/5875"}],"wp:attachment":[{"href":"https:\/\/vivafertis.com\/de\/wp-json\/wp\/v2\/media?parent=5873"}],"curies":[{"name":"wp","href":"https:\/\/api.w.org\/{rel}","templated":true}]}}