{"id":5893,"date":"2022-11-14T09:21:55","date_gmt":"2022-11-14T07:21:55","guid":{"rendered":"https:\/\/vivafertis.com\/?page_id=5893"},"modified":"2022-12-15T14:12:44","modified_gmt":"2022-12-15T12:12:44","slug":"lieferung","status":"publish","type":"page","link":"https:\/\/vivafertis.com\/de\/lieferung\/","title":{"rendered":"Lieferung"},"content":{"rendered":"<p><strong>Versand und Lieferung<\/strong><\/p>\n<p>Bestellung der Artikel ist auf dem vivafertis.lt-Online-Shop zu jeder Tageszeit und an jedem Wochentag m\u00f6glich. Bei der Bestellung der Artikel k\u00f6nnen Sie die bequemste Lieferungsart w\u00e4hlen: die Artikel k\u00f6nnen wir nach Hause oder in die n\u00e4chste Packstation liefern.<\/p>\n<p>Preis f\u00fcr Warenlieferung ist im ganzen Gebiet der Republik Litauen vom Gewicht und Wert der Waren abh\u00e4ngig. Dieser Preis wird bei der Bestellung genannt. Die Artikel werden auf die angegebene Adresse oder andere f\u00fcr den K\u00e4ufer bequeme Stelle geliefert.<\/p>\n<p>*F\u00fcr die Warenlieferung in die Kurische Nehrung gilt eine zus\u00e4tzliche Geb\u00fchr von 22\u00a0\u20ac, die gesondert zu zahlen ist.<\/p>\n<p>Die Warenlieferung dauert von 2 bis 20 Arbeitstagen nach Ihrer Zahlung und Eingang des Geldes auf das Konto der Fa. &#8220;AGROCONSULT LT&#8221; UAB.<\/p>\n<p>\u00dcber Ihre dringenden Bestellungen schreiben Sie uns auf die E-Mail-Adresse info@vivafertis.lt (die Dienstleistung wird nur auf dem ganzen Europa ausgef\u00fchrt).<\/p>\n<p>Die Lieferung der Waren an den K\u00e4ufer erfolgen per Postdienste der Gesellschaften DPD, Lietuvos Pa\u0161tas (Litauische Post), DHL, Venipak, Eil-Kurier-Post oder jeden anderen von uns f\u00fcr Zustellungen beauftragten Kurier. Bei \u00dcbernahme der Waren muss der K\u00e4ufer die Sendung auf die Richtigkeit der Zusammenstellung und auf den Warenzustand pr\u00fcfen. Nach Annahme der Waren und Unterzeichnung der Lieferpapiere ohne Anmerkungen gilt, dass die im Packet befindlichen Gegenst\u00e4nde ordnungsentsprechend sind, die Lieferung ordnungsgem\u00e4\u00df zugestellt wurde und keine Partei aus dem Verh\u00e4ltnis Anspr\u00fcche bez\u00fcglich der in der Lieferung befindlichen Waren hat. Wenn Sie diese Handlungen nicht ausf\u00fchren, wir \u00fcbernehmen keine Haftung f\u00fcr:<\/p>\n<ol>\n<li>Besch\u00e4digung der Waren, wenn Grund dieser Besch\u00e4digung nicht ein Ausschluss des Herstellers ist;<\/li>\n<li>Abweichungen von der Zusammenstellung, wenn solche Abweichungen sich durch \u00e4u\u00dfere Pr\u00fcfung feststellen lassen.<\/li>\n<\/ol>\n<p>Waren mit dem Gewicht \u00fcber 30 kg werden nur bis zum Hause des Empf\u00e4ngers geliefert.<\/p>\n<p>Bei der Zustellung hat der K\u00e4ufer einen Personalausweis vorzulegen. In den F\u00e4llen, wenn die die Waren \u00fcbernehmende Person von unseren Angaben \u00fcber den Auftraggeber abweicht, oder herausgestellt wird, dass bei der Registrierung auf der Webseite falsche oder von der Realit\u00e4t abweichende Daten angegeben wurden, oder dass die die Waren \u00fcbernehmende Person unter 16 Jahren ist und zum Zeitpunkt der Lieferung noch nicht handlungsf\u00e4hig ist, sind wir berechtigt, die Zustellung an den Auftraggeber abzulehnen, ohne etwaige Rechtsfolgen zu bewirken. Wir haften nicht f\u00fcr die Fehler oder Unstimmigkeiten, die bei der Eintragung der Daten gemacht wurden, deswegen empfehlen wir, Ihre Daten und die Lieferadresse bei der Registrierung besonders gr\u00fcndlich einzutragen und nochmals zu pr\u00fcfen.<\/p>\n<p><strong>VERSP\u00c4TUNG DER LIEFERUNG DER BESTELLTEN WAREN <\/strong><\/p>\n<p>Wir unternehmen alles M\u00f6gliche, um die zeitgerechte Lieferung der bestellten und bezahlten Ware zu sichern. Die F\u00e4lle der Versp\u00e4tung k\u00f6nnen jedoch wegen von uns unabh\u00e4ngigen oder unvorhergesehenen Umst\u00e4nden vorkommen. Weder vivafertis.lt, noch unser beauftragter Absender oder Frachtf\u00fchrer kann absolut sichern, dass das gekaufte Artikel Sie gerade innerhalb der vorgesehenen Frist erreicht. Wir haften ebenso nicht f\u00fcr etwaige Folgen, die eine sp\u00e4tere Lieferung als die auf unserer Webseite angegebene \u00fcbliche Lieferfrist verursachen k\u00f6nnen. Gesamtes Risiko f\u00fcr Verluste oder den Schaden wegen Lieferdatum und Lieferdauer \u00fcbernimmt der K\u00e4ufer.<\/p>\n<p>&nbsp;<\/p>\n","protected":false},"excerpt":{"rendered":"<p>Versand und Lieferung Bestellung der Artikel ist auf dem vivafertis.lt-Online-Shop zu jeder Tageszeit und an jedem Wochentag m\u00f6glich. Bei der Bestellung der Artikel k\u00f6nnen Sie die bequemste Lieferungsart w\u00e4hlen: die Artikel k\u00f6nnen wir nach Hause oder in die n\u00e4chste Packstation liefern. Preis f\u00fcr Warenlieferung ist im ganzen Gebiet der Republik Litauen vom Gewicht und Wert [&hellip;]<\/p>\n","protected":false},"author":1,"featured_media":0,"parent":0,"menu_order":0,"comment_status":"closed","ping_status":"closed","template":"","meta":{"inline_featured_image":false},"acf":[],"_links":{"self":[{"href":"https:\/\/vivafertis.com\/de\/wp-json\/wp\/v2\/pages\/5893"}],"collection":[{"href":"https:\/\/vivafertis.com\/de\/wp-json\/wp\/v2\/pages"}],"about":[{"href":"https:\/\/vivafertis.com\/de\/wp-json\/wp\/v2\/types\/page"}],"author":[{"embeddable":true,"href":"https:\/\/vivafertis.com\/de\/wp-json\/wp\/v2\/users\/1"}],"replies":[{"embeddable":true,"href":"https:\/\/vivafertis.com\/de\/wp-json\/wp\/v2\/comments?post=5893"}],"version-history":[{"count":2,"href":"https:\/\/vivafertis.com\/de\/wp-json\/wp\/v2\/pages\/5893\/revisions"}],"predecessor-version":[{"id":5895,"href":"https:\/\/vivafertis.com\/de\/wp-json\/wp\/v2\/pages\/5893\/revisions\/5895"}],"wp:attachment":[{"href":"https:\/\/vivafertis.com\/de\/wp-json\/wp\/v2\/media?parent=5893"}],"curies":[{"name":"wp","href":"https:\/\/api.w.org\/{rel}","templated":true}]}}