{"id":5905,"date":"2022-11-14T09:20:30","date_gmt":"2022-11-14T07:20:30","guid":{"rendered":"https:\/\/vivafertis.com\/?page_id=5905"},"modified":"2022-12-15T14:18:02","modified_gmt":"2022-12-15T12:18:02","slug":"geschaeftsbedingungen","status":"publish","type":"page","link":"https:\/\/vivafertis.com\/de\/geschaeftsbedingungen\/","title":{"rendered":"Gesch\u00e4ftsbedingungen"},"content":{"rendered":"<ol>\n<li><strong> A<\/strong><strong>llgemeine Bestimmungen<\/strong><\/li>\n<\/ol>\n<p>1.1. Vorliegende Kauf-Verkaufsregeln (im Folgenden Regeln genannt) sind nach Best\u00e4tigung durch den K\u00e4ufer \u00a0(Ankreuzen beim Kauf der Waren, dass Sie den Regeln von\u00a0 \u201ewww.vivafertis.lt \u201c zustimmen), verbindliches Rechtsdokument f\u00fcr die Parteien, mit dem Rechte und Pflichten des K\u00e4ufers und des Verk\u00e4ufers, Bedingungen f\u00fcr den Erwerb der Waren und Bezahlung, Ordnung f\u00fcr Zustellung und R\u00fccksendung der Waren, Haftung der Parteien und andere Bestimmungen im Zusammenhang mit Warenkauf und Warenverkauf im Online-Shop \u00a0\u201ewww.vivafertis.lt\u201c (im Folgenden Shop) festgelegt werden.<\/p>\n<p>1.2. Das Recht des Verk\u00e4ufers auf \u00c4nderung, Berichtigung oder Erg\u00e4nzung der Regeln nach Anforderungen der Rechtsnormen wird vorbehalten.<\/p>\n<ol start=\"2\">\n<li><strong> Schutz der personenbezogenen Daten<\/strong><\/li>\n<\/ol>\n<p>2.1. Jede Information im Zusammenhang mit den personenbezogenen Daten, die im Shop registriert wird, gilt als geheim und nicht \u00f6ffentlich.<\/p>\n<ol start=\"3\">\n<li><strong> Rechte des K\u00e4ufers<\/strong><\/li>\n<\/ol>\n<p>3.1. Der K\u00e4ufer hat das Recht auf den Warenkauf im Shop gem\u00e4\u00df hier festgelegten Regeln.<\/p>\n<p>3.2. Der K\u00e4ufer ist berechtigt, den Kaufvertrag f\u00fcr Waren, abgeschlossen mit dem Shop, abzulehnen, wor\u00fcber er den Verk\u00e4ufer sp\u00e4testens in 14 (vierzehn) Tagen nach Abschluss des vorliegenden Vertrags schriftlich (per E-Mail durch Angabe der Ware, die der K\u00e4ufer zur\u00fcckgeben m\u00f6chte, und ihrer Auftragsnummer) unterrichtet.<\/p>\n<p>3.3. Von dem Recht nach Ziff. 3.2. kann der K\u00e4ufer nur dann Gebrauch machen, wenn die Ware durch den K\u00e4ufer unbesch\u00e4digt oder \u00e4u\u00dferlich unver\u00e4ndert ist, und wenn die Ware nicht verwendet wurde.<\/p>\n<p>3.4. Der K\u00e4ufer ist verpflichtet, andere Anforderungen der Regeln und der Vorschriften der Republik Litauen und der Europ\u00e4ischen Union einzuhalten.<\/p>\n<ol start=\"4\">\n<li><strong> Verpflichtungen des K\u00e4ufers<\/strong><\/li>\n<\/ol>\n<p>4.1. Der K\u00e4ufer ist zur Zahlung f\u00fcr die Waren und ihre Annahme gem\u00e4\u00df diesen Regelungen verpflichtet.<\/p>\n<ol start=\"5\">\n<li><strong> Rechte des Verk\u00e4ufers<\/strong><\/li>\n<\/ol>\n<p>5.1. Bei Versuchen des K\u00e4ufers, der stabilen T\u00e4tigkeit oder Sicherheit des Shops zu sch\u00e4digen, oder beim Verletzen seiner Verpflichtungen ist der Verk\u00e4ufer berechtigt, die Nutzung des Shops unverz\u00fcglich und ohne vorherige Ank\u00fcndigung einzuschr\u00e4nken oder einzustellen, in besonderen F\u00e4llen auch die Registrierung des K\u00e4ufers zu l\u00f6schen.<\/p>\n<p>5.2. Der Verk\u00e4ufer ist berechtigt, die Bestellung des K\u00e4ufers unangek\u00fcndigt zu l\u00f6schen, wenn der K\u00e4ufer in 1 (einem) Arbeitstag f\u00fcr die Waren nicht zahlt.<\/p>\n<ol start=\"6\">\n<li><strong> Verpflichtungen des Verk\u00e4ufers<\/strong><\/li>\n<\/ol>\n<p>6.1. Der Verk\u00e4ufer verpflichtet sich, die Privatsph\u00e4re hinsichtlich der personenbezogenen Daten des K\u00e4ufers, angegeben in der Registrationsform des Shops, zu achten, diese an Drittpersonen nicht offenzulegen, au\u00dfer in F\u00e4llen gem\u00e4\u00df Rechtsnormen der Republik Litauen und der Europ\u00e4ischen Union.<\/p>\n<p>6.2. Der Verk\u00e4ufer verpflichtet sich, die von dem K\u00e4ufer bestellten Waren auf die von ihm genannte Adresse nach Bedingungen laut Ziff. 8 der Regeln zu liefern.<\/p>\n<p>6.3. Sollte der Verk\u00e4ufer wegen wichtigen Umst\u00e4nden die bestellte Ware nicht liefern k\u00f6nnen, verpflichtet er sich, eine analoge oder m\u00f6glichst \u00e4hnliche in ihren Eigenschaften Ware zustellen. Wird die analoge oder nach Eigenschaften \u00e4hnlichste Ware durch den K\u00e4ufer abgelehnt, wird der Verk\u00e4ufer verpflichtet, das bezahlte Geld in 3 (drei) Arbeitstagen zur\u00fcckzuzahlen, wenn eine Vorauszahlung get\u00e4tigt wurde.<\/p>\n<ol start=\"7\">\n<li><strong> Warenpreise, Zahlungsordnung und Zahlungsfristen<\/strong><\/li>\n<\/ol>\n<p>7.1. Preise der Waren im Shop und in dem erstellten Auftrag werden in Euro mit MwSt. angegeben.<\/p>\n<p>7.2. Der K\u00e4ufer rechnet f\u00fcr die Waren in einem von den folgenden Wegen ab:<\/p>\n<p>7.2.1. Bezahlung per E-Banking ist eine Voranzahlung, bei dieser E-Banking-System des K\u00e4ufers genutzt wird. Der K\u00e4ufer, der von dieser Zahlungsform Gebrauch machen m\u00f6chte, sollte einen E-Banking-Vertrag mit einem von dem auf unserer Webseite angegebenen Banken unterschrieben haben. Bei solcher Bezahlung wird im E-Banking-System eine Zahlung f\u00fcr den K\u00e4ufer nach seinem zu bezahlenden Auftrag generiert. Die Haftung f\u00fcr den Datenschutz tr\u00e4gt in diesen Fall die entsprechende Bank, da die gesamten Operationen in dem E-Banking-System vorgehen. Bankzahlungen im Shop erfolgen per <a href=\"http:\/\/www.paysera.lt\" target=\"_blank\" rel=\"noopener\">www.paysera.lt<\/a>, elektronische Zahlungssysteme Stripe, Paypall.<\/p>\n<p>7.3. Bei Abrechnung ist der K\u00e4ufer verpflichtet, f\u00fcr die Waren vor Abnahme der Ware zu zahlen. In den genannten F\u00e4llen beginnt die Zusammenstellung der Sendung und die Berechnung der Zustellungsfrist erst nach Eingang der Zahlung.<\/p>\n<ol start=\"8\">\n<li><strong> Zustellung der Waren<\/strong><\/li>\n<\/ol>\n<p>8.1. Der K\u00e4ufer ist verpflichtet, bei Bestellung der Waren den Ort f\u00fcr die Zustellung der Waren und Telefonnummer anzugeben.<\/p>\n<p>8.2. Der K\u00e4ufer ist verpflichtet, die Waren selber abzunehmen. In dem Fall, wenn er die Waren selber nicht abnehmen kann und die Waren an die angegebene Adresse und nach anderen durch den K\u00e4ufer angegebenen Daten zugestellt sind, sind die Anspr\u00fcche des K\u00e4ufers wegen Zustellung an ungeeignetes Subjekt ausgeschlossen.<\/p>\n<p>8.3. Die Waren werden durch den Verk\u00e4ufer oder von ihm beauftragten Vertreter (Post, Kurierdienst) zugestellt.<\/p>\n<p>8.4. Der Verk\u00e4ufer verpflichtet sich zur Zustellung der Waren an den K\u00e4ufer unter Einhaltung der in den Warenbeschreibungen angegebenen Fristen. Diese Fristen gelten in den F\u00e4llen nicht, wenn im Lager des Verk\u00e4ufers die erforderliche Ware nicht vorhanden ist und der K\u00e4ufer \u00fcber Mangel an die von ihm bestellte Ware informiert wurde. Dabei stimmt der K\u00e4ufer zu, dass es in Ausnahmef\u00e4llen die Warenzustellung wegen unvorhergesehenen Umst\u00e4nden, die der Verk\u00e4ufer nicht zu vertreten hat, in Versp\u00e4tung kommen k\u00f6nnen. In diesem Fall verpflichtet sich der Verk\u00e4ufer, den K\u00e4ufer unverz\u00fcglich zu kontaktieren und die Fragen der Warenzustellung abzustimmen.<\/p>\n<p>8.5. In allen F\u00e4llen wird der Verk\u00e4ufer von der Haftung f\u00fcr den Versto\u00df gegen die Fristen f\u00fcr Warenzustellung befreit, wenn die Nichtzustellung oder nicht rechtzeitige Zustellung der Waren auf die Schuld des K\u00e4ufers oder die Umst\u00e4nde, die dieser zu vertreten hat, zur\u00fcckzuf\u00fchren ist.<\/p>\n<p>8.6. Am Zeitpunkt der Warenzustellung muss der K\u00e4ufer mit dem Verk\u00e4ufer oder dem von ihm beauftragten Vertreter den Zustand der Sendung pr\u00fcfen. Mit Unterschreibung des K\u00e4ufers auf der Rechnung (Frachtbrief) oder einem anderen Dokument \u00fcber Abgabe der Sendung gilt, dass die Sendung im angemessenen Zustand \u00fcbergegeben wurde.<\/p>\n<p>8.7. In dem Fall, wenn der K\u00e4ufer nach Ziffer 4.2. den Kaufvertrag ablehnt, so wird er verpflichtet, gesamte unmittelbar bei der R\u00fcckgabe der Ware f\u00fcr den Verk\u00e4ufer entstandenen Kosten gem\u00e4\u00df den oben in der Tabelle angegebenen Transportpreisen zu begleichen. Dieser Betrag der f\u00fcr den Verk\u00e4ufer entstandenen Kosten wird von dem zur\u00fcckzuzahlenden Betrag f\u00fcr die zur\u00fcckgegebene(n) Ware(n) abgezogen. Wenn der gutgeschriebene Betrag die Forderung des Verk\u00e4ufers nicht vollst\u00e4ndig deckt, d. h. die Kosten der R\u00fcckgabe der Ware den Wert der zur\u00fcckgegebene(n) Ware(n) \u00fcberschreiten, wird der K\u00e4ufer verpflichtet, den Restbetrag innerhalb von 15 Tagen dem Verk\u00e4ufer zu zahlen.<\/p>\n<p>8.8. Ausf\u00fchrliche Informationen \u00fcber die Zustellung der Waren finden Sie auf der Webseite des Shops (s. Information \u2013 Zustellung der Waren).<\/p>\n<p>8.9. Bei Abholung der Waren im Sitz der Gesellschaft sind die Waren in 3 Arbeitstagen nach Erhalt der Mitteilung \u00fcber bereitgestellte Waren abzuholen.<\/p>\n<ol start=\"9\">\n<li><strong> Qualit\u00e4t der Waren und Bedingungen der R\u00fcckgabe<\/strong><\/li>\n<\/ol>\n<p>9.1. Der Verk\u00e4ufer haftet nicht daf\u00fcr, dass die Ware im Shop in ihrer Farbe, Form oder anderen Parametern abweichen kann und dies an den Eigenschaften des von dem K\u00e4ufer verwendeten Bildschirms zugrunde liegt.<\/p>\n<p>9.2. Defekte oder von der Qualit\u00e4t abweichende Waren kann der K\u00e4ufer in 7 Kalendertagen nach Erhalt der Ware zur\u00fcckgeben, nachdem er dar\u00fcber schriftlich den Verk\u00e4ufer unterrichtet hat und dabei die Ware, die er zur\u00fcckzugeben beabsichtigt, und die Auftragsnummer angegeben hat.<\/p>\n<p>9.3. Das Geld f\u00fcr den zur\u00fcckgegebenen Artikel wird in 30 Tagen nach Erhalt des Schreibens zur\u00fcckgezahlt.<\/p>\n<p>9.4. Der K\u00e4ufer deckt die Kosten der R\u00fcckgabe, wenn der gelieferte Artikel dem in der Bestellung angegebenen entspricht (d. h. der K\u00e4ufer diese Ware erhalten hat, die er bestellt hat). Die Kosten der R\u00fcckgabe deckt der K\u00e4ufer auch in dem Fall, wenn die Ware kostenlos geliefert wurde.<\/p>\n<p>9.5. Hat der K\u00e4ufer eine defekte oder bei der Lieferung besch\u00e4digte Ware erhalten, so wird der Verk\u00e4ufer die genannte Ware umtauschen (oder, wenn der Umtausch unm\u00f6glich ist, das Geld zur\u00fcckzahlen), und die Kosten der R\u00fcckgabe erstatten.<\/p>\n<ol start=\"10\">\n<li><strong> Haftung<\/strong><\/li>\n<\/ol>\n<p>10.1. Der K\u00e4ufer ist g\u00e4nzlich verantwortlich f\u00fcr die Richtigkeit der in der Registrationsform angegebenen Daten. Bei Angabe ungenauer Daten in der Registrationsform durch den K\u00e4ufer haftet der Verk\u00e4ufer f\u00fcr die daraus entstandenen Folgen nicht.<\/p>\n<p>10.2. Der K\u00e4ufer ist f\u00fcr Weitergabe seiner Anmeldungsdaten an Drittpersonen verantwortlich. Nimmt eine Drittperson die Dienstleistungen des Shops in Anspruch und dabei mit Anmeldungsdaten im Shop angemeldet ist, gilt er f\u00fcr den Verk\u00e4ufer als K\u00e4ufer.<\/p>\n<p>10.3. Der Verk\u00e4ufer wird von jeder Haftung befreit, wenn die Sch\u00e4den daraus entstehen, dass der K\u00e4ufer, ungeachtet der Empfehlungen des Verk\u00e4ufers und seiner Verpflichtungen, diese Regeln in Kenntnis nicht genommen hat, obwohl eine solche M\u00f6glichkeit ihm gew\u00e4hrt wurde.<\/p>\n<p>10.4. Wenn es im Shop Links auf die Webseiten anderer Unternehmen, Einrichtungen, Organisationen oder Personen gibt, tr\u00e4gt der Verk\u00e4ufer keine Haftung f\u00fcr die dort befindlichen Informationen oder ausge\u00fcbte T\u00e4tigkeit, sorgt f\u00fcr die Webseiten nicht, kontrolliert sie nicht und vertritt diesen Unternehmen und Personen nicht.<\/p>\n<p>10.5. In einem Schadensfall deckt die schuldige Partei den unmittelbaren Schaden der anderen Partei.<\/p>\n<ol start=\"11\">\n<li><strong> Schlussbestimmungen<\/strong><\/li>\n<\/ol>\n<p>11.1. Dieser Vertrag gilt ab dem Zeitpunkt der Bezahlung f\u00fcr die Artikel.<\/p>\n<p>11.2. Diese Regeln wurden gem\u00e4\u00df Rechtsnormen der Republik Litauen und der Europ\u00e4ischen Union erfasst.<\/p>\n<p>11.3. F\u00fcr das aufgrund dieser Regeln entstandene Verh\u00e4ltnis gilt das Recht der Republik Litauen und der Europ\u00e4ischen Union.<\/p>\n<p>11.4. Gesamte Uneinigkeiten aus der Ausf\u00fchrung dieser Regeln werden im Wege der Verhandlungen gel\u00f6st. Erfolgt die Einigung nicht, werden die Streitigkeiten nach Gesetzen der Republik Litauen nach \u00f6rtlicher Zust\u00e4ndigkeit des Verk\u00e4ufers beigelegt.<\/p>\n<p>&nbsp;<\/p>\n","protected":false},"excerpt":{"rendered":"<p>Allgemeine Bestimmungen 1.1. Vorliegende Kauf-Verkaufsregeln (im Folgenden Regeln genannt) sind nach Best\u00e4tigung durch den K\u00e4ufer \u00a0(Ankreuzen beim Kauf der Waren, dass Sie den Regeln von\u00a0 \u201ewww.vivafertis.lt \u201c zustimmen), verbindliches Rechtsdokument f\u00fcr die Parteien, mit dem Rechte und Pflichten des K\u00e4ufers und des Verk\u00e4ufers, Bedingungen f\u00fcr den Erwerb der Waren und Bezahlung, Ordnung f\u00fcr Zustellung und [&hellip;]<\/p>\n","protected":false},"author":1,"featured_media":0,"parent":0,"menu_order":0,"comment_status":"closed","ping_status":"closed","template":"","meta":{"inline_featured_image":false},"acf":[],"_links":{"self":[{"href":"https:\/\/vivafertis.com\/de\/wp-json\/wp\/v2\/pages\/5905"}],"collection":[{"href":"https:\/\/vivafertis.com\/de\/wp-json\/wp\/v2\/pages"}],"about":[{"href":"https:\/\/vivafertis.com\/de\/wp-json\/wp\/v2\/types\/page"}],"author":[{"embeddable":true,"href":"https:\/\/vivafertis.com\/de\/wp-json\/wp\/v2\/users\/1"}],"replies":[{"embeddable":true,"href":"https:\/\/vivafertis.com\/de\/wp-json\/wp\/v2\/comments?post=5905"}],"version-history":[{"count":1,"href":"https:\/\/vivafertis.com\/de\/wp-json\/wp\/v2\/pages\/5905\/revisions"}],"predecessor-version":[{"id":5906,"href":"https:\/\/vivafertis.com\/de\/wp-json\/wp\/v2\/pages\/5905\/revisions\/5906"}],"wp:attachment":[{"href":"https:\/\/vivafertis.com\/de\/wp-json\/wp\/v2\/media?parent=5905"}],"curies":[{"name":"wp","href":"https:\/\/api.w.org\/{rel}","templated":true}]}}