{"id":8693,"date":"2023-06-14T15:55:12","date_gmt":"2023-06-14T12:55:12","guid":{"rendered":"https:\/\/vivafertis.com\/?post_type=product&#038;p=8693"},"modified":"2023-06-16T11:45:09","modified_gmt":"2023-06-16T08:45:09","slug":"premium-duenger-fuer-zierpflanzen-und-blumen","status":"publish","type":"product","link":"https:\/\/vivafertis.com\/de\/produkt\/premium-duenger-fuer-zierpflanzen-und-blumen\/","title":{"rendered":"PREMIUM D\u00dcNGER F\u00dcR ZIERPFLANZEN UND BLUMEN"},"content":{"rendered":"<p>Spezialisierte Formel, perfekt angepasst an Bedarf von allen Arten der Nadelpflanzen und immergr\u00fcner Pflanzen, auch f\u00fcr Zierpflanzen (z. B., Rhododendren und Azalien), Blumen.<\/p>\n<p>Dieses Flaschendesign verhindert, dass der Benutzer D\u00fcngemittel \u00fcberdosiert oder versch\u00fcttet. Sie m\u00fcssen keine alten Dosiermesskappen verwenden, die Ihre H\u00e4nde schmutzig machen. Mit dieser Flasche erreicht der Anwender ein H\u00f6chstma\u00df an Sauberkeit und Genauigkeit.<\/p>\n","protected":false},"excerpt":{"rendered":"<p>Leicht aufnehmbarer, effektiver Komplexd\u00fcnger. Spezialisierte Formel, perfekt angepasst an Bedarf von allen Arten der Nadelpflanzen und immergr\u00fcner Pflanzen, auch f\u00fcr Zierpflanzen (z. B., Rhododendren und Azalien), Blumen.<\/p>\n","protected":false},"featured_media":10894,"template":"","meta":{"inline_featured_image":false},"product_cat":[562,277,169,430],"product_tag":[],"acf":[],"_links":{"self":[{"href":"https:\/\/vivafertis.com\/de\/wp-json\/wp\/v2\/product\/8693"}],"collection":[{"href":"https:\/\/vivafertis.com\/de\/wp-json\/wp\/v2\/product"}],"about":[{"href":"https:\/\/vivafertis.com\/de\/wp-json\/wp\/v2\/types\/product"}],"wp:featuredmedia":[{"embeddable":true,"href":"https:\/\/vivafertis.com\/de\/wp-json\/wp\/v2\/media\/10894"}],"wp:attachment":[{"href":"https:\/\/vivafertis.com\/de\/wp-json\/wp\/v2\/media?parent=8693"}],"wp:term":[{"taxonomy":"product_cat","embeddable":true,"href":"https:\/\/vivafertis.com\/de\/wp-json\/wp\/v2\/product_cat?post=8693"},{"taxonomy":"product_tag","embeddable":true,"href":"https:\/\/vivafertis.com\/de\/wp-json\/wp\/v2\/product_tag?post=8693"}],"curies":[{"name":"wp","href":"https:\/\/api.w.org\/{rel}","templated":true}]}}