{"id":8718,"date":"2023-06-14T15:55:12","date_gmt":"2023-06-14T12:55:12","guid":{"rendered":"https:\/\/vivafertis.com\/?post_type=product&#038;p=8718"},"modified":"2023-06-16T11:35:44","modified_gmt":"2023-06-16T08:35:44","slug":"premium-duenger-fuer-straeucher-und-baeume","status":"publish","type":"product","link":"https:\/\/vivafertis.com\/de\/produkt\/premium-duenger-fuer-straeucher-und-baeume\/","title":{"rendered":"PREMIUM D\u00dcNGER F\u00dcR STR\u00c4UCHER UND B\u00c4UME"},"content":{"rendered":"<p>Enth\u00e4lt organische Inhaltsstoffe, die die im Boden enthaltenen Keime ern\u00e4hren.<\/p>\n<p>Zum Anwenden f\u00fcr alle bl\u00fchenden B\u00e4ume, Str\u00e4ucher und azidophile (s\u00e4ureliebenden) Pflanzen. Hilft bei Erhaltung der tiefen gr\u00fcnen Laubfarbe und des farbigen Bl\u00fchens w\u00e4hrend der ganzen Saison. Der D\u00fcnger ist besonders wirkungsvoll f\u00fcr junge B\u00e4ume.<\/p>\n<p>Dieses Flaschendesign verhindert, dass der Benutzer D\u00fcngemittel \u00fcberdosiert oder versch\u00fcttet. Sie m\u00fcssen keine alten Dosiermesskappen verwenden, die Ihre H\u00e4nde schmutzig machen. Mit dieser Flasche erreicht der Anwender ein H\u00f6chstma\u00df an Sauberkeit und Genauigkeit.<\/p>\n","protected":false},"excerpt":{"rendered":"<p>F\u00f6rdert schnelle Wurzelentwicklung. Enth\u00e4lt organische Inhaltsstoffe, die die im Boden enthaltenen Keime ern\u00e4hren.<br \/>\nZum Anwenden f\u00fcr alle bl\u00fchenden B\u00e4ume, Str\u00e4ucher und azidophile (s\u00e4ureliebenden) Pflanzen. Hilft bei Erhaltung der tiefen gr\u00fcnen Laubfarbe und des farbigen Bl\u00fchens w\u00e4hrend der ganzen Saison. Der D\u00fcnger ist besonders wirkungsvoll f\u00fcr junge B\u00e4ume.<\/p>\n","protected":false},"featured_media":10884,"template":"","meta":{"inline_featured_image":false},"product_cat":[277,169],"product_tag":[],"acf":[],"_links":{"self":[{"href":"https:\/\/vivafertis.com\/de\/wp-json\/wp\/v2\/product\/8718"}],"collection":[{"href":"https:\/\/vivafertis.com\/de\/wp-json\/wp\/v2\/product"}],"about":[{"href":"https:\/\/vivafertis.com\/de\/wp-json\/wp\/v2\/types\/product"}],"wp:featuredmedia":[{"embeddable":true,"href":"https:\/\/vivafertis.com\/de\/wp-json\/wp\/v2\/media\/10884"}],"wp:attachment":[{"href":"https:\/\/vivafertis.com\/de\/wp-json\/wp\/v2\/media?parent=8718"}],"wp:term":[{"taxonomy":"product_cat","embeddable":true,"href":"https:\/\/vivafertis.com\/de\/wp-json\/wp\/v2\/product_cat?post=8718"},{"taxonomy":"product_tag","embeddable":true,"href":"https:\/\/vivafertis.com\/de\/wp-json\/wp\/v2\/product_tag?post=8718"}],"curies":[{"name":"wp","href":"https:\/\/api.w.org\/{rel}","templated":true}]}}