{"id":8728,"date":"2023-06-15T14:19:56","date_gmt":"2023-06-15T11:19:56","guid":{"rendered":"https:\/\/vivafertis.com\/?post_type=product&#038;p=8728"},"modified":"2023-06-16T11:09:12","modified_gmt":"2023-06-16T08:09:12","slug":"premium-duenger-fuer-bluehende-und-balkonpflanzen","status":"publish","type":"product","link":"https:\/\/vivafertis.com\/de\/produkt\/premium-duenger-fuer-bluehende-und-balkonpflanzen\/","title":{"rendered":"PREMIUM D\u00dcNGER F\u00dcR BL\u00dcHENDE UND BALKONPFLANZEN"},"content":{"rendered":"<p>Moderne und ausgewogene fl\u00fcssige Komplexd\u00fcnger mit Ascophyllum nodosum Meeresalgenextrakt, angereichert mit den wichtigsten Spurenelementen. Die im D\u00fcnger enthaltenen N\u00e4hrstoffe werden leicht aufgenommen. F\u00fcr Blumen und bl\u00fchende Zierpflanzen (Rosen, Pelargonien, Orchideen, Azalien, Chrysanthemen, Fuchsien, Petunien, Palmen, Feigen, Dracaena, Schefflera, Yuccas und dekorative Zitrusb\u00e4umchen) geeignet.<\/p>\n<p>Dieses Flaschendesign verhindert, dass der Benutzer D\u00fcngemittel \u00fcberdosiert oder versch\u00fcttet. Sie m\u00fcssen keine alten Dosiermesskappen verwenden, die Ihre H\u00e4nde schmutzig machen. Mit dieser Flasche erreicht der Anwender ein H\u00f6chstma\u00df an Sauberkeit und Genauigkeit.<\/p>\n","protected":false},"excerpt":{"rendered":"<p>Lassen Sie die Blumen ihr volles Potential entfalten! Moderne und ausgewogene fl\u00fcssige Komplexd\u00fcnger mit Ascophyllum nodosum Meeresalgenextrakt, angereichert mit den wichtigsten Spurenelementen. Die im D\u00fcnger enthaltenen N\u00e4hrstoffe werden leicht aufgenommen. F\u00fcr Blumen und bl\u00fchende Zierpflanzen (Rosen, Pelargonien, Orchideen, Azalien, Chrysanthemen, Fuchsien, Petunien, Palmen, Feigen, Dracaena, Schefflera, Yuccas und dekorative Zitrusb\u00e4umchen) geeignet.<\/p>\n","protected":false},"featured_media":10879,"template":"","meta":{"inline_featured_image":false},"product_cat":[104,103],"product_tag":[],"acf":[],"_links":{"self":[{"href":"https:\/\/vivafertis.com\/de\/wp-json\/wp\/v2\/product\/8728"}],"collection":[{"href":"https:\/\/vivafertis.com\/de\/wp-json\/wp\/v2\/product"}],"about":[{"href":"https:\/\/vivafertis.com\/de\/wp-json\/wp\/v2\/types\/product"}],"wp:featuredmedia":[{"embeddable":true,"href":"https:\/\/vivafertis.com\/de\/wp-json\/wp\/v2\/media\/10879"}],"wp:attachment":[{"href":"https:\/\/vivafertis.com\/de\/wp-json\/wp\/v2\/media?parent=8728"}],"wp:term":[{"taxonomy":"product_cat","embeddable":true,"href":"https:\/\/vivafertis.com\/de\/wp-json\/wp\/v2\/product_cat?post=8728"},{"taxonomy":"product_tag","embeddable":true,"href":"https:\/\/vivafertis.com\/de\/wp-json\/wp\/v2\/product_tag?post=8728"}],"curies":[{"name":"wp","href":"https:\/\/api.w.org\/{rel}","templated":true}]}}