{"id":8737,"date":"2023-06-15T13:40:07","date_gmt":"2023-06-15T10:40:07","guid":{"rendered":"https:\/\/vivafertis.com\/?post_type=product&#038;p=8737"},"modified":"2023-06-16T11:13:23","modified_gmt":"2023-06-16T08:13:23","slug":"premium-universalduenger","status":"publish","type":"product","link":"https:\/\/vivafertis.com\/de\/produkt\/premium-universalduenger\/","title":{"rendered":"PREMIUM UNIVERSALD\u00dcNGER"},"content":{"rendered":"<p>Stickstoff-, Phosphor- und Kalium-Komplexd\u00fcnger mit Humin- und Fulvos\u00e4uren, angereichert mit den wichtigsten Spurenelementen f\u00fcr Setzlinge, Gew\u00e4chshaus- und Freilandgem\u00fcse, Obst, Zimmer-, Balkon- und Freilandpflanzen, Garten- und Zierpflanzen, Rasen.<\/p>\n<p>Dieses Flaschendesign verhindert, dass der Benutzer D\u00fcngemittel \u00fcberdosiert oder versch\u00fcttet. Sie m\u00fcssen keine alten Dosiermesskappen verwenden, die Ihre H\u00e4nde schmutzig machen. Mit dieser Flasche erreicht der Anwender ein H\u00f6chstma\u00df an Sauberkeit und Genauigkeit.<\/p>\n","protected":false},"excerpt":{"rendered":"<p>Ideale N\u00e4hrstoffkombination f\u00fcr schnelle Wirkung und gesundes Wachsen. Stickstoff-, Phosphor- und Kalium-Komplexd\u00fcnger mit Humin- und Fulvos\u00e4uren, angereichert mit den wichtigsten Spurenelementen f\u00fcr Setzlinge, Gew\u00e4chshaus- und Freilandgem\u00fcse, Obst, Zimmer-, Balkon- und Freilandpflanzen, Garten- und Zierpflanzen, Rasen.<\/p>\n","protected":false},"featured_media":10889,"template":"","meta":{"inline_featured_image":false},"product_cat":[275,104,277,278,169,103,175,109],"product_tag":[],"acf":[],"_links":{"self":[{"href":"https:\/\/vivafertis.com\/de\/wp-json\/wp\/v2\/product\/8737"}],"collection":[{"href":"https:\/\/vivafertis.com\/de\/wp-json\/wp\/v2\/product"}],"about":[{"href":"https:\/\/vivafertis.com\/de\/wp-json\/wp\/v2\/types\/product"}],"wp:featuredmedia":[{"embeddable":true,"href":"https:\/\/vivafertis.com\/de\/wp-json\/wp\/v2\/media\/10889"}],"wp:attachment":[{"href":"https:\/\/vivafertis.com\/de\/wp-json\/wp\/v2\/media?parent=8737"}],"wp:term":[{"taxonomy":"product_cat","embeddable":true,"href":"https:\/\/vivafertis.com\/de\/wp-json\/wp\/v2\/product_cat?post=8737"},{"taxonomy":"product_tag","embeddable":true,"href":"https:\/\/vivafertis.com\/de\/wp-json\/wp\/v2\/product_tag?post=8737"}],"curies":[{"name":"wp","href":"https:\/\/api.w.org\/{rel}","templated":true}]}}