{"id":8746,"date":"2023-06-14T15:55:12","date_gmt":"2023-06-14T12:55:12","guid":{"rendered":"https:\/\/vivafertis.com\/?post_type=product&#038;p=8746"},"modified":"2023-06-16T11:50:41","modified_gmt":"2023-06-16T08:50:41","slug":"premium-duenger-fuer-gemuese-und-obstkulturen","status":"publish","type":"product","link":"https:\/\/vivafertis.com\/de\/produkt\/premium-duenger-fuer-gemuese-und-obstkulturen\/","title":{"rendered":"PREMIUM D\u00dcNGER F\u00dcR GEM\u00dcSE UND OBSTKULTUREN"},"content":{"rendered":"<p>Reiche Zusammensetzung an Inhaltsstoffen wurde entwickelt, um den Bedarf von Gem\u00fcse und Obst an N\u00e4hrstoffen zu erf\u00fcllen. Ergibt gr\u00f6\u00dfere Ernte, sch\u00f6nere Farbe und besseren Geschmack. Perfekt f\u00fcr alle Gew\u00e4chshaus- und Freilandgem\u00fcse und Obstkulturen.<\/p>\n<p>Dieses Flaschendesign verhindert, dass der Benutzer D\u00fcngemittel \u00fcberdosiert oder versch\u00fcttet. Sie m\u00fcssen keine alten Dosiermesskappen verwenden, die Ihre H\u00e4nde schmutzig machen. Mit dieser Flasche erreicht der Anwender ein H\u00f6chstma\u00df an Sauberkeit und Genauigkeit.<\/p>\n","protected":false},"excerpt":{"rendered":"<p>Perfekt f\u00fcr alle Gew\u00e4chshaus- und Freilandgem\u00fcse und Obstkulturen. Reiche Zusammensetzung an Inhaltsstoffen wurde entwickelt, um den Bedarf von Gem\u00fcse und Obst an N\u00e4hrstoffen zu erf\u00fcllen. Ergibt gr\u00f6\u00dfere Ernte, sch\u00f6nere Farbe und besseren Geschmack.<\/p>\n","protected":false},"featured_media":10874,"template":"","meta":{"inline_featured_image":false},"product_cat":[278,175],"product_tag":[],"acf":[],"_links":{"self":[{"href":"https:\/\/vivafertis.com\/de\/wp-json\/wp\/v2\/product\/8746"}],"collection":[{"href":"https:\/\/vivafertis.com\/de\/wp-json\/wp\/v2\/product"}],"about":[{"href":"https:\/\/vivafertis.com\/de\/wp-json\/wp\/v2\/types\/product"}],"wp:featuredmedia":[{"embeddable":true,"href":"https:\/\/vivafertis.com\/de\/wp-json\/wp\/v2\/media\/10874"}],"wp:attachment":[{"href":"https:\/\/vivafertis.com\/de\/wp-json\/wp\/v2\/media?parent=8746"}],"wp:term":[{"taxonomy":"product_cat","embeddable":true,"href":"https:\/\/vivafertis.com\/de\/wp-json\/wp\/v2\/product_cat?post=8746"},{"taxonomy":"product_tag","embeddable":true,"href":"https:\/\/vivafertis.com\/de\/wp-json\/wp\/v2\/product_tag?post=8746"}],"curies":[{"name":"wp","href":"https:\/\/api.w.org\/{rel}","templated":true}]}}