{"id":5870,"date":"2022-08-04T13:55:15","date_gmt":"2022-08-04T10:55:15","guid":{"rendered":"https:\/\/vivafertis.com\/?page_id=5870"},"modified":"2022-12-15T10:33:00","modified_gmt":"2022-12-15T08:33:00","slug":"politica-de-privacidad","status":"publish","type":"page","link":"https:\/\/vivafertis.com\/es\/politica-de-privacidad\/","title":{"rendered":"Pol\u00edtica de privacidad"},"content":{"rendered":"<ol>\n<li><strong> DEFINICIONES<\/strong><\/li>\n<\/ol>\n<p>1.1. El responsable de tratamiento de datos y operador de la p\u00e1gina web www.vivafertis.lt (en sucesivo, Gestor de datos) es &#8220;AGROCONSULT LT&#8221; S. L., n\u00famero de registro de la empresa 302654044, n\u00famero de identificaci\u00f3n fiscal a efectos del IVA LT100006313118, direcci\u00f3n postal: Apylankos g. 6, U\u017eusali\u0173 k., LT-55333 Jonavos r., Rep\u00fablica de Lituania, direcci\u00f3n de correo electr\u00f3nico: info@vivafertis.lt.<\/p>\n<p>1.2. El Comprador es una persona f\u00edsica o jur\u00eddica que compra los productos en la tienda www.vivafertis.lt.<\/p>\n<p>1.3. Las normas de tratamiento de datos personales (en lo sucesivo, las Normas) rigen los principios b\u00e1sicos de recopilaci\u00f3n, procesamiento y almacenamiento de datos personales en los que se basa el Gestor de datos para tratar los datos personales del Comprador.<\/p>\n<ol>\n<li><strong> DISPOSICIONES GENERALES<\/strong><\/li>\n<\/ol>\n<p>2.1. Esta pol\u00edtica de privacidad reglamenta los principios y procedimientos fundamentales de la recopilaci\u00f3n, tratamiento y almacenamiento de datos personales del cliente (en adelante, el Comprador) de la tienda electr\u00f3nica de &#8220;AGROCONSULT LT&#8221; S. L. www.vivafertis.lt (en adelante, el Gestor de datos).<\/p>\n<p>2.2. La recopilaci\u00f3n, el procesamiento y el almacenamiento de los datos personales del comprador est\u00e1n establecidos por esta pol\u00edtica de privacidad, la Ley de Protecci\u00f3n de Datos Personales de la Rep\u00fablica de Lituania y otras leyes.<\/p>\n<p>2.3. Al facilitar sus datos personales en la tienda electr\u00f3nica, acepta que sus datos personales ser\u00e1n tratados y administrados por el Gestor de datos para los fines, por medios y de conformidad con el procedimiento previstos en esta pol\u00edtica de privacidad y legislaci\u00f3n.<\/p>\n<p><strong>III.\u00a0RECOPILACI\u00d3N, TRATAMIENTO Y ALMACENAMIENTO DE DATOS PERSONALES<\/strong><\/p>\n<p>3.1. El Gestor de datos se gu\u00eda por los siguientes principios b\u00e1sicos del tratamiento de datos personales:<\/p>\n<p>3.1.1. Los datos del comprador se recopilan con fines definidos y leg\u00edtimos.<\/p>\n<p>3.1.2. Los datos se procesan de manera correcta y precisa.<\/p>\n<p>3.1.3. Los datos personales se actualizar\u00e1n peri\u00f3dicamente.<\/p>\n<p>3.1.4. Los datos personales no se conservar\u00e1n m\u00e1s tiempo del necesario para los fines establecidos del tratamiento de datos.<\/p>\n<p>3.1.5. Los datos personales ser\u00e1n procesados solo por los empleados autorizados.<\/p>\n<p>3.1.6. Toda la informaci\u00f3n relativa a los datos personales procesados es confidencial.<\/p>\n<p>3.2. El Comprador acepta que los datos personales que proporcione voluntariamente en el momento de realizar el pedido ser\u00e1n procesados \u200b\u200bde acuerdo con estas normas.<\/p>\n<p>3.2.1. El comprador tiene derecho acceder a sus datos personales, saber qu\u00e9 datos personales hemos recopilado, saber qu\u00e9 destinatarios se proporcionan y se han proporcionado durante el \u00faltimo a\u00f1o sus datos personales, exigir la correcci\u00f3n de los datos personales incorrectos, incompletos o inexactos, o solicitar la eliminaci\u00f3n de esos datos o que se detenga su tratamiento, escribiendo un correo electr\u00f3nico a info@vivafertis.lt. En este caso, el vendedor debe ejecutar inmediatamente la solicitud del comprador (en un plazo de 1 o 2 d\u00edas) y eliminar o disociar sus datos personales de una manera fiable. Si el Vendedor detecta una amenaza para los datos personales, \u00e9l tiene derecho a solicitar la confirmaci\u00f3n de identidad por medio de un documento de identidad que permita una identificaci\u00f3n fiable del Comprador.<\/p>\n<p>3.3. El Gestor de datos reconoce y respeta el derecho a la privacidad de todo Comprador que realiza un pedido en la tienda electr\u00f3nica www.vivafertis.lt El gestor de datos recoge y utiliza los datos personales del comprador (nombre o apellido, direcci\u00f3n, n\u00famero de tel\u00e9fono, direcci\u00f3n de correo electr\u00f3nico y cualquier otra informaci\u00f3n especificada durante el pedido en la tienda electr\u00f3nica) para procesar pedidos o para cumplir con otras obligaciones contractuales.<\/p>\n<p>3.4. En la tienda electr\u00f3nica, el cliente puede expresar su consentimiento para el uso de sus datos personales con fines comerciales expresos (a partir de 14 a\u00f1os de edad). Lo hace marcando (acepto que mis datos personales se utilicen con fines comerciales expresos). Desde el momento del consentimiento, el Vendedor enviar\u00e1 boletines al correo electr\u00f3nico facilitado por el cliente. La tienda electr\u00f3nica www.vivafertis.lt ofrece la posibilidad de renunciar el bolet\u00edn (al principio del bolet\u00edn hay una opci\u00f3n: \u00abRenunciar la suscripci\u00f3n\u00bb, al marcar la cual el cliente no recibir\u00e1 m\u00e1s boletines).<\/p>\n<ol>\n<li><strong> CESI\u00d3N DE DATOS PERSONALES A TERCEROS<\/strong><\/li>\n<\/ol>\n<p>4.1. El gestor de datos se compromete a no divulgar los datos personales del comprador a terceros, excepto a los colaboradores del gestor de datos encargados de la entrega de art\u00edculos u otros servicios relacionados con la correcta ejecuci\u00f3n del pedido del comprador. En todos los dem\u00e1s casos, los datos personales del Comprador podr\u00e1n ser comunicados a terceros \u00fanicamente de acuerdo con el procedimiento previsto por los actos jur\u00eddicos de la Rep\u00fablica de Lituania.<\/p>\n<ol>\n<li><strong> NORMAS DE PRESENTACI\u00d3N DE LA INSCRIPCI\u00d3N<\/strong><\/li>\n<\/ol>\n<p>5.1. El Comprador est\u00e1 obligado a proporcionar una informaci\u00f3n completa, detallada y correcta sobre s\u00ed mismo en el formulario de registro. Si el Comprador proporcione la informaci\u00f3n incorrecta, falsa o enga\u00f1osa, el Gestor de datos tendr\u00e1 derecho a anular la inscripci\u00f3n del Comprador y eliminar los datos, o restringir el acceso del Comprador para usar la tienda electr\u00f3nica.<\/p>\n<p>5.2. El comprador tiene derecho a cambiar y\/o actualizar la informaci\u00f3n proporcionada en el formulario de registro en cualquier momento.<\/p>\n<ol>\n<li><strong> CAMBIO DE LAS NORMAS<\/strong><\/li>\n<\/ol>\n<p>6.1. El gestor de datos tiene el derecho de cambiar parcial o completamente las Normas notific\u00e1ndolo a la tienda electr\u00f3nica www.vivafertis.lt.<\/p>\n<p>6.2. La ampliaci\u00f3n o cambio de las normas entra en vigor desde el d\u00eda de su publicaci\u00f3n, es decir, desde el d\u00eda en que aparecen en la tienda electr\u00f3nica www.vivafertis.lt.<\/p>\n<p>6.3. Si el Comprador no est\u00e1 de acuerdo con la nueva pol\u00edtica de Normas, tiene derecho a cancelar su consentimiento por escrito.<\/p>\n<p>6.4. Si despu\u00e9s de la ampliaci\u00f3n o cambio de las Normas, el Comprador contin\u00faa utilizando los servicios proporcionados por la tienda online, se entiende que el Comprador est\u00e1 de acuerdo con la nueva pol\u00edtica de Normas.<\/p>\n<p><strong>VII.\u00a0ENV\u00cdO Y TRANSMISI\u00d3N DE LA INFORMACI\u00d3N<\/strong><\/p>\n<p>7.1. Todas las notificaciones relacionadas con el tratamiento de datos personales se env\u00edan al Gestor de datos por correo electr\u00f3nico a la direcci\u00f3n info@vivafertis.lt o por correo postal.<\/p>\n<p>7.2. El gestor de datos enviar\u00e1 la respuesta en la misma forma que la notificaci\u00f3n o reclamaci\u00f3n.<\/p>\n<p>7.3. Tambi\u00e9n puede presentar una queja ante la Inspecci\u00f3n Estatal de Protecci\u00f3n de Datos: c\/ A. Juozapaviciaus, 6, 09310, Vilna, tfno.: (8 5) 271 2804, 279 1445, fax: (8 5) 261 9494, correo electr\u00f3nico: ada@ada.lt<\/p>\n<p><strong>VIII. COOKIES<\/strong><\/p>\n<p>8.1. Le informamos que para poder ofrecer al Comprador los servicios completos en nuestra p\u00e1gina web, almacenamos la informaci\u00f3n (cookies) en el ordenador (dispositivo) del Comprador. El Gestor de datos utiliza la informaci\u00f3n almacenada para identificar al Comprador como previo usuario de la p\u00e1gina web, as\u00ed como para recopilaci\u00f3n de estad\u00edsticas de visitas de la p\u00e1gina. El comprador puede revisar qu\u00e9 informaci\u00f3n (cookies) almacena el Gestor de datos y eliminar parte o la totalidad de las cookies almacenadas en cualquier momento. Adem\u00e1s, el Comprador tiene derecho a no aceptar el almacenamiento y uso de la informaci\u00f3n (cookies) en su ordenador (dispositivo), aunque en este caso, algunas funciones de la p\u00e1gina web pueden no estar disponibles para el Comprador. Al utilizar la tienda electr\u00f3nica, el Comprador acepta el almacenamiento de cookies en su ordenador (dispositivo). El Comprador en cualquier momento puede retirar su consentimiento cambiando la configuraci\u00f3n de su navegador o dirigi\u00e9ndose al Gestor de datos por medio de cualquier contacto facilitado en la p\u00e1gina web.<\/p>\n<p>Si tiene preguntas y sugerencias, escr\u00edbanos a info@vivafertis.lt<\/p>\n<p>&nbsp;<\/p>\n","protected":false},"excerpt":{"rendered":"<p>DEFINICIONES 1.1. El responsable de tratamiento de datos y operador de la p\u00e1gina web www.vivafertis.lt (en sucesivo, Gestor de datos) es &#8220;AGROCONSULT LT&#8221; S. L., n\u00famero de registro de la empresa 302654044, n\u00famero de identificaci\u00f3n fiscal a efectos del IVA LT100006313118, direcci\u00f3n postal: Apylankos g. 6, U\u017eusali\u0173 k., LT-55333 Jonavos r., Rep\u00fablica de Lituania, direcci\u00f3n [&hellip;]<\/p>\n","protected":false},"author":1,"featured_media":0,"parent":0,"menu_order":0,"comment_status":"closed","ping_status":"open","template":"","meta":{"inline_featured_image":false},"acf":[],"_links":{"self":[{"href":"https:\/\/vivafertis.com\/es\/wp-json\/wp\/v2\/pages\/5870"}],"collection":[{"href":"https:\/\/vivafertis.com\/es\/wp-json\/wp\/v2\/pages"}],"about":[{"href":"https:\/\/vivafertis.com\/es\/wp-json\/wp\/v2\/types\/page"}],"author":[{"embeddable":true,"href":"https:\/\/vivafertis.com\/es\/wp-json\/wp\/v2\/users\/1"}],"replies":[{"embeddable":true,"href":"https:\/\/vivafertis.com\/es\/wp-json\/wp\/v2\/comments?post=5870"}],"version-history":[{"count":2,"href":"https:\/\/vivafertis.com\/es\/wp-json\/wp\/v2\/pages\/5870\/revisions"}],"predecessor-version":[{"id":5872,"href":"https:\/\/vivafertis.com\/es\/wp-json\/wp\/v2\/pages\/5870\/revisions\/5872"}],"wp:attachment":[{"href":"https:\/\/vivafertis.com\/es\/wp-json\/wp\/v2\/media?parent=5870"}],"curies":[{"name":"wp","href":"https:\/\/api.w.org\/{rel}","templated":true}]}}