{"id":5889,"date":"2022-11-14T09:21:55","date_gmt":"2022-11-14T07:21:55","guid":{"rendered":"https:\/\/vivafertis.com\/?page_id=5889"},"modified":"2022-12-15T14:11:22","modified_gmt":"2022-12-15T12:11:22","slug":"entrega","status":"publish","type":"page","link":"https:\/\/vivafertis.com\/es\/entrega\/","title":{"rendered":"Entrega"},"content":{"rendered":"<p><strong>Env\u00edo y entrega<\/strong><\/p>\n<p>En la tienda en l\u00ednea \u00abvivafertis.lt\u00bb, puede pedir los productos en cualquier momento del d\u00eda, cualquier d\u00eda de la semana. Al realizar el pedido, puede elegir el m\u00e9todo de entrega que m\u00e1s le conviene: podemos entregar los productos en su domicilio o llevarlos al punto de recogida m\u00e1s cercano.<\/p>\n<p>Los gastos de env\u00edo en todo el territorio de la Rep\u00fablica de Lituania dependen del peso y el precio de los productos que compra. Este coste se indica al hacer el pedido. Los productos se entregan en la direcci\u00f3n indicada o en otro lugar conveniente para el comprador.<\/p>\n<p>*Env\u00edo de paquetes al Istmo de Curlandia supone un pago adicional de 22\u20ac y se paga aparte.<\/p>\n<p>La entrega de pedidos tarda de 2 a 20 d\u00edas h\u00e1biles desde el momento de pago y transferencia del dinero a la cuenta de &#8220;AGROCONSULT LT&#8221; S. L.<\/p>\n<p>Los pedidos urgentes se env\u00edan escribiendo al correo electr\u00f3nico info@vivafertis.lt (el servicio solo est\u00e1 disponible en toda Europa).<\/p>\n<p>La entrega de pedidos se realiza por medio de los servicios de mensajer\u00eda DPD, Lietuvos Pa\u0161tas, DHL, Venipack, servicio de correo de mensajer\u00eda urgente o cualquier otro servicio de mensajer\u00eda autorizado por nosotros. Al aceptar el pedido, el comprador debe comprobar el contenido del paquete y el estado de los productos entregados. Una vez aceptado el pedido y firmado el documento de entrega sin comentarios, se considerar\u00e1 que los productos del paquete est\u00e1n en buen estado, el paquete se entreg\u00f3 correctamente y ninguna de las partes tiene reclamo alguno con respecto a los productos que est\u00e1n en el paquete. \u00a0De lo contrario, nosotros no asumiremos la responsabilidad por:<\/p>\n<ol>\n<li>da\u00f1os de las mercanc\u00edas, si estos da\u00f1os no son defectos de fabricaci\u00f3n;<\/li>\n<li>disconformidad de pedido, si esta disconformidad puede ser detectada durante la inspecci\u00f3n externa de las mercanc\u00edas.<\/li>\n<\/ol>\n<p>Los pedidos con un peso superior a 30 kg se llevan solo hasta la casa del destinatario.<\/p>\n<p>En el momento de la entrega, el comprador deber\u00e1 aportar un documento que acredite su identidad. Si la persona que recibe las mercanc\u00edas no corresponde con los datos que tenemos sobre el cliente, o si resulta que durante el registro en p\u00e1gina web fueron proporcionados los datos falsos e inexactos, o la persona que recibe el pedido es menor de 16 a\u00f1os y en el momento de la entrega no tiene la capacidad legal, tenemos derecho de negarse a entregar el pedido sin ninguna consecuencia legal para nosotros. No tenemos ninguna responsabilidad por los errores cometidos al introducir los datos, por lo que recomendamos a rellenar el formulario y volver a verificar los datos de registro y la direcci\u00f3n de entrega atentamente.<\/p>\n<p><strong>RETRASO DE LA ENTREGA DE PEDIDOS:<\/strong><\/p>\n<p>Hacemos todo lo posible para garantizar la entrega oportuna de los pedidos solicitados y pagados. Sin embargo, los retrasos de la entrega tambi\u00e9n pueden ocurrir debido a circunstancias imprevistas o ajenas a nuestra voluntad. Ni \u00abvivafertis.lt\u00bb, ni nuestro remitente o transportista designado pueden dar una garant\u00eda total que su pedido le llegar\u00e1 dentro del plazo de entrega establecido previamente. Asimismo, no nos hacemos responsables de las consecuencias que pueda ocasionar la entrega del producto fuera del plazo de entrega est\u00e1ndar indicado en nuestra p\u00e1gina. Todos riesgos de p\u00e9rdidas o da\u00f1os, debidos a la fecha y hora de entrega del pedido, asume el comprador.<\/p>\n","protected":false},"excerpt":{"rendered":"<p>Env\u00edo y entrega En la tienda en l\u00ednea \u00abvivafertis.lt\u00bb, puede pedir los productos en cualquier momento del d\u00eda, cualquier d\u00eda de la semana. Al realizar el pedido, puede elegir el m\u00e9todo de entrega que m\u00e1s le conviene: podemos entregar los productos en su domicilio o llevarlos al punto de recogida m\u00e1s cercano. Los gastos de [&hellip;]<\/p>\n","protected":false},"author":1,"featured_media":0,"parent":0,"menu_order":0,"comment_status":"closed","ping_status":"closed","template":"","meta":{"inline_featured_image":false},"acf":[],"_links":{"self":[{"href":"https:\/\/vivafertis.com\/es\/wp-json\/wp\/v2\/pages\/5889"}],"collection":[{"href":"https:\/\/vivafertis.com\/es\/wp-json\/wp\/v2\/pages"}],"about":[{"href":"https:\/\/vivafertis.com\/es\/wp-json\/wp\/v2\/types\/page"}],"author":[{"embeddable":true,"href":"https:\/\/vivafertis.com\/es\/wp-json\/wp\/v2\/users\/1"}],"replies":[{"embeddable":true,"href":"https:\/\/vivafertis.com\/es\/wp-json\/wp\/v2\/comments?post=5889"}],"version-history":[{"count":3,"href":"https:\/\/vivafertis.com\/es\/wp-json\/wp\/v2\/pages\/5889\/revisions"}],"predecessor-version":[{"id":5892,"href":"https:\/\/vivafertis.com\/es\/wp-json\/wp\/v2\/pages\/5889\/revisions\/5892"}],"wp:attachment":[{"href":"https:\/\/vivafertis.com\/es\/wp-json\/wp\/v2\/media?parent=5889"}],"curies":[{"name":"wp","href":"https:\/\/api.w.org\/{rel}","templated":true}]}}