{"id":5903,"date":"2022-11-14T09:20:30","date_gmt":"2022-11-14T07:20:30","guid":{"rendered":"https:\/\/vivafertis.com\/?page_id=5903"},"modified":"2022-12-15T14:17:34","modified_gmt":"2022-12-15T12:17:34","slug":"terminos-y-condiciones","status":"publish","type":"page","link":"https:\/\/vivafertis.com\/es\/terminos-y-condiciones\/","title":{"rendered":"T\u00e9rminos y condiciones"},"content":{"rendered":"<ol>\n<li><strong> Disposiciones generales<\/strong><\/li>\n<\/ol>\n<p>1.1. Los presentes t\u00e9rminos y condiciones de compraventa (en sucesivo, \u00abT\u00e9rminos\u00bb), una vez aceptados por el comprador (al marcar la casilla que acepta los \u00abT\u00e9rminos\u00bb de www.vivafertis.lt), es un documento legal vinculante para las partes, que establece los derechos y obligaciones del Comprador y del Vendedor, los t\u00e9rminos de compra de productos y el pago por los mismos, el procedimiento de la entrega y devoluci\u00f3n de productos, las responsabilidades de las partes y otras condiciones, relacionadas con la compraventa de productos en la tienda electr\u00f3nica www.vivafertis.lt (en adelante, la tienda).<\/p>\n<p>1.2. El Vendedor se reserva el derecho de cambiar, modificar o complementar los T\u00e9rminos y Condiciones en cualquier momento, teniendo en cuenta los requisitos legales.<\/p>\n<ol start=\"2\">\n<li><strong> Protecci\u00f3n de datos personales<\/strong><\/li>\n<\/ol>\n<p>2.1. Cualquier informaci\u00f3n relacionada con los datos personales que se registra en la tienda se considera confidencial y no se hace p\u00fablica.<\/p>\n<ol start=\"3\">\n<li><strong> Derechos del comprador<\/strong><\/li>\n<\/ol>\n<p>3.1. El Comprador tendr\u00e1 derecho a adquirir productos en la Tienda de conformidad con el procedimiento establecido en estos T\u00e9rminos.<\/p>\n<p>3.2. El Comprador tendr\u00e1 derecho a rescindir el contrato de compraventa de productos con la Tienda notific\u00e1ndolo al Vendedor por escrito (por correo electr\u00f3nico, indicando el producto a devolver y el n\u00famero de pedido) a m\u00e1s tardar en un plazo de 14 (catorce) d\u00edas h\u00e1biles a partir de la fecha de celebraci\u00f3n de este contrato.<\/p>\n<p>3.3. El Comprador podr\u00e1 ejercer el derecho previsto en la cl\u00e1usula 3.2 de los T\u00e9rminos solo si el producto no ha sido da\u00f1ado o alterado por el Comprador, su apariencia no haya sufrido cambios esenciales y el producto no haya sido utilizado.<\/p>\n<p>3.4. El comprador est\u00e1 obligado a cumplir las dem\u00e1s condiciones establecidas en los T\u00e9rminos, as\u00ed como en las normas legales de la Rep\u00fablica de Lituania y la Uni\u00f3n Europea.<\/p>\n<ol start=\"4\">\n<li><strong> Obligaciones del comprador<\/strong><\/li>\n<\/ol>\n<p>4.1. El Comprador se compromete a pagar por los productos y aceptarlos de conformidad con lo previsto en esos T\u00e9rminos.<\/p>\n<ol start=\"5\">\n<li><strong> Derechos del vendedor<\/strong><\/li>\n<\/ol>\n<p>5.1. Si el Comprador intenta perjudicar a la estabilidad y seguridad de la tienda electr\u00f3nica del Vendedor o infringe sus obligaciones, el Vendedor tendr\u00e1 derecho a restringir o suspender el acceso del Comprador a la tienda electr\u00f3nica o, en casos excepcionales, a cancelar el registro del Comprador.<\/p>\n<p>5.2. El Vendedor tendr\u00e1 derecho a cancelar el pedido sin previo aviso al Comprador, si el Comprador no paga por el pedido en un plazo de 1 (un) d\u00eda h\u00e1bil.<\/p>\n<ol start=\"6\">\n<li><strong> Obligaciones del vendedor<\/strong><\/li>\n<\/ol>\n<p>6.1. El Vendedor se compromete a respetar el derecho a la intimidad del Comprador con respecto a la informaci\u00f3n personal especificada en el formulario de registro de la Tienda y no divulgar esta informaci\u00f3n a terceros, salvo la transmisi\u00f3n de datos de cumplimiento obligatorio, previsto en la legislaci\u00f3n de la Rep\u00fablica de Lituania y Uni\u00f3n Europea.<\/p>\n<p>6.2. El Vendedor se compromete a entregar los productos pedidos por el Comprador en la direcci\u00f3n indicada por este de conformidad con las condiciones especificadas en la cl\u00e1usula 8 de los presentes T\u00e9rminos.<\/p>\n<p>6.3. Si el Vendedor debido a las circunstancias importantes no puede entregar al Comprador el producto solicitado, \u00e9l se compromete ofrecerle un producto an\u00e1logo o similar en la medida de lo posible. Si el Comprador se niega a aceptar el producto an\u00e1logo o similar, el Vendedor, en caso del pago por adelantado, se compromete a devolver el importe pagado al Comprador en un plazo de 3 (tres) d\u00edas h\u00e1biles.<\/p>\n<ol start=\"7\">\n<li><strong> Precios de los productos, t\u00e9rminos y condiciones de pago<\/strong><\/li>\n<\/ol>\n<p>7.1. Los precios de los productos en la tienda electr\u00f3nica y en el pedido se indican en euros con IVA incluido.<\/p>\n<p>7.2.\u00a0 El Comprador podr\u00e1 pagar por los productos de una de las siguientes maneras:<\/p>\n<p>7.2.1. pago por banca electr\u00f3nica, un pago anticipado a trav\u00e9s del sistema de banca electr\u00f3nica utilizado por el Comprador.\u00a0 Para poder utilizar esta forma de pago, el Comprador deber\u00e1 haber celebrado un contrato de prestaci\u00f3n de servicios de banca en l\u00ednea con uno de los bancos que se indican en nuestra p\u00e1gina web. Al pagar los productos de esta manera, para el Comprador se generar\u00e1 un pago en el sistema de banca electr\u00f3nica correspondiente a su pedido a pagar.\u00a0 La responsabilidad por la seguridad de los datos en este caso recae sobre el banco correspondiente, ya que todas las transacciones monetarias se llevan a cabo en el sistema de banca electr\u00f3nica del banco. Los pagos bancarios en la tienda se realizan a trav\u00e9s de sistema de pago electr\u00f3nico <a href=\"http:\/\/www.paysera.lt\" target=\"_blank\" rel=\"noopener\">www.paysera.lt<\/a>, stripe, PayPall.<\/p>\n<p>7.3. Al pagar, el Comprador se compromete a pagar antes de recibir los productos. En estos casos, solo despu\u00e9s de recibir el pago, el pedido empezar\u00e1 a prepararse para el env\u00edo e iniciar\u00e1 el c\u00f3mputo del plazo de entrega.<\/p>\n<ol start=\"8\">\n<li><strong> Entrega de productos<\/strong><\/li>\n<\/ol>\n<p>8.1. El Comprador, al realizar el pedido, se compromete a especificar el lugar de entrega del pedido y tel\u00e9fono de contacto.<\/p>\n<p>8.2. El comprador se compromete a recibir \u00e9l mismo las mercanc\u00edas. En caso de que el Comprador no pueda recibir el pedido y los bienes se entreguen en la direcci\u00f3n indicada y en funci\u00f3n de otra informaci\u00f3n proporcionada por el Comprador, el Comprador no tendr\u00e1 derecho a presentar ninguna reclamaci\u00f3n contra el Vendedor por la entrega indebida de los bienes.<\/p>\n<p>8.3. Los pedidos ser\u00e1n entregados por el Vendedor o el representante autorizado del mismo (mensajero).<\/p>\n<p>8.4. El Vendedor entregar\u00e1 los productos al Comprador de acuerdo con los plazos especificados en las descripciones de los productos.\u00a0 Estos plazos no se aplican cuando el Vendedor no dispone del producto solicitado y el Comprador es informado sobre no disponibilidad del producto solicitado. Comprador tambi\u00e9n acepta que, en casos excepcionales, la entrega de las mercanc\u00edas puede retrasarse debido a circunstancias imprevistas ajenas al control del Vendedor. En tal caso, el Vendedor se compromete a ponerse en contacto con el Comprador inmediatamente para acordar las condiciones de entrega.<\/p>\n<p>8.5. En todos los casos, el Vendedor quedar\u00e1 exento de responsabilidad por el incumplimiento de los plazos de entrega de las mercanc\u00edas si estas no se entregan al Comprador o no se entregan con retraso por culpa del Comprador o por circunstancias ajenas al Vendedor.<\/p>\n<p>8.6. En el momento de entrega, el Comprador, junto con el Vendedor o su representante autorizado, deber\u00e1 comprobar el estado del paquete. Una vez firmada la factura (albar\u00e1n de entrega) u otro documento de entrega-aceptaci\u00f3n del env\u00edo, se considerar\u00e1 que el pedido ha sido entregado en buen estado.<\/p>\n<p>8.7. En caso de que el Comprador renuncie el contrato de compraventa, de conformidad con la cl\u00e1usula 4.2., \u00e9l estar\u00e1 obligado a pagar todos los gastos directos de devoluci\u00f3n de las mercanc\u00edas al Vendedor, de acuerdo con las tarifas de transporte que figuran en el cuadro anterior. El importe de estos gastos del Vendedor ser\u00e1 deducido del dinero a devolver al Comprador pagado por el\/los producto\/-s. Si la deducci\u00f3n no cubre la totalidad del importe exigido por el Vendedor, es decir, si los gastos de la devoluci\u00f3n del pedido incurridos por el Vendedor superan el valor de los bienes devueltos, el Comprador se compromete a pagar el importe pendiente al Vendedor en un plazo de 15 d\u00edas.<\/p>\n<p>8.8. Informaci\u00f3n m\u00e1s detallada relacionada con la entrega de productos est\u00e1 disponible en la p\u00e1gina web de la Tienda (ver Informaci\u00f3n &#8211; Entrega de productos).<\/p>\n<p>8.9. Al recoger los productos en la sede de la tienda, es necesario hacerlo en un plazo de 3 d\u00edas h\u00e1biles posteriores a la recepci\u00f3n de la notificaci\u00f3n de que el pedido est\u00e1 preparado.<\/p>\n<ol start=\"9\">\n<li><strong> Calidad de los productos y condiciones de la devoluci\u00f3n<\/strong><\/li>\n<\/ol>\n<p>9.1. El Vendedor no ser\u00e1 responsable de que el color, la forma u otros par\u00e1metros de los art\u00edculos en la tienda electr\u00f3nica no se correspondan con el tama\u00f1o, la forma y el color reales de los art\u00edculos, debido a las caracter\u00edsticas de la pantalla utilizada por el Comprador.<\/p>\n<p>9.2. El Comprador podr\u00e1 devolver la mercanc\u00eda defectuosa o de baja calidad en un plazo de 7 d\u00edas naturales desde la fecha de recepci\u00f3n de la mercanc\u00eda previa notificaci\u00f3n por escrito al Vendedor, indicando el producto que desea devolver y su n\u00famero de pedido.<\/p>\n<p>9.3. El dinero pagado por los productos devueltos ser\u00e1 reembolsado en el plazo de 30 d\u00edas a partir de la fecha de recepci\u00f3n de la solicitud.<\/p>\n<p>9.4. El Comprador deber\u00e1 pagar los gastos de devoluci\u00f3n si el producto entregado corresponde con el indicado en el pedido (es decir, si el Comprador recibi\u00f3 el producto que solicit\u00f3). Los gastos de devoluci\u00f3n corren a cargo del Comprador, incluso si el producto se entreg\u00f3 de forma gratuita.<\/p>\n<p>9.5. Si el Comprador recibi\u00f3 el producto defectuoso o este ha sido da\u00f1ado durante el env\u00edo, el Vendedor reemplazar\u00e1 dicho producto (o si no es posible reemplazarlo, reembolsar\u00e1 el dinero) y compensar\u00e1 los gastos de su devoluci\u00f3n.<\/p>\n<ol start=\"10\">\n<li><strong> Responsabilidad<\/strong><\/li>\n<\/ol>\n<p>10.1. \u00a0El Comprador es plenamente responsable de la exactitud de los datos personales que facilite en el formulario de registro.\u00a0 Si el Comprador no proporciona datos personales exactos en el formulario de registro, el Vendedor no ser\u00e1 responsable de las consecuencias de ello.<\/p>\n<p>10.2. El comprador ser\u00e1 responsable por la transmisi\u00f3n de sus datos de acceso a terceros. Si un tercero utiliza los servicios prestados por la tienda electr\u00f3nica iniciando sesi\u00f3n en la misma con los datos de acceso del Comprador, el Vendedor considerar\u00e1 a esta persona como el Comprador.<\/p>\n<p>10.3. El Vendedor quedar\u00e1 exento de toda responsabilidad en los casos en que la p\u00e9rdida se deba a que el Comprador no haya le\u00eddo estos T\u00e9rminos, a pesar de las recomendaciones del Vendedor y de las obligaciones del Comprador, aunque este haya tenido la oportunidad de hacerlo.<\/p>\n<p>10.4. Si la tienda electr\u00f3nica del Vendedor contiene enlaces a los sitios electr\u00f3nicos de otras empresas, instituciones, organizaciones o personas, el Vendedor no es responsable de la informaci\u00f3n contenida en ellos o de las actividades realizadas en los mismos y no mantiene, controla o representa a dichas empresas y personas.<\/p>\n<p>10.5. En caso de da\u00f1os, la Parte culpable indemnizar\u00e1 a la otra Parte por los da\u00f1os directos.<\/p>\n<ol start=\"11\">\n<li><strong> Disposiciones finales<\/strong><\/li>\n<\/ol>\n<p>11.1. Estos T\u00e9rminos entrar\u00e1n en vigor desde el momento de pago por los productos.<\/p>\n<p>11.2. Estos T\u00e9rminos han sido redactados de conformidad con la legislaci\u00f3n de la Rep\u00fablica de Lituania y la Uni\u00f3n Europea.<\/p>\n<p>11.3. Las relaciones que surjan de estas Reglas se regir\u00e1n por las leyes de la Rep\u00fablica de Lituania y la Uni\u00f3n Europea.<\/p>\n<p>11.4. Todos los desacuerdos derivados de la ejecuci\u00f3n de estos T\u00e9rminos se resolver\u00e1n mediante una negociaci\u00f3n.\u00a0 En caso de no llegar a un acuerdo, la disputa se resolver\u00e1 de acuerdo con el procedimiento establecido por las leyes de la Rep\u00fablica de Lituania, seg\u00fan la ubicaci\u00f3n del Vendedor.<\/p>\n<p>&nbsp;<\/p>\n","protected":false},"excerpt":{"rendered":"<p>Disposiciones generales 1.1. Los presentes t\u00e9rminos y condiciones de compraventa (en sucesivo, \u00abT\u00e9rminos\u00bb), una vez aceptados por el comprador (al marcar la casilla que acepta los \u00abT\u00e9rminos\u00bb de www.vivafertis.lt), es un documento legal vinculante para las partes, que establece los derechos y obligaciones del Comprador y del Vendedor, los t\u00e9rminos de compra de productos y [&hellip;]<\/p>\n","protected":false},"author":1,"featured_media":0,"parent":0,"menu_order":0,"comment_status":"closed","ping_status":"closed","template":"","meta":{"inline_featured_image":false},"acf":[],"_links":{"self":[{"href":"https:\/\/vivafertis.com\/es\/wp-json\/wp\/v2\/pages\/5903"}],"collection":[{"href":"https:\/\/vivafertis.com\/es\/wp-json\/wp\/v2\/pages"}],"about":[{"href":"https:\/\/vivafertis.com\/es\/wp-json\/wp\/v2\/types\/page"}],"author":[{"embeddable":true,"href":"https:\/\/vivafertis.com\/es\/wp-json\/wp\/v2\/users\/1"}],"replies":[{"embeddable":true,"href":"https:\/\/vivafertis.com\/es\/wp-json\/wp\/v2\/comments?post=5903"}],"version-history":[{"count":1,"href":"https:\/\/vivafertis.com\/es\/wp-json\/wp\/v2\/pages\/5903\/revisions"}],"predecessor-version":[{"id":5904,"href":"https:\/\/vivafertis.com\/es\/wp-json\/wp\/v2\/pages\/5903\/revisions\/5904"}],"wp:attachment":[{"href":"https:\/\/vivafertis.com\/es\/wp-json\/wp\/v2\/media?parent=5903"}],"curies":[{"name":"wp","href":"https:\/\/api.w.org\/{rel}","templated":true}]}}