{"id":7972,"date":"2023-02-27T08:55:00","date_gmt":"2023-02-27T06:55:00","guid":{"rendered":"https:\/\/vivafertis.com\/?page_id=7972"},"modified":"2023-02-28T10:52:07","modified_gmt":"2023-02-28T08:52:07","slug":"viva-fertis-puntos","status":"publish","type":"page","link":"https:\/\/vivafertis.com\/es\/viva-fertis-puntos\/","title":{"rendered":"VIVA FERTIS Puntos"},"content":{"rendered":"\t\t<div data-elementor-type=\"wp-page\" data-elementor-id=\"7972\" class=\"elementor elementor-7972 elementor-7869\">\n\t\t\t\t\t\t\t\t\t<section class=\"elementor-section elementor-top-section elementor-element elementor-element-eaed510 elementor-section-boxed elementor-section-height-default elementor-section-height-default\" data-id=\"eaed510\" data-element_type=\"section\">\r\n\t\t\r\n\t\t\t\t\t\t\t<div class=\"elementor-container elementor-column-gap-default\">\r\n\t\t\t\t\t\t\t\t\t\t\t<div class=\"elementor-column elementor-col-100 elementor-top-column elementor-element elementor-element-6574bae\" data-id=\"6574bae\" data-element_type=\"column\">\r\n\t\t\t\t\t<div class=\"elementor-widget-wrap elementor-element-populated\">\r\n\t\t\t\t\t\t\t\t<div class=\"elementor-element elementor-element-fa62818 elementor-widget elementor-widget-porto_ultimate_heading\" data-id=\"fa62818\" data-element_type=\"widget\" data-widget_type=\"porto_ultimate_heading.default\">\n\t\t\t\t<div class=\"elementor-widget-container\">\n\t\t\t<div class=\"porto-u-heading\" data-hspacer=\"no_spacer\" data-halign=\"center\" style=\"text-align:center\"><div class=\"porto-u-main-heading\"><h2   >VIVA FERTIS TA\u0160KAI<\/h2><\/div><\/div>\t\t<\/div>\n\t\t\t\t<\/div>\n\t\t\t\t\t<\/div>\r\n\t\t\t\t<\/div>\r\n\t\t\t\t\t<\/div>\r\n\t\t\t\t<\/section>\r\n\t\t\t\t<section class=\"elementor-section elementor-top-section elementor-element elementor-element-e9c1337 elementor-section-boxed elementor-section-height-default elementor-section-height-default\" data-id=\"e9c1337\" data-element_type=\"section\">\r\n\t\t\r\n\t\t\t\t\t\t\t<div class=\"elementor-container elementor-column-gap-default\">\r\n\t\t\t\t\t\t\t\t\t\t\t<div class=\"elementor-column elementor-col-100 elementor-top-column elementor-element elementor-element-1122bf4\" data-id=\"1122bf4\" data-element_type=\"column\">\r\n\t\t\t\t\t<div class=\"elementor-widget-wrap elementor-element-populated\">\r\n\t\t\t\t\t\t\t\t<section class=\"elementor-section elementor-inner-section elementor-element elementor-element-e38a5ff elementor-section-boxed elementor-section-height-default elementor-section-height-default\" data-id=\"e38a5ff\" data-element_type=\"section\">\r\n\t\t\r\n\t\t\t\t\t\t\t<div class=\"elementor-container elementor-column-gap-default\">\r\n\t\t\t\t\t\t\t\t\t\t\t<div class=\"elementor-column elementor-col-50 elementor-inner-column elementor-element elementor-element-80b76c2\" data-id=\"80b76c2\" data-element_type=\"column\">\r\n\t\t\t\t\t<div class=\"elementor-widget-wrap elementor-element-populated\">\r\n\t\t\t\t\t\t\t\t<div class=\"elementor-element elementor-element-68f90e5 elementor-widget elementor-widget-text-editor\" data-id=\"68f90e5\" data-element_type=\"widget\" data-widget_type=\"text-editor.default\">\n\t\t\t\t<div class=\"elementor-widget-container\">\n\t\t\t<style>\/*! elementor - v3.8.1 - 13-11-2022 *\/\n.elementor-widget-text-editor.elementor-drop-cap-view-stacked .elementor-drop-cap{background-color:#818a91;color:#fff}.elementor-widget-text-editor.elementor-drop-cap-view-framed .elementor-drop-cap{color:#818a91;border:3px solid;background-color:transparent}.elementor-widget-text-editor:not(.elementor-drop-cap-view-default) .elementor-drop-cap{margin-top:8px}.elementor-widget-text-editor:not(.elementor-drop-cap-view-default) .elementor-drop-cap-letter{width:1em;height:1em}.elementor-widget-text-editor .elementor-drop-cap{float:left;text-align:center;line-height:1;font-size:50px}.elementor-widget-text-editor .elementor-drop-cap-letter{display:inline-block}<\/style>\t\t\t\t<div class=\"w-full border-b border-black\/10 dark:border-gray-900\/50 text-gray-800 dark:text-gray-100 group bg-gray-50 dark:bg-[#444654]\">\n<div class=\"text-base gap-4 md:gap-6 m-auto md:max-w-2xl lg:max-w-2xl xl:max-w-3xl p-4 md:py-6 flex lg:px-0\">\n<div class=\"relative flex w-[calc(100%-50px)] flex-col gap-1 md:gap-3 lg:w-[calc(100%-115px)]\">\n<div class=\"flex flex-grow flex-col gap-3\">\n<div class=\"min-h-[20px] flex flex-col items-start gap-4 whitespace-pre-wrap\">\n<div class=\"markdown prose w-full break-words dark:prose-invert dark\">\n<p class=\"p1\">Los puntos VIVA son puntos que se acumulan en la billetera de su cuenta despu\u00e9s de cada 10 EUR gastados por correo electr\u00f3nico. en la tienda. Un punto VIVA corresponde a 10 c\u00e9ntimos de euro y se pueden utilizar cuando acumulas 5 en su monedero. EJEMPLO: Compras bienes por un total de 50 euros, obtienes 5 puntos VIVA, que corresponden a 50 c\u00e9ntimos de euro, que puedes utilizar durante tus pr\u00f3ximas compras. Buena suerte comprando nuestro correo electr\u00f3nico. \u00a1en la tienda!<\/p>\n<\/div>\n<\/div>\n<\/div>\n<\/div>\n<\/div>\n<\/div>\t\t\t\t\t\t<\/div>\n\t\t\t\t<\/div>\n\t\t\t\t\t<\/div>\r\n\t\t\t\t<\/div>\r\n\t\t\t\t<div class=\"elementor-column elementor-col-50 elementor-inner-column elementor-element elementor-element-5e2702d\" data-id=\"5e2702d\" data-element_type=\"column\">\r\n\t\t\t\t\t<div class=\"elementor-widget-wrap elementor-element-populated\">\r\n\t\t\t\t\t\t\t\t<div class=\"elementor-element elementor-element-d036b10 elementor-widget elementor-widget-image\" data-id=\"d036b10\" data-element_type=\"widget\" data-widget_type=\"image.default\">\n\t\t\t\t<div class=\"elementor-widget-container\">\n\t\t\t<style>\/*! elementor - v3.8.1 - 13-11-2022 *\/\n.elementor-widget-image{text-align:center}.elementor-widget-image a{display:inline-block}.elementor-widget-image a img[src$=\".svg\"]{width:48px}.elementor-widget-image img{vertical-align:middle;display:inline-block}<\/style>\t\t\t\t\t\t\t\t\t\t\t\t<img decoding=\"async\" width=\"443\" height=\"425\" src=\"https:\/\/vivafertis.com\/wp-content\/uploads\/2023\/02\/ispanu-1-1.jpg\" class=\"attachment-large size-large\" alt=\"\" srcset=\"https:\/\/vivafertis.com\/wp-content\/uploads\/2023\/02\/ispanu-1-1.jpg 443w, https:\/\/vivafertis.com\/wp-content\/uploads\/2023\/02\/ispanu-1-1-400x384.jpg 400w, https:\/\/vivafertis.com\/wp-content\/uploads\/2023\/02\/ispanu-1-1-367x352.jpg 367w\" sizes=\"(max-width: 443px) 100vw, 443px\" \/>\t\t\t\t\t\t\t\t\t\t\t\t\t\t\t<\/div>\n\t\t\t\t<\/div>\n\t\t\t\t\t<\/div>\r\n\t\t\t\t<\/div>\r\n\t\t\t\t\t<\/div>\r\n\t\t\t\t<\/section>\r\n\t\t\t\t\t<\/div>\r\n\t\t\t\t<\/div>\r\n\t\t\t\t\t<\/div>\r\n\t\t\t\t<\/section>\r\n\t\t\t\t\t\t\t<\/div>\n\t\t","protected":false},"excerpt":{"rendered":"<p>VIVA FERTIS TA\u0160KAI Los puntos VIVA son puntos que se acumulan en la billetera de su cuenta despu\u00e9s de cada 10 EUR gastados por correo electr\u00f3nico. en la tienda. Un punto VIVA corresponde a 10 c\u00e9ntimos de euro y se pueden utilizar cuando acumulas 5 en su monedero. EJEMPLO: Compras bienes por un total de [&hellip;]<\/p>\n","protected":false},"author":2,"featured_media":0,"parent":0,"menu_order":0,"comment_status":"closed","ping_status":"closed","template":"","meta":{"inline_featured_image":false},"acf":[],"_links":{"self":[{"href":"https:\/\/vivafertis.com\/es\/wp-json\/wp\/v2\/pages\/7972"}],"collection":[{"href":"https:\/\/vivafertis.com\/es\/wp-json\/wp\/v2\/pages"}],"about":[{"href":"https:\/\/vivafertis.com\/es\/wp-json\/wp\/v2\/types\/page"}],"author":[{"embeddable":true,"href":"https:\/\/vivafertis.com\/es\/wp-json\/wp\/v2\/users\/2"}],"replies":[{"embeddable":true,"href":"https:\/\/vivafertis.com\/es\/wp-json\/wp\/v2\/comments?post=7972"}],"version-history":[{"count":7,"href":"https:\/\/vivafertis.com\/es\/wp-json\/wp\/v2\/pages\/7972\/revisions"}],"predecessor-version":[{"id":8139,"href":"https:\/\/vivafertis.com\/es\/wp-json\/wp\/v2\/pages\/7972\/revisions\/8139"}],"wp:attachment":[{"href":"https:\/\/vivafertis.com\/es\/wp-json\/wp\/v2\/media?parent=7972"}],"curies":[{"name":"wp","href":"https:\/\/api.w.org\/{rel}","templated":true}]}}