{"id":6379,"date":"2022-12-15T12:08:16","date_gmt":"2022-12-15T10:08:16","guid":{"rendered":"https:\/\/vivafertis.com\/?post_type=product&#038;p=6379"},"modified":"2023-03-03T15:20:55","modified_gmt":"2023-03-03T13:20:55","slug":"viva-balance","status":"publish","type":"product","link":"https:\/\/vivafertis.com\/es\/producto\/viva-balance\/","title":{"rendered":"VIVA BALANCE"},"content":{"rendered":"<p>Producto de origen org\u00e1nico que contiene \u00e1cidos h\u00famicos y f\u00falvicos, potasio, amino\u00e1cidos, etc.<\/p>\n<p>Asegura un crecimiento r\u00e1pido y regular de las plantas. Estimula el crecimiento de las ra\u00edces de las plantas y ayuda a las plantas a absorber los nutrientes del suelo m\u00e1s f\u00e1cilmente. \u00a1Un poderoso refuerzo nutricional para los microorganismos del suelo! Para todas las plantas.<\/p>\n<p>&nbsp;<\/p>\n","protected":false},"excerpt":{"rendered":"<p>COMPUESTO NUTRICIONAL Y PREPARADO H\u00daMICO DE EFECTOS DURADEROS<\/p>\n","protected":false},"featured_media":8174,"template":"","meta":{"inline_featured_image":false},"product_cat":[168,129,123,131,284,285,286,124,162],"product_tag":[],"acf":[],"_links":{"self":[{"href":"https:\/\/vivafertis.com\/es\/wp-json\/wp\/v2\/product\/6379"}],"collection":[{"href":"https:\/\/vivafertis.com\/es\/wp-json\/wp\/v2\/product"}],"about":[{"href":"https:\/\/vivafertis.com\/es\/wp-json\/wp\/v2\/types\/product"}],"wp:featuredmedia":[{"embeddable":true,"href":"https:\/\/vivafertis.com\/es\/wp-json\/wp\/v2\/media\/8174"}],"wp:attachment":[{"href":"https:\/\/vivafertis.com\/es\/wp-json\/wp\/v2\/media?parent=6379"}],"wp:term":[{"taxonomy":"product_cat","embeddable":true,"href":"https:\/\/vivafertis.com\/es\/wp-json\/wp\/v2\/product_cat?post=6379"},{"taxonomy":"product_tag","embeddable":true,"href":"https:\/\/vivafertis.com\/es\/wp-json\/wp\/v2\/product_tag?post=6379"}],"curies":[{"name":"wp","href":"https:\/\/api.w.org\/{rel}","templated":true}]}}