{"id":6381,"date":"2022-12-15T12:22:03","date_gmt":"2022-12-15T10:22:03","guid":{"rendered":"https:\/\/vivafertis.com\/?post_type=product&#038;p=6381"},"modified":"2025-08-12T14:14:25","modified_gmt":"2025-08-12T11:14:25","slug":"humisap-trio-root-system","status":"publish","type":"product","link":"https:\/\/vivafertis.com\/es\/producto\/humisap-trio-root-system\/","title":{"rendered":"HUMISAP- TRIO ROOT SYSTEM"},"content":{"rendered":"<p>El compuesto de gr\u00e1nulos absorbentes de agua con \u00e1cidos h\u00famicos y f\u00falvicos, amino\u00e1cidos y hongos micorr\u00edcicos es ideal para los \u00e1rboles, plantas ornamentales, vegetales, jardines, plantas de interior y exterior, as\u00ed como para las plantas de maceta, flores, etc.<\/p>\n<p>Puede permanecer en el suelo hasta 5-6 a\u00f1os.<\/p>\n<p>&nbsp;<\/p>\n","protected":false},"excerpt":{"rendered":"<p>Compuesto nutricional y preparado h\u00famico de hidrogel de efectos duraderos<\/p>\n","protected":false},"featured_media":7458,"template":"","meta":{"inline_featured_image":false},"product_cat":[168,129,123,283,285,124,286,162],"product_tag":[],"acf":[],"_links":{"self":[{"href":"https:\/\/vivafertis.com\/es\/wp-json\/wp\/v2\/product\/6381"}],"collection":[{"href":"https:\/\/vivafertis.com\/es\/wp-json\/wp\/v2\/product"}],"about":[{"href":"https:\/\/vivafertis.com\/es\/wp-json\/wp\/v2\/types\/product"}],"wp:featuredmedia":[{"embeddable":true,"href":"https:\/\/vivafertis.com\/es\/wp-json\/wp\/v2\/media\/7458"}],"wp:attachment":[{"href":"https:\/\/vivafertis.com\/es\/wp-json\/wp\/v2\/media?parent=6381"}],"wp:term":[{"taxonomy":"product_cat","embeddable":true,"href":"https:\/\/vivafertis.com\/es\/wp-json\/wp\/v2\/product_cat?post=6381"},{"taxonomy":"product_tag","embeddable":true,"href":"https:\/\/vivafertis.com\/es\/wp-json\/wp\/v2\/product_tag?post=6381"}],"curies":[{"name":"wp","href":"https:\/\/api.w.org\/{rel}","templated":true}]}}