{"id":8695,"date":"2023-06-14T15:55:12","date_gmt":"2023-06-14T12:55:12","guid":{"rendered":"https:\/\/vivafertis.com\/?post_type=product&#038;p=8695"},"modified":"2023-06-16T11:45:49","modified_gmt":"2023-06-16T08:45:49","slug":"fertilizante-premium-para-las-flores-y-plantas-ornamentales","status":"publish","type":"product","link":"https:\/\/vivafertis.com\/es\/producto\/fertilizante-premium-para-las-flores-y-plantas-ornamentales\/","title":{"rendered":"FERTILIZANTE PREMIUM PARA LAS FLORES Y PLANTAS ORNAMENTALES"},"content":{"rendered":"<p>La f\u00f3rmula especializada adaptada perfectamente a las necesidades de todo tipo de con\u00edferas y plantas perennes, as\u00ed como arbustos ornamentales (como rododendros y azaleas), flores silvestres.<\/p>\n<p>Este dise\u00f1o de botella evita que el usuario se sobre dosifique o derrame fertilizantes en exceso, no necesita usar viejas tapas dosificadoras que ensucian sus manos. Con esta botella, el usuario alcanza el m\u00e1ximo nivel de limpieza y precisi\u00f3n.<\/p>\n","protected":false},"excerpt":{"rendered":"<p>Fertilizante compuesto, efectivo y de f\u00e1cil absorci\u00f3n. La f\u00f3rmula especializada adaptada perfectamente a las necesidades de todo tipo de con\u00edferas y plantas perennes, as\u00ed como arbustos ornamentales (como rododendros y azaleas), flores silvestres.<\/p>\n","protected":false},"featured_media":10896,"template":"","meta":{"inline_featured_image":false},"product_cat":[565,168,431,285],"product_tag":[],"acf":[],"_links":{"self":[{"href":"https:\/\/vivafertis.com\/es\/wp-json\/wp\/v2\/product\/8695"}],"collection":[{"href":"https:\/\/vivafertis.com\/es\/wp-json\/wp\/v2\/product"}],"about":[{"href":"https:\/\/vivafertis.com\/es\/wp-json\/wp\/v2\/types\/product"}],"wp:featuredmedia":[{"embeddable":true,"href":"https:\/\/vivafertis.com\/es\/wp-json\/wp\/v2\/media\/10896"}],"wp:attachment":[{"href":"https:\/\/vivafertis.com\/es\/wp-json\/wp\/v2\/media?parent=8695"}],"wp:term":[{"taxonomy":"product_cat","embeddable":true,"href":"https:\/\/vivafertis.com\/es\/wp-json\/wp\/v2\/product_cat?post=8695"},{"taxonomy":"product_tag","embeddable":true,"href":"https:\/\/vivafertis.com\/es\/wp-json\/wp\/v2\/product_tag?post=8695"}],"curies":[{"name":"wp","href":"https:\/\/api.w.org\/{rel}","templated":true}]}}