{"id":8720,"date":"2023-06-14T15:55:12","date_gmt":"2023-06-14T12:55:12","guid":{"rendered":"https:\/\/vivafertis.com\/?post_type=product&#038;p=8720"},"modified":"2023-06-16T11:36:47","modified_gmt":"2023-06-16T08:36:47","slug":"fertilizante-premium-para-los-arbustos-y-los-arboles","status":"publish","type":"product","link":"https:\/\/vivafertis.com\/es\/producto\/fertilizante-premium-para-los-arbustos-y-los-arboles\/","title":{"rendered":"FERTILIZANTE PREMIUM PARA LOS ARBUSTOS Y LOS \u00c1RBOLES"},"content":{"rendered":"<p>Contiene ingredientes org\u00e1nicos que alimentan a los microbios del suelo.<\/p>\n<p>Utilizar para todos los arbustos y \u00e1rboles en flor y otras plantas acid\u00f3filas. Ayuda a mantener un follaje de color verde profundo y una floraci\u00f3n colorida durante toda la temporada. El fertilizante es especialmente efectivo para los \u00e1rboles j\u00f3venes.<\/p>\n<p>Este dise\u00f1o de botella evita que el usuario se sobre dosifique o derrame fertilizantes en exceso, no necesita usar viejas tapas dosificadoras que ensucian sus manos. Con esta botella, el usuario alcanza el m\u00e1ximo nivel de limpieza y precisi\u00f3n.<\/p>\n","protected":false},"excerpt":{"rendered":"<p>Favorece al r\u00e1pido desarrollo de las ra\u00edces. Contiene ingredientes org\u00e1nicos que alimentan a los microbios del suelo.<br \/>\nUtilizar para todos los arbustos y \u00e1rboles en flor y otras plantas acid\u00f3filas. Ayuda a mantener un follaje de color verde profundo y una floraci\u00f3n colorida durante toda la temporada. El fertilizante es especialmente efectivo para los \u00e1rboles j\u00f3venes.<\/p>\n","protected":false},"featured_media":10886,"template":"","meta":{"inline_featured_image":false},"product_cat":[168,285],"product_tag":[],"acf":[],"_links":{"self":[{"href":"https:\/\/vivafertis.com\/es\/wp-json\/wp\/v2\/product\/8720"}],"collection":[{"href":"https:\/\/vivafertis.com\/es\/wp-json\/wp\/v2\/product"}],"about":[{"href":"https:\/\/vivafertis.com\/es\/wp-json\/wp\/v2\/types\/product"}],"wp:featuredmedia":[{"embeddable":true,"href":"https:\/\/vivafertis.com\/es\/wp-json\/wp\/v2\/media\/10886"}],"wp:attachment":[{"href":"https:\/\/vivafertis.com\/es\/wp-json\/wp\/v2\/media?parent=8720"}],"wp:term":[{"taxonomy":"product_cat","embeddable":true,"href":"https:\/\/vivafertis.com\/es\/wp-json\/wp\/v2\/product_cat?post=8720"},{"taxonomy":"product_tag","embeddable":true,"href":"https:\/\/vivafertis.com\/es\/wp-json\/wp\/v2\/product_tag?post=8720"}],"curies":[{"name":"wp","href":"https:\/\/api.w.org\/{rel}","templated":true}]}}