{"id":8730,"date":"2023-06-15T14:19:56","date_gmt":"2023-06-15T11:19:56","guid":{"rendered":"https:\/\/vivafertis.com\/?post_type=product&#038;p=8730"},"modified":"2023-06-16T11:10:09","modified_gmt":"2023-06-16T08:10:09","slug":"fertilizante-premium-para-las-flores-y-plantas-de-balcon","status":"publish","type":"product","link":"https:\/\/vivafertis.com\/es\/producto\/fertilizante-premium-para-las-flores-y-plantas-de-balcon\/","title":{"rendered":"FERTILIZANTE PREMIUM PARA LAS FLORES Y PLANTAS DE BALC\u00d3N"},"content":{"rendered":"<p>Fertilizante compuesto, l\u00edquido, moderno y equilibrado con extracto de alga Ascophyllum nodosum, enriquecido con los oligoelementos m\u00e1s importantes. Los nutrientes contenidos en el fertilizante se absorben f\u00e1cilmente. Para las flores y plantas ornamentales florecientes (rosas, geranios, orqu\u00eddeas, azaleas, geranios, crisantemos, fucsias, petunias, palmeras, higueras, dracaenas, scheffleras, yucas y c\u00edtricos ornamentales).<\/p>\n<p>Este dise\u00f1o de botella evita que el usuario se sobre dosifique o derrame fertilizantes en exceso, no necesita usar viejas tapas dosificadoras que ensucian sus manos. Con esta botella, el usuario alcanza el m\u00e1ximo nivel de limpieza y precisi\u00f3n.<\/p>\n","protected":false},"excerpt":{"rendered":"<p>Aprovecha todo el potencial de las flores. Fertilizante compuesto, l\u00edquido, moderno y equilibrado con extracto de alga Ascophyllum nodosum, enriquecido con los oligoelementos m\u00e1s importantes. Los nutrientes contenidos en el fertilizante se absorben f\u00e1cilmente. Para las flores y plantas ornamentales florecientes (rosas, geranios, orqu\u00eddeas, azaleas, geranios, crisantemos, fucsias, petunias, palmeras, higueras, dracaenas, scheffleras, yucas y c\u00edtricos ornamentales).<\/p>\n","protected":false},"featured_media":10881,"template":"","meta":{"inline_featured_image":false},"product_cat":[123,124],"product_tag":[],"acf":[],"_links":{"self":[{"href":"https:\/\/vivafertis.com\/es\/wp-json\/wp\/v2\/product\/8730"}],"collection":[{"href":"https:\/\/vivafertis.com\/es\/wp-json\/wp\/v2\/product"}],"about":[{"href":"https:\/\/vivafertis.com\/es\/wp-json\/wp\/v2\/types\/product"}],"wp:featuredmedia":[{"embeddable":true,"href":"https:\/\/vivafertis.com\/es\/wp-json\/wp\/v2\/media\/10881"}],"wp:attachment":[{"href":"https:\/\/vivafertis.com\/es\/wp-json\/wp\/v2\/media?parent=8730"}],"wp:term":[{"taxonomy":"product_cat","embeddable":true,"href":"https:\/\/vivafertis.com\/es\/wp-json\/wp\/v2\/product_cat?post=8730"},{"taxonomy":"product_tag","embeddable":true,"href":"https:\/\/vivafertis.com\/es\/wp-json\/wp\/v2\/product_tag?post=8730"}],"curies":[{"name":"wp","href":"https:\/\/api.w.org\/{rel}","templated":true}]}}