{"id":8739,"date":"2023-06-15T13:40:07","date_gmt":"2023-06-15T10:40:07","guid":{"rendered":"https:\/\/vivafertis.com\/?post_type=product&#038;p=8739"},"modified":"2023-06-16T11:14:55","modified_gmt":"2023-06-16T08:14:55","slug":"fertilizante-universal-premium","status":"publish","type":"product","link":"https:\/\/vivafertis.com\/es\/producto\/fertilizante-universal-premium\/","title":{"rendered":"FERTILIZANTE UNIVERSAL PREMIUM"},"content":{"rendered":"<p>Fertilizante compuesto l\u00edquido de nitr\u00f3geno, f\u00f3sforo, potasio, con \u00e1cidos h\u00famicos y f\u00falvicos, enriquecido con los oligoelementos m\u00e1s importantes, para abonar los cultivos, hortalizas de campo e invernadero, frutas, plantas y flores de interior y exterior, plantas de jard\u00edn y ornamentales, y siembra de c\u00e9sped.<\/p>\n<p>Este dise\u00f1o de botella evita que el usuario se sobre dosifique o derrame fertilizantes en exceso, no necesita usar viejas tapas dosificadoras que ensucian sus manos. Con esta botella, el usuario alcanza el m\u00e1ximo nivel de limpieza y precisi\u00f3n.<\/p>\n","protected":false},"excerpt":{"rendered":"<p>La combinaci\u00f3n perfecta de nutrientes tiene un efecto r\u00e1pido y garantiza un crecimiento saludable. Fertilizante compuesto l\u00edquido de nitr\u00f3geno, f\u00f3sforo, potasio, con \u00e1cidos h\u00famicos y f\u00falvicos, enriquecido con los oligoelementos m\u00e1s importantes, para abonar los cultivos, hortalizas de campo e invernadero, frutas, plantas y flores de interior y exterior, plantas de jard\u00edn y ornamentales, y siembra de c\u00e9sped.<\/p>\n","protected":false},"featured_media":10891,"template":"","meta":{"inline_featured_image":false},"product_cat":[168,129,123,283,124,285,286,162],"product_tag":[],"acf":[],"_links":{"self":[{"href":"https:\/\/vivafertis.com\/es\/wp-json\/wp\/v2\/product\/8739"}],"collection":[{"href":"https:\/\/vivafertis.com\/es\/wp-json\/wp\/v2\/product"}],"about":[{"href":"https:\/\/vivafertis.com\/es\/wp-json\/wp\/v2\/types\/product"}],"wp:featuredmedia":[{"embeddable":true,"href":"https:\/\/vivafertis.com\/es\/wp-json\/wp\/v2\/media\/10891"}],"wp:attachment":[{"href":"https:\/\/vivafertis.com\/es\/wp-json\/wp\/v2\/media?parent=8739"}],"wp:term":[{"taxonomy":"product_cat","embeddable":true,"href":"https:\/\/vivafertis.com\/es\/wp-json\/wp\/v2\/product_cat?post=8739"},{"taxonomy":"product_tag","embeddable":true,"href":"https:\/\/vivafertis.com\/es\/wp-json\/wp\/v2\/product_tag?post=8739"}],"curies":[{"name":"wp","href":"https:\/\/api.w.org\/{rel}","templated":true}]}}