{"id":5867,"date":"2022-08-04T13:55:15","date_gmt":"2022-08-04T10:55:15","guid":{"rendered":"https:\/\/vivafertis.com\/?page_id=5867"},"modified":"2022-12-15T10:31:21","modified_gmt":"2022-12-15T08:31:21","slug":"politique-de-confidentialite","status":"publish","type":"page","link":"https:\/\/vivafertis.com\/fr\/politique-de-confidentialite\/","title":{"rendered":"Politique de confidentialit\u00e9"},"content":{"rendered":"<ol>\n<li><strong> NOTIONS<\/strong><\/li>\n<\/ol>\n<p>1.1. Responsable du traitement et op\u00e9rateur du site www.vivafertis.lt (ci-apr\u00e8s le Responsable du traitement), c\u2019est la soci\u00e9t\u00e9 \u00e0 responsabilit\u00e9 limit\u00e9e UAB &#8220;AGROCONSULT LT&#8221;, code d\u2019entreprise 302654044, num\u00e9ro TVA LT100006313118, adresse pour la correspondance : Apylankos g. 6, U\u017eusali\u0173 k., LT-55333 Jonavos r., R\u00e9publique de Lituanie, adresse du courriel info@vivafertis.lt.<\/p>\n<p>1.2. Acheteur, c\u2019est une personne physique ou morale, qui a achet\u00e9 des marchandises sur le site de vente en ligne www.vivafertis.lt.<\/p>\n<p>1.3. Les r\u00e8gles du traitement des donn\u00e9es \u00e0 caract\u00e8re personnel (ci-apr\u00e8s d\u00e9nomm\u00e9es les R\u00e8gles) r\u00e9gissent les principes essentiels de la collecte, du traitement et de la conservation des donn\u00e9es personnelles, sur lesquels s\u2019appuie le Responsable du traitement lors du traitement des donn\u00e9es personnelles de l\u2019Acheteur.<\/p>\n<ol>\n<li><strong> DISPOSITIONS G<\/strong><strong>\u00c9<\/strong><strong>N<\/strong><strong>\u00c9<\/strong><strong>RALES<\/strong><\/li>\n<\/ol>\n<p>2.1. Cette politique de confidentialit\u00e9 r\u00e9git les principes et les modalit\u00e9s essentiels de la collecte, du traitement et de la conservation des donn\u00e9es personnelles du site de vente en ligne www.vivafertis.lt de la soci\u00e9t\u00e9 UAB &#8220;AGROCONSULT LT&#8221; (ci-apr\u00e8s d\u00e9nomm\u00e9 le Responsable du traitement) et du client de www.vivafertis.lt (ci-apr\u00e8s d\u00e9nomm\u00e9 l\u2019Acheteur).<\/p>\n<p>2.2. La collecte, le traitement et la conservation des donn\u00e9es personnelles de l\u2019Acheteur sont d\u00e9finies par la pr\u00e9sente politique de confidentialit\u00e9, par la loi de la R\u00e9publique de Lituanie sur la protection juridique des donn\u00e9es \u00e0 caract\u00e8re personnel et par autre l\u00e9gislation.<\/p>\n<p>2.3. En fournissant vos donn\u00e9es personnelles sur le site de vente en ligne, vous acceptez qu\u2019elles soient g\u00e9r\u00e9es et trait\u00e9es par le Responsable du traitement conform\u00e9ment aux finalit\u00e9s, aux moyens et aux modalit\u00e9s d\u00e9termin\u00e9s dans la pr\u00e9sente politique de confidentialit\u00e9 et autre l\u00e9gislation.<\/p>\n<p><strong>III.\u00a0COLLECTE, TRAITEMENT ET CONSERVATION DES DONN<\/strong><strong>\u00c9<\/strong><strong>S PERSONNELLES<\/strong><\/p>\n<p>3.1. Le Responsable du traitement a recours aux principes essentiels suivants du traitement des donn\u00e9es personnelles\u00a0:<\/p>\n<p>3.1.1. Les donn\u00e9es personnelles sont collect\u00e9es pour des finalit\u00e9s d\u00e9finies et l\u00e9gitimes\u00a0;<\/p>\n<p>3.1.2. Les donn\u00e9es personnelles sont trait\u00e9es d\u2019une mani\u00e8re pr\u00e9cise et honn\u00eate\u00a0;<\/p>\n<p>3.1.3. Les donn\u00e9es personnelles sont r\u00e9guli\u00e8rement mises \u00e0 jour\u00a0;<\/p>\n<p>3.1.4. Les donn\u00e9es personnelles ne sont conserv\u00e9es plus longtemps que pendant la dur\u00e9e n\u00e9cessaire pour atteindre les finalit\u00e9s du traitement des donn\u00e9es.<\/p>\n<p>3.1.5. Les donn\u00e9es personnelles ne sont trait\u00e9es que par les employ\u00e9s, auxquels un tel droit a \u00e9t\u00e9 accord\u00e9\u00a0;<\/p>\n<p>3.1.6. Toute information concernant les donn\u00e9es personnelles trait\u00e9es est confidentielle.<\/p>\n<p>3.2. L\u2019Acheteur accepte que les donn\u00e9es personnelles, qu\u2019il pr\u00e9sente de son gr\u00e9 lors de la commande, soient trait\u00e9es conform\u00e9ment aux r\u00e8gles suivantes\u00a0:<\/p>\n<p>3.2.1. L\u2019Acheteur a le droit de consulter ses donn\u00e9es personnelles, le droit de savoir quelles donn\u00e9es personnelles nous avons collect\u00e9es, le droit de savoir auxquels destinataires ses donn\u00e9es personnelles sont et \u00e9taient fournies au cours d\u2019une ann\u00e9e derni\u00e8re, le droit de r\u00e9clamer de rectifier ses donn\u00e9es personnelles incorrectes, incompl\u00e8tes ou impr\u00e9cises, le droit de demander d\u2019effacer les donn\u00e9es collect\u00e9es sur lui et le droit de demander d\u2019arr\u00eater le traitement des donn\u00e9es personnelles collect\u00e9es\u00a0; pour user de tous ces droits, il doit envoyer une lettre \u00e9lectronique par courriel info@vivafertis.lt. Dans ce cas, le Vendeur doit ex\u00e9cuter imm\u00e9diatement la demande de l\u2019Acheteur (dans 1-2\u00a0jours) et d\u2019effacer les donn\u00e9es de l\u2019Acheteur ou de les anonymiser de mani\u00e8re fiable. Si le Vendeur voit une menace aux donn\u00e9es personnelles, il a le droit de demander de pr\u00e9senter le document confirmant l\u2019identit\u00e9, qui permet d\u2019identifier l\u2019Acheteur d\u2019une mani\u00e8re ad\u00e9quate.<\/p>\n<p>3.3. Le Responsable du traitement reconna\u00eet et respecte le droit de chaque Acheteur, qui commande les marchandises sur le site de vente en ligne www.vivafertis.lt, \u00e0 la vie priv\u00e9e. Le Responsable du traitement collecte et utilise les donn\u00e9es personnelles de l\u2019Acheteur (raison sociale ou nom et pr\u00e9nom, adresse, num\u00e9ro de t\u00e9l\u00e9phone, adresse du courriel et autre information indiqu\u00e9e lors de la commande sur le site de vente en ligne), afin de traiter les commandes de marchandises ou de services ou afin d\u2019ex\u00e9cuter ses autres engagements contractuels.<\/p>\n<p>3.4. Sur le site de vente en ligne, l\u2019Acheteur a la possibilit\u00e9 d\u2019exprimer son consentement concernant le traitement de ses donn\u00e9es personnelles aux fins du marketing direct (pour des personnes \u00e0 partir de 14\u00a0ans). L\u2019Acheteur consente en cochant la case suivante\u00a0: J\u2019accepte que mes donn\u00e9es \u00e0 caract\u00e8re personnelle soient utilis\u00e9es aux fins du marketing direct. \u00c0 partir du moment de consentement, le Vendeur commence \u00e0 envoyer les lettres d\u2019information \u00e0 l\u2019adresse \u00e9lectronique indiqu\u00e9e par le client. Sur le site de vente en ligne www.vivafertis.lt, l\u2019Acheteur a la possibilit\u00e9 de refuser aux lettres d\u2019information (au d\u00e9but d\u2019une lettre d\u2019information, il y a une option \u00ab\u00a0Refuser \u00e0 l\u2019abonnement\u00a0\u00bb, en cliquant cette option, le client refuse aux lettres d\u2019information).<\/p>\n<ol>\n<li><strong> TRANSMISSION DES DONN<\/strong><strong>\u00c9<\/strong><strong>S PERSONNELES AUX TIERS<\/strong><\/li>\n<\/ol>\n<p>4.1. Le Responsable du traitement s\u2019engage \u00e0 ne pas divulguer les donn\u00e9es personnelles de l\u2019Acheteur aux tiers, sauf les partenaires du Responsable du traitement, qui fournissent les services de la livraison de marchandises ou autres services li\u00e9s \u00e0 l\u2019ex\u00e9cution ad\u00e9quate de la commande de l\u2019Acheteur. Dans tous les autres cas, les donn\u00e9es personnelles de l\u2019Acheteur ne peuvent \u00eatre divulgu\u00e9es aux tiers que conform\u00e9ment aux modalit\u00e9s d\u00e9termin\u00e9es dans la l\u00e9gislation de la R\u00e9publique de Lituanie.<\/p>\n<ol>\n<li><strong> R<\/strong><strong>\u00c8<\/strong><strong>GLES D\u2019ENREGISTREMENT<\/strong><\/li>\n<\/ol>\n<p>5.1. Dans le formulaire d\u2019enregistrement, l\u2019Acheteur doit pr\u00e9senter les informations compl\u00e8tes, d\u00e9taill\u00e9s et justes. Si dans le formulaire d\u2019enregistrement l\u2019Acheteur a pr\u00e9sent\u00e9 une information impr\u00e9cise, fausse ou trompeuse, le Responsable du traitement a le droit d\u2019annuler l\u2019enregistrement de l\u2019Acheteur et d\u2019effacer ses donn\u00e9es ou de limiter les possibilit\u00e9s de l\u2019Acheteur de se servir du site de vente en ligne.<\/p>\n<p>5.2. \u00c0 tout moment, l\u2019Acheteur a le droit de modifier et\/ou de mettre \u00e0 jour l\u2019information pr\u00e9sent\u00e9e dans le formulaire d\u2019enregistrement.<\/p>\n<ol>\n<li><strong> MODIFICATION DES R<\/strong><strong>\u00c8<\/strong><strong>GLES<\/strong><\/li>\n<\/ol>\n<p>6.1. Le Responsable du traitement a le droit de modifier ou de changer compl\u00e9tement les R\u00e8gles, moyennant un pr\u00e9avis sur le site de vente en ligne www.vivafertis.lt.<\/p>\n<p>6.2. Les R\u00e8gles compl\u00e9t\u00e9es ou modifi\u00e9es prennent effet le jour de leur publication, c.-\u00e0-d. \u00e0 partir du moment o\u00f9 elles sont publi\u00e9es sur le site de vente en ligne www.vivafertis.lt.<\/p>\n<p>6.3. Si l\u2019Acheteur n\u2019accepte pas la nouvelle version des R\u00e8gles, il a le droit de les refuser par \u00e9crit.<\/p>\n<p>6.4. Si, apr\u00e8s le compl\u00e9ment ou la modification des R\u00e8gles, l\u2019Acheteur se sert toujours des services propos\u00e9s sur le site de vente en ligne, il est consid\u00e9r\u00e9 que l\u2019Acheteur accepte la nouvelle version des R\u00e8gles.<\/p>\n<p><strong>VII.\u00a0PR<\/strong><strong>\u00c9<\/strong><strong>SENTATION ET CONSERVATION DES INFORMATIONS<\/strong><\/p>\n<p>7.1. Tous les avis li\u00e9s au traitement des donn\u00e9es personnelles sont pr\u00e9sent\u00e9s au Responsable du traitement par courriel info@vivafertis.lt ou par poste.<\/p>\n<p>7.2. La r\u00e9ponse est pr\u00e9sent\u00e9e par le Responsable du traitement dans la m\u00eame forme, dans laquelle un avis ou une revendication a \u00e9t\u00e9 re\u00e7u.<\/p>\n<p>7.3. Vous pouvez \u00e9galement d\u00e9poser une revendication aupr\u00e8s l\u2019Inspection nationale de la protection des donn\u00e9es \u00e0 l\u2019adresse suivante\u00a0: A. Juozapavi\u010diaus g. 6, 09310 Vilnius, t\u00e9l. (8 5) 271 2804, 279 1445, fax (8 5) 261 9494, courriel ada@ada.lt.<\/p>\n<p><strong>VIII. COOKIES<\/strong><\/p>\n<p>8.1. Nous informons que, afin de proposer \u00e0 l\u2019Acheteur les services complets sur notre site, nous enregistrons sur l\u2019ordinateur (l\u2019installation) de l\u2019Acheteur une certaine information (les cookies). Le Responsable du traitement utilise cette information enregistr\u00e9e pour identifier l\u2019Acheteur en tant que l\u2019utilisateur pr\u00e9c\u00e9dent du site et pour effectuer les analyses statistiques de la fr\u00e9quentation du site. L\u2019Acheteur peut, \u00e0 tout moment, consulter quelle information (quels cookies) est enregistr\u00e9e par le Responsable du traitement et peut effacer une partie ou tous les cookies enregistr\u00e9s. En plus, l\u2019Acheteur a le droit de refuser que l\u2019informations (les cookies) soit enregistr\u00e9e et utilis\u00e9e sur l\u2019ordinateur (l\u2019installation) de l\u2019Acheteur, mais, dans ce cas, certaines fonctions du site peuvent ne pas \u00eatre accessibles pour l\u2019Acheteur. En se servant du site de vente en ligne, l\u2019Acheteur accepte que l\u2019information soit enregistr\u00e9e sur l\u2019ordinateur (l\u2019installation) de l\u2019Acheteur. L\u2019Acheteur peut annuler son consentement \u00e0 tout moment, en modifiant les param\u00e8tres de son navigateur internet ou en s\u2019adressant aux coordonn\u00e9es pr\u00e9sent\u00e9es sur le site internet du Responsable du traitement.<\/p>\n<p>Si vous avez des questions ou des propositions, veuillez nous \u00e9crire \u00e0 info@vivafertis.lt.<\/p>\n","protected":false},"excerpt":{"rendered":"<p>NOTIONS 1.1. Responsable du traitement et op\u00e9rateur du site www.vivafertis.lt (ci-apr\u00e8s le Responsable du traitement), c\u2019est la soci\u00e9t\u00e9 \u00e0 responsabilit\u00e9 limit\u00e9e UAB &#8220;AGROCONSULT LT&#8221;, code d\u2019entreprise 302654044, num\u00e9ro TVA LT100006313118, adresse pour la correspondance : Apylankos g. 6, U\u017eusali\u0173 k., LT-55333 Jonavos r., R\u00e9publique de Lituanie, adresse du courriel info@vivafertis.lt. 1.2. Acheteur, c\u2019est une personne [&hellip;]<\/p>\n","protected":false},"author":1,"featured_media":0,"parent":0,"menu_order":0,"comment_status":"closed","ping_status":"open","template":"","meta":{"inline_featured_image":false},"acf":[],"_links":{"self":[{"href":"https:\/\/vivafertis.com\/fr\/wp-json\/wp\/v2\/pages\/5867"}],"collection":[{"href":"https:\/\/vivafertis.com\/fr\/wp-json\/wp\/v2\/pages"}],"about":[{"href":"https:\/\/vivafertis.com\/fr\/wp-json\/wp\/v2\/types\/page"}],"author":[{"embeddable":true,"href":"https:\/\/vivafertis.com\/fr\/wp-json\/wp\/v2\/users\/1"}],"replies":[{"embeddable":true,"href":"https:\/\/vivafertis.com\/fr\/wp-json\/wp\/v2\/comments?post=5867"}],"version-history":[{"count":2,"href":"https:\/\/vivafertis.com\/fr\/wp-json\/wp\/v2\/pages\/5867\/revisions"}],"predecessor-version":[{"id":5869,"href":"https:\/\/vivafertis.com\/fr\/wp-json\/wp\/v2\/pages\/5867\/revisions\/5869"}],"wp:attachment":[{"href":"https:\/\/vivafertis.com\/fr\/wp-json\/wp\/v2\/media?parent=5867"}],"curies":[{"name":"wp","href":"https:\/\/api.w.org\/{rel}","templated":true}]}}