{"id":5896,"date":"2022-11-14T09:21:55","date_gmt":"2022-11-14T07:21:55","guid":{"rendered":"https:\/\/vivafertis.com\/?page_id=5896"},"modified":"2022-12-15T14:13:52","modified_gmt":"2022-12-15T12:13:52","slug":"livraison","status":"publish","type":"page","link":"https:\/\/vivafertis.com\/fr\/livraison\/","title":{"rendered":"Livraison"},"content":{"rendered":"<p><strong>Exp\u00e9dition et livraison<\/strong><\/p>\n<p>Sur le site de vente en ligne vivafertis.lt, vous avez la possibilit\u00e9 de commander les marchandises 24\u00a0heures sur 24, sept jours sur sept. Lors de la commande, vous pouvez choisir le moyen le plus confortable pour vous de la livraison de marchandises\u00a0: les marchandises peuvent \u00eatre livr\u00e9es directement chez vous ou dans une bo\u00eete \u00e0 colis la plus proche.<\/p>\n<p>Le prix de la livraison de marchandises sur tout le territoire de la R\u00e9publique de Lituanie d\u00e9pend du poids de vos marchandises achet\u00e9es et de leur valeur. Ce prix est affich\u00e9 lors de la commande. Les marchandises sont livr\u00e9es \u00e0 l\u2019adresse indiqu\u00e9e ou dans un autre lieu choisi par l\u2019acheteur.<\/p>\n<p>*Pour la livraison des envois \u00e0 Kursiu nerija (Isthme de Courlande), une taxe suppl\u00e9mentaire de 22\u00a0EUR doit \u00eatre pay\u00e9e s\u00e9par\u00e9ment.<\/p>\n<p>La livraison de marchandises peut prendre de 2 \u00e0 20 jours ouvrables \u00e0 compter de votre paiement et de l\u2019inscription de l\u2019argent sur le compte de la soci\u00e9t\u00e9 UAB &#8220;AGROCONSULT LT&#8221;.<\/p>\n<p>Une commande expresse est effectu\u00e9e apr\u00e8s avoir re\u00e7u la demande sur notre courriel info@vivafertis.lt (service valable dans toute l\u2019Europe).<\/p>\n<p>Les marchandises sont livr\u00e9es \u00e0 l\u2019acheteur par les op\u00e9rateurs de transport express suivants\u00a0: DPD, Lietuvos pa\u0161tas, DHL, Venipak, ou par un autre transporteur express, habilit\u00e9 par notre soci\u00e9t\u00e9. Lors de la r\u00e9ception des marchandises, l\u2019acheteur doit v\u00e9rifier l\u2019ensemble de l\u2019envoi et l\u2019\u00e9tat des marchandises livr\u00e9es. Apr\u00e8s la r\u00e9ception des marchandises et la signature des documents de la livraison de l\u2019envoi sans remarques, il est consid\u00e9r\u00e9 que les biens qui se trouvent dans l\u2019emballage sont en bon \u00e9tat, que l\u2019envoi est livr\u00e9 d\u2019une mani\u00e8re ad\u00e9quate et qu\u2019aucune des parties au contrat n\u2019a de revendications concernant les marchandises envoy\u00e9s. Dans le cas o\u00f9 vous ne respectez pas ces r\u00e8gles, nous ne r\u00e9pondons pas des\u00a0:<\/p>\n<ol>\n<li>endommagements des marchandises, si ces endommagements ne sont pas caus\u00e9s par une malfa\u00e7on de production\u00a0;<\/li>\n<li>irr\u00e9gularit\u00e9s de l\u2019ensemble de la commande, si ces irr\u00e9gularit\u00e9s peuvent \u00eatre d\u00e9termin\u00e9es lors de l\u2019inspection ext\u00e9rieure des marchandises.<\/li>\n<\/ol>\n<p>Les marchandises dont le poids est sup\u00e9rieur \u00e0 30\u00a0kg ne sont livr\u00e9es que jusqu\u2019\u00e0 le b\u00e2timent du destinataire.<\/p>\n<p>Lors de la livraison, l\u2019acheteur doit pr\u00e9senter un document prouvant son identit\u00e9. Si les donn\u00e9es de la personne r\u00e9ceptionnant les marchandises ne correspondent pas \u00e0 nos donn\u00e9es sur l\u2019acheteur ou s\u2019il s\u2019av\u00e8re que, lors de l\u2019enregistrement sur le site, les donn\u00e9es fosses ou ne correspondant pas \u00e0 la r\u00e9alit\u00e9 ont \u00e9t\u00e9 pr\u00e9sent\u00e9es, ou si la personne r\u00e9ceptionnant les marchandises n\u2019a pas encore atteint l\u2019\u00e2ge de 16\u00a0ans et, lors de la livraison, n\u2019a pas de capacit\u00e9 juridique, nous avons le droit de refuser de livrer les marchandises \u00e0 l\u2019acheteur sans recourir \u00e0 aucune cons\u00e9quence juridique. Nous ne r\u00e9pondons pas des fautes ou des inexactitudes faites lors de l\u2019introduction des donn\u00e9es, donc, nous vous recommandons de remplir tr\u00e8s soigneusement vos donn\u00e9es d\u2019enregistrement et l\u2019adresse de la livraison de marchandises, et de les v\u00e9rifier encore une fois.<\/p>\n<p><strong>RETARD DE LA LIVRAISON DES MACHANDISES COMMAND<\/strong><strong>\u00c9<\/strong><strong>ES<\/strong><\/p>\n<p>Nous faisons tout notre possible pour assurer que les marchandises command\u00e9es et pay\u00e9es soient livr\u00e9es en temps utile. Toutefois les retards peuvent se pr\u00e9senter pour des raisons ne d\u00e9pendant pas de notre volont\u00e9 ou des circonstances impr\u00e9visibles. Ni vivafertis.lt, ni notre exp\u00e9diteur habilit\u00e9, ni le transporteur ne peuvent assurer compl\u00e9tement que l\u2019achat vous parviendra pr\u00e9cis\u00e9ment dans la p\u00e9riode de livraison d\u00e9termin\u00e9e \u00e0 l\u2019avance. Nous n\u2019aurons \u00e0 r\u00e9pondre d\u2019aucune cons\u00e9quence d\u00e9coulant du fait que les marchandises sont livr\u00e9es plus tard que dans la p\u00e9riode standard de livraison indiqu\u00e9e sur notre page d\u2019internet. L\u2019acheteur prend la responsabilit\u00e9 de tout risque de perte et de dommage li\u00e9 a la date et l\u2019heure de la livraison de marchandises.<\/p>\n","protected":false},"excerpt":{"rendered":"<p>Exp\u00e9dition et livraison Sur le site de vente en ligne vivafertis.lt, vous avez la possibilit\u00e9 de commander les marchandises 24\u00a0heures sur 24, sept jours sur sept. Lors de la commande, vous pouvez choisir le moyen le plus confortable pour vous de la livraison de marchandises\u00a0: les marchandises peuvent \u00eatre livr\u00e9es directement chez vous ou dans [&hellip;]<\/p>\n","protected":false},"author":1,"featured_media":0,"parent":0,"menu_order":0,"comment_status":"closed","ping_status":"closed","template":"","meta":{"inline_featured_image":false},"acf":[],"_links":{"self":[{"href":"https:\/\/vivafertis.com\/fr\/wp-json\/wp\/v2\/pages\/5896"}],"collection":[{"href":"https:\/\/vivafertis.com\/fr\/wp-json\/wp\/v2\/pages"}],"about":[{"href":"https:\/\/vivafertis.com\/fr\/wp-json\/wp\/v2\/types\/page"}],"author":[{"embeddable":true,"href":"https:\/\/vivafertis.com\/fr\/wp-json\/wp\/v2\/users\/1"}],"replies":[{"embeddable":true,"href":"https:\/\/vivafertis.com\/fr\/wp-json\/wp\/v2\/comments?post=5896"}],"version-history":[{"count":1,"href":"https:\/\/vivafertis.com\/fr\/wp-json\/wp\/v2\/pages\/5896\/revisions"}],"predecessor-version":[{"id":5897,"href":"https:\/\/vivafertis.com\/fr\/wp-json\/wp\/v2\/pages\/5896\/revisions\/5897"}],"wp:attachment":[{"href":"https:\/\/vivafertis.com\/fr\/wp-json\/wp\/v2\/media?parent=5896"}],"curies":[{"name":"wp","href":"https:\/\/api.w.org\/{rel}","templated":true}]}}