{"id":8692,"date":"2023-06-14T15:55:12","date_gmt":"2023-06-14T12:55:12","guid":{"rendered":"https:\/\/vivafertis.com\/?post_type=product&#038;p=8692"},"modified":"2023-06-16T11:44:35","modified_gmt":"2023-06-16T08:44:35","slug":"engrais-premium-pour-les-plantes-ornementales-et-les-fleurs","status":"publish","type":"product","link":"https:\/\/vivafertis.com\/fr\/produit\/engrais-premium-pour-les-plantes-ornementales-et-les-fleurs\/","title":{"rendered":"ENGRAIS PREMIUM POUR LES PLANTES ORNEMENTALES ET LES FLEURS"},"content":{"rendered":"<p>Cette formule sp\u00e9cialis\u00e9e est parfaitement adapt\u00e9e aux besoins de toutes les esp\u00e8ces des conif\u00e8res et des plantes sempervirentes, ainsi qu\u2019aux arbustes ornementaux (par ex., rhododendrons, azal\u00e9es) et aux fleurs des champs.<\/p>\n<p>Cette conception de bouteille emp\u00eache l\u2019utilisateur de surdoser ou de renverser des engrais, n\u2019a pas besoin d\u2019utiliser de vieux bouchons doseurs qui salissent vos mains. Avec cette bouteille, l\u2019utilisateur atteint le niveau maximum de propret\u00e9 et de pr\u00e9cision.<\/p>\n","protected":false},"excerpt":{"rendered":"<p>Engrais complexe, facilement assimilable et efficace. Cette formule sp\u00e9cialis\u00e9e est parfaitement adapt\u00e9e aux besoins de toutes les esp\u00e8ces des conif\u00e8res et des plantes sempervirentes, ainsi qu\u2019aux arbustes ornementaux (par ex., rhododendrons, azal\u00e9es) et aux fleurs des champs.<\/p>\n","protected":false},"featured_media":10893,"template":"","meta":{"inline_featured_image":false},"product_cat":[559,429,180,273],"product_tag":[],"acf":[],"_links":{"self":[{"href":"https:\/\/vivafertis.com\/fr\/wp-json\/wp\/v2\/product\/8692"}],"collection":[{"href":"https:\/\/vivafertis.com\/fr\/wp-json\/wp\/v2\/product"}],"about":[{"href":"https:\/\/vivafertis.com\/fr\/wp-json\/wp\/v2\/types\/product"}],"wp:featuredmedia":[{"embeddable":true,"href":"https:\/\/vivafertis.com\/fr\/wp-json\/wp\/v2\/media\/10893"}],"wp:attachment":[{"href":"https:\/\/vivafertis.com\/fr\/wp-json\/wp\/v2\/media?parent=8692"}],"wp:term":[{"taxonomy":"product_cat","embeddable":true,"href":"https:\/\/vivafertis.com\/fr\/wp-json\/wp\/v2\/product_cat?post=8692"},{"taxonomy":"product_tag","embeddable":true,"href":"https:\/\/vivafertis.com\/fr\/wp-json\/wp\/v2\/product_tag?post=8692"}],"curies":[{"name":"wp","href":"https:\/\/api.w.org\/{rel}","templated":true}]}}