{"id":8717,"date":"2023-06-14T15:55:12","date_gmt":"2023-06-14T12:55:12","guid":{"rendered":"https:\/\/vivafertis.com\/?post_type=product&#038;p=8717"},"modified":"2023-06-16T11:30:26","modified_gmt":"2023-06-16T08:30:26","slug":"engrais-premium-pour-les-arbustes-et-les-arbres","status":"publish","type":"product","link":"https:\/\/vivafertis.com\/fr\/produit\/engrais-premium-pour-les-arbustes-et-les-arbres\/","title":{"rendered":"ENGRAIS PREMIUM POUR LES ARBUSTES ET LES ARBRES"},"content":{"rendered":"<p>Le produit contient des ingr\u00e9dients organiques qui alimentent les microbes du sol.<\/p>\n<p>\u00c0 utiliser pour tous les arbres et les arbustes fleurissants et pour les autres plantes qui pr\u00e9f\u00e8rent les sols acides. Le produit aide \u00e0 maintenir le feuillage d\u2019une couleur verte, nette et profonde, et une belle floraison pendant toute la saison. Cet engrais est particuli\u00e8rement efficace pour des jeunes arbres.<\/p>\n<p>Cette conception de bouteille emp\u00eache l\u2019utilisateur de surdoser ou de renverser des engrais, n\u2019a pas besoin d\u2019utiliser de vieux bouchons doseurs qui salissent vos mains. Avec cette bouteille, l\u2019utilisateur atteint le niveau maximum de propret\u00e9 et de pr\u00e9cision.<\/p>\n","protected":false},"excerpt":{"rendered":"<p>Favorise le d\u00e9veloppement rapide des racines. Le produit contient des ingr\u00e9dients organiques qui alimentent les microbes du sol.<br \/>\n\u00c0 utiliser pour tous les arbres et les arbustes fleurissants et pour les autres plantes qui pr\u00e9f\u00e8rent les sols acides. Le produit aide \u00e0 maintenir le feuillage d\u2019une couleur verte, nette et profonde, et une belle floraison pendant toute la saison. Cet engrais est particuli\u00e8rement efficace pour des jeunes arbres.<\/p>\n","protected":false},"featured_media":10883,"template":"","meta":{"inline_featured_image":false},"product_cat":[180,273],"product_tag":[],"acf":[],"_links":{"self":[{"href":"https:\/\/vivafertis.com\/fr\/wp-json\/wp\/v2\/product\/8717"}],"collection":[{"href":"https:\/\/vivafertis.com\/fr\/wp-json\/wp\/v2\/product"}],"about":[{"href":"https:\/\/vivafertis.com\/fr\/wp-json\/wp\/v2\/types\/product"}],"wp:featuredmedia":[{"embeddable":true,"href":"https:\/\/vivafertis.com\/fr\/wp-json\/wp\/v2\/media\/10883"}],"wp:attachment":[{"href":"https:\/\/vivafertis.com\/fr\/wp-json\/wp\/v2\/media?parent=8717"}],"wp:term":[{"taxonomy":"product_cat","embeddable":true,"href":"https:\/\/vivafertis.com\/fr\/wp-json\/wp\/v2\/product_cat?post=8717"},{"taxonomy":"product_tag","embeddable":true,"href":"https:\/\/vivafertis.com\/fr\/wp-json\/wp\/v2\/product_tag?post=8717"}],"curies":[{"name":"wp","href":"https:\/\/api.w.org\/{rel}","templated":true}]}}