{"id":8727,"date":"2023-06-15T14:19:56","date_gmt":"2023-06-15T11:19:56","guid":{"rendered":"https:\/\/vivafertis.com\/?post_type=product&#038;p=8727"},"modified":"2023-06-16T11:08:41","modified_gmt":"2023-06-16T08:08:41","slug":"engrais-premium-pour-les-fleurs-fleurissantes-et-les-fleurs-de-balcon","status":"publish","type":"product","link":"https:\/\/vivafertis.com\/fr\/produit\/engrais-premium-pour-les-fleurs-fleurissantes-et-les-fleurs-de-balcon\/","title":{"rendered":"ENGRAIS PREMIUM POUR LES FLEURS FLEURISSANTES ET LES FLEURS DE BALCON"},"content":{"rendered":"<p>Engrais complexe liquide, moderne et \u00e9quilibr\u00e9, \u00e0 l\u2019extrait des algues marines\u00a0<em>Ascophyllum nodosum<\/em>, enrichi aux oligo\u00e9l\u00e9ments essentiels. Les substances nutritives de cet engrais sont facilement assimil\u00e9es. Le produit est destin\u00e9 aux fleurs et aux plantes ornementales fleurissantes (roses, p\u00e9largoniums, orchid\u00e9es, azal\u00e9es, chrysanth\u00e8mes, fuchsias, p\u00e9tunias, palmiers, figuiers, dracaenas, scheffl\u00e9ras, yuccas et agrumes ornementaux).<\/p>\n<p>Cette conception de bouteille emp\u00eache l\u2019utilisateur de surdoser ou de renverser des engrais, n\u2019a pas besoin d\u2019utiliser de vieux bouchons doseurs qui salissent vos mains. Avec cette bouteille, l\u2019utilisateur atteint le niveau maximum de propret\u00e9 et de pr\u00e9cision.<\/p>\n","protected":false},"excerpt":{"rendered":"<p>Accentuez tout le potentiel des fleurs. Engrais complexe liquide, moderne et \u00e9quilibr\u00e9, \u00e0 l\u2019extrait des algues marines\u00a0<em>Ascophyllum nodosum<\/em>, enrichi aux oligo\u00e9l\u00e9ments essentiels. Les substances nutritives de cet engrais sont facilement assimil\u00e9es. Le produit est destin\u00e9 aux fleurs et aux plantes ornementales fleurissantes (roses, p\u00e9largoniums, orchid\u00e9es, azal\u00e9es, chrysanth\u00e8mes, fuchsias, p\u00e9tunias, palmiers, figuiers, dracaenas, scheffl\u00e9ras, yuccas et agrumes ornementaux).<\/p>\n","protected":false},"featured_media":10878,"template":"","meta":{"inline_featured_image":false},"product_cat":[93,270],"product_tag":[],"acf":[],"_links":{"self":[{"href":"https:\/\/vivafertis.com\/fr\/wp-json\/wp\/v2\/product\/8727"}],"collection":[{"href":"https:\/\/vivafertis.com\/fr\/wp-json\/wp\/v2\/product"}],"about":[{"href":"https:\/\/vivafertis.com\/fr\/wp-json\/wp\/v2\/types\/product"}],"wp:featuredmedia":[{"embeddable":true,"href":"https:\/\/vivafertis.com\/fr\/wp-json\/wp\/v2\/media\/10878"}],"wp:attachment":[{"href":"https:\/\/vivafertis.com\/fr\/wp-json\/wp\/v2\/media?parent=8727"}],"wp:term":[{"taxonomy":"product_cat","embeddable":true,"href":"https:\/\/vivafertis.com\/fr\/wp-json\/wp\/v2\/product_cat?post=8727"},{"taxonomy":"product_tag","embeddable":true,"href":"https:\/\/vivafertis.com\/fr\/wp-json\/wp\/v2\/product_tag?post=8727"}],"curies":[{"name":"wp","href":"https:\/\/api.w.org\/{rel}","templated":true}]}}