{"id":8736,"date":"2023-06-15T13:40:07","date_gmt":"2023-06-15T10:40:07","guid":{"rendered":"https:\/\/vivafertis.com\/?post_type=product&#038;p=8736"},"modified":"2023-06-16T11:11:55","modified_gmt":"2023-06-16T08:11:55","slug":"engrais-universel-premium","status":"publish","type":"product","link":"https:\/\/vivafertis.com\/fr\/produit\/engrais-universel-premium\/","title":{"rendered":"ENGRAIS UNIVERSEL PREMIUM"},"content":{"rendered":"<p>L\u2019engrais complexe liquide en azote, phosphore et potassium aux acides humiques et fulviques, enrichi des oligo\u00e9l\u00e9ments essentiels, est destin\u00e9 \u00e0 la fertilisation des plants, des l\u00e9gumes de serre et d\u2019ext\u00e9rieur, des arbres fruitiers, des fleurs d\u2019int\u00e9rieur, de balcon et d\u2019ext\u00e9rieur, des plantes de jardin et ornementales, ainsi qu\u2019au semis de la pelouse.<\/p>\n<p>Cette conception de bouteille emp\u00eache l\u2019utilisateur de surdoser ou de renverser des engrais, n\u2019a pas besoin d\u2019utiliser de vieux bouchons doseurs qui salissent vos mains. Avec cette bouteille, l\u2019utilisateur atteint le niveau maximum de propret\u00e9 et de pr\u00e9cision.<\/p>\n","protected":false},"excerpt":{"rendered":"<p>Combinaison id\u00e9ale des substances nutritives a un effet imm\u00e9diat et assure une croissance saine. L\u2019engrais complexe liquide en azote, phosphore et potassium aux acides humiques et fulviques, enrichi des oligo\u00e9l\u00e9ments essentiels, est destin\u00e9 \u00e0 la fertilisation des plants, des l\u00e9gumes de serre et d\u2019ext\u00e9rieur, des arbres fruitiers, des fleurs d\u2019int\u00e9rieur, de balcon et d\u2019ext\u00e9rieur, des plantes de jardin et ornementales, ainsi qu\u2019au semis de la pelouse.<\/p>\n","protected":false},"featured_media":10888,"template":"","meta":{"inline_featured_image":false},"product_cat":[180,184,93,99,270,271,273,274],"product_tag":[],"acf":[],"_links":{"self":[{"href":"https:\/\/vivafertis.com\/fr\/wp-json\/wp\/v2\/product\/8736"}],"collection":[{"href":"https:\/\/vivafertis.com\/fr\/wp-json\/wp\/v2\/product"}],"about":[{"href":"https:\/\/vivafertis.com\/fr\/wp-json\/wp\/v2\/types\/product"}],"wp:featuredmedia":[{"embeddable":true,"href":"https:\/\/vivafertis.com\/fr\/wp-json\/wp\/v2\/media\/10888"}],"wp:attachment":[{"href":"https:\/\/vivafertis.com\/fr\/wp-json\/wp\/v2\/media?parent=8736"}],"wp:term":[{"taxonomy":"product_cat","embeddable":true,"href":"https:\/\/vivafertis.com\/fr\/wp-json\/wp\/v2\/product_cat?post=8736"},{"taxonomy":"product_tag","embeddable":true,"href":"https:\/\/vivafertis.com\/fr\/wp-json\/wp\/v2\/product_tag?post=8736"}],"curies":[{"name":"wp","href":"https:\/\/api.w.org\/{rel}","templated":true}]}}