{"id":8745,"date":"2023-06-14T15:55:12","date_gmt":"2023-06-14T12:55:12","guid":{"rendered":"https:\/\/vivafertis.com\/?post_type=product&#038;p=8745"},"modified":"2023-06-16T11:50:04","modified_gmt":"2023-06-16T08:50:04","slug":"engrais-premium-pour-les-legumes-et-les-cultures-fruitieres","status":"publish","type":"product","link":"https:\/\/vivafertis.com\/fr\/produit\/engrais-premium-pour-les-legumes-et-les-cultures-fruitieres\/","title":{"rendered":"ENGRAIS PREMIUM POUR LES L\u00c9GUMES ET LES CULTURES FRUITI\u00c8RES"},"content":{"rendered":"<p>Une composition riche de cet engrais a \u00e9t\u00e9 sp\u00e9cialement con\u00e7ue pour satisfaire tous les besoins alimentaires de tous les l\u00e9gumes et fruits. La r\u00e9colte sera plus grande, de belle couleur et de bon go\u00fbt. Le produit convient parfaitement pour fertiliser tous les l\u00e9gumes de serre et d\u2019ext\u00e9rieur, ainsi que les cultures fruiti\u00e8res.<\/p>\n<p>Cette conception de bouteille emp\u00eache l\u2019utilisateur de surdoser ou de renverser des engrais, n\u2019a pas besoin d\u2019utiliser de vieux bouchons doseurs qui salissent vos mains. Avec cette bouteille, l\u2019utilisateur atteint le niveau maximum de propret\u00e9 et de pr\u00e9cision.<\/p>\n","protected":false},"excerpt":{"rendered":"<p>Le produit convient parfaitement pour fertiliser tous les l\u00e9gumes de serre et d\u2019ext\u00e9rieur, ainsi que les cultures fruiti\u00e8res. Une composition riche de cet engrais a \u00e9t\u00e9 sp\u00e9cialement con\u00e7ue pour satisfaire tous les besoins alimentaires de tous les l\u00e9gumes et fruits. La r\u00e9colte sera plus grande, de belle couleur et de bon go\u00fbt.<\/p>\n","protected":false},"featured_media":10873,"template":"","meta":{"inline_featured_image":false},"product_cat":[184,274],"product_tag":[],"acf":[],"_links":{"self":[{"href":"https:\/\/vivafertis.com\/fr\/wp-json\/wp\/v2\/product\/8745"}],"collection":[{"href":"https:\/\/vivafertis.com\/fr\/wp-json\/wp\/v2\/product"}],"about":[{"href":"https:\/\/vivafertis.com\/fr\/wp-json\/wp\/v2\/types\/product"}],"wp:featuredmedia":[{"embeddable":true,"href":"https:\/\/vivafertis.com\/fr\/wp-json\/wp\/v2\/media\/10873"}],"wp:attachment":[{"href":"https:\/\/vivafertis.com\/fr\/wp-json\/wp\/v2\/media?parent=8745"}],"wp:term":[{"taxonomy":"product_cat","embeddable":true,"href":"https:\/\/vivafertis.com\/fr\/wp-json\/wp\/v2\/product_cat?post=8745"},{"taxonomy":"product_tag","embeddable":true,"href":"https:\/\/vivafertis.com\/fr\/wp-json\/wp\/v2\/product_tag?post=8745"}],"curies":[{"name":"wp","href":"https:\/\/api.w.org\/{rel}","templated":true}]}}