{"id":5853,"date":"2022-11-14T09:22:37","date_gmt":"2022-11-14T07:22:37","guid":{"rendered":"https:\/\/vivafertis.com\/?page_id=5853"},"modified":"2025-05-13T08:42:45","modified_gmt":"2025-05-13T05:42:45","slug":"pirkimas-ir-grazinimas","status":"publish","type":"page","link":"https:\/\/vivafertis.com\/lt\/pirkimas-ir-grazinimas\/","title":{"rendered":"Pirkimas ir gr\u0105\u017einimas"},"content":{"rendered":"<p><strong>14\u00a0 dien\u0173 apsispr\u0119sti<\/strong><\/p>\n<p>Bet kuri\u0105, internetu \u012fsigyt\u0105 \u201cvivafertis.lt\u201d prek\u0119, per 14 dien\u0173 nuo u\u017esakymo gavimo galite gr\u0105\u017einti ir atgauti u\u017e prek\u0119 sumok\u0117tus pinigus net nenurodant jokios prie\u017easties.<\/p>\n<p><strong>Per 14 dien\u0173 nuo prek\u0117s pristatymo dienos bet kur\u012f pirkin\u012f J\u016bs galite:<\/strong><\/p>\n<ol>\n<li><strong>Keisti \u012f kit\u0105 dyd\u012f ar kit\u0105 model\u012f.\u00a0<\/strong>Galima keisti tiek \u012f pigesn\u0119, tiek \u012f brangesn\u0119 prek\u0119 negu pirkote. Permok\u0105 gr\u0105\u017einame Jums \u012f s\u0105skait\u0105, o tr\u016bkum\u0105 galima apmok\u0117ti kei\u010diamos prek\u0117s pristatymo metu. Pirkimo metu panaudotas nuolaidos kodas prisitaikys ir kei\u010diamai prekei. Rekomenduojame kuo skubiau rezervuoti prek\u0119 \u012f kuri\u0105 nor\u0117site pakeisti el.pa\u0161tu info@vivafertis.ltPakeisdami prek\u0119 kurjerio paslaugas apmoka klientas<strong>!<\/strong><\/li>\n<li><strong>Susigr\u0105\u017einti u\u017e prek\u0119 sumok\u0117tus pinigus.<\/strong>Gr\u0105\u017einus prek\u0119, pinigai gr\u0105\u017einami 1 \u2013 5 darbo dien\u0173 laikotarpyje nuo gr\u0105\u017eint\u0173 preki\u0173 pri\u0117mimo dienos. Transporto i\u0161laidos n\u0117ra gr\u0105\u017einamos. Jeigu u\u017e prek\u0119 mok\u0117jote nuolaidos kuponu, tai gr\u0105\u017einamas kuponas, bei papildomai sumok\u0117ta suma.<\/li>\n<\/ol>\n<p><strong>Prek\u0117s gr\u0105\u017einimo \/ keitimo s\u0105lygos<\/strong><\/p>\n<p><strong>Kei\u010diamos arba gr\u0105\u017einamos prek\u0117s turi atitikti \u0161iuos kriterijus:<\/strong><\/p>\n<p>1.Prek\u0117 negali b\u016bti naudota, ji turi b\u016bti nesugadinta ir nepraradusi savo vert\u0117s.<\/p>\n<p>2.Gr\u0105\u017einamos prek\u0117s turi b\u016bti su etiket\u0117mis.<\/p>\n<p>3.Privaloma susisiekti m\u016bs\u0173 \u012fmon\u0117s elektroniniu pa\u0161tu info@vivafertis.com.<\/p>\n<p>Prekes reik\u0117s si\u0173sti <strong>registruotu\u00a0<\/strong>pa\u0161tu arba pa\u0161tomatais (tuomet pa\u0161tas i\u0161duos jums siuntos numer\u012f, pagal kur\u012f gal\u0117site matyti, kada siunta atkeliaus pas mus, bei gal\u0117site surasti siunt\u0105 jeigu ji pasimest\u0173). U\u017e <strong>neregistruotos<\/strong> siuntos dingim\u0105 neatsakome.<\/p>\n<p><strong>Aktai reglamentuojantys preki\u0173 gr\u0105\u017einim\u0105<\/strong><\/p>\n<p>Parduot\u0173 preki\u0173 tr\u016bkumai \u0161alinami, nekokybi\u0161kos prek\u0117s kei\u010diamos, gr\u0105\u017einamos vadovaujantis Lietuvos Respublikos Vyriausyb\u0117s nutarimu patvirtintomis \u201eMa\u017emenin\u0117s prekybos taisykl\u0117mis\u201c.<\/p>\n<p>Tinkamos kokyb\u0117s preki\u0173 gr\u0105\u017einimas ir keitimas vykdomas vadovaujantis Civilinio kodekso 6.22810 straipsnio 1 dalimi;<\/p>\n<p>Pra\u0161ym\u0105\/skund\u0105 d\u0117l m\u016bs\u0173 interneto parduotuv\u0117je \u012fsigytos prek\u0117s ar paslaugos galite pateikti Valstybinei vartotoj\u0173 teisi\u0173 apsaugos tarnybai (Vilniaus g. 25, 01402 Vilnius, el. p. tarnyba@vvtat.lt, tel. 8 5 262 67 51, faks. (8 5) 279 1466, interneto svetain\u0117je\u00a0<a href=\"http:\/\/www.vvtat.lt\/\" target=\"_blank\" rel=\"noopener\">www.vvtat.lt<\/a>, jos teritoriniams padaliniams apskrityse \u2013\u00a0<a href=\"http:\/\/www.vvtat.lt\/index.php?470187665\" target=\"_blank\" rel=\"noopener\">http:\/\/www.vvtat.lt\/index.php?470187665<\/a>) ar u\u017epildyti pra\u0161ymo form\u0105 EGS platformoje\u00a0<a href=\"http:\/\/ec.europa.eu\/odr\" target=\"_blank\" rel=\"noopener\">http:\/\/ec.europa.eu\/odr<\/a>\/<\/p>\n","protected":false},"excerpt":{"rendered":"<p>14\u00a0 dien\u0173 apsispr\u0119sti Bet kuri\u0105, internetu \u012fsigyt\u0105 \u201cvivafertis.lt\u201d prek\u0119, per 14 dien\u0173 nuo u\u017esakymo gavimo galite gr\u0105\u017einti ir atgauti u\u017e prek\u0119 sumok\u0117tus pinigus net nenurodant jokios prie\u017easties. Per 14 dien\u0173 nuo prek\u0117s pristatymo dienos bet kur\u012f pirkin\u012f J\u016bs galite: Keisti \u012f kit\u0105 dyd\u012f ar kit\u0105 model\u012f.\u00a0Galima keisti tiek \u012f pigesn\u0119, tiek \u012f brangesn\u0119 prek\u0119 negu [&hellip;]<\/p>\n","protected":false},"author":1,"featured_media":0,"parent":0,"menu_order":0,"comment_status":"closed","ping_status":"closed","template":"","meta":{"inline_featured_image":false},"acf":[],"_links":{"self":[{"href":"https:\/\/vivafertis.com\/lt\/wp-json\/wp\/v2\/pages\/5853"}],"collection":[{"href":"https:\/\/vivafertis.com\/lt\/wp-json\/wp\/v2\/pages"}],"about":[{"href":"https:\/\/vivafertis.com\/lt\/wp-json\/wp\/v2\/types\/page"}],"author":[{"embeddable":true,"href":"https:\/\/vivafertis.com\/lt\/wp-json\/wp\/v2\/users\/1"}],"replies":[{"embeddable":true,"href":"https:\/\/vivafertis.com\/lt\/wp-json\/wp\/v2\/comments?post=5853"}],"version-history":[{"count":4,"href":"https:\/\/vivafertis.com\/lt\/wp-json\/wp\/v2\/pages\/5853\/revisions"}],"predecessor-version":[{"id":10066,"href":"https:\/\/vivafertis.com\/lt\/wp-json\/wp\/v2\/pages\/5853\/revisions\/10066"}],"wp:attachment":[{"href":"https:\/\/vivafertis.com\/lt\/wp-json\/wp\/v2\/media?parent=5853"}],"curies":[{"name":"wp","href":"https:\/\/api.w.org\/{rel}","templated":true}]}}