{"id":5878,"date":"2022-11-14T09:21:55","date_gmt":"2022-11-14T07:21:55","guid":{"rendered":"https:\/\/vivafertis.com\/?page_id=5878"},"modified":"2025-06-25T14:29:41","modified_gmt":"2025-06-25T11:29:41","slug":"pristatymas","status":"publish","type":"page","link":"https:\/\/vivafertis.com\/lt\/pristatymas\/","title":{"rendered":"Pristatymas"},"content":{"rendered":"<p><strong>Siuntimas ir pristatymas<\/strong><\/p>\n<p>Internetin\u0117je parduotuv\u0117je \u201cvivafertis.com\u201d\/\u201cvivafertis.lt\u201d prekes galite u\u017esisakyti bet kuriuo paros metu, bet kuri\u0105 savait\u0117s dien\u0105. U\u017esakydami prekes, galite pasirinkti patogiausia Jums preki\u0173 pristatymo b\u016bd\u0105: prekes galime pristatyti Jums \u012f namus arba artimiausi\u0105 pa\u0161tomat\u0105.<\/p>\n<p>Preki\u0173 pristatymo kaina visoje Lietuvos Respublikos teritorijoje priklauso nuo J\u016bs\u0173 perkam\u0173 preki\u0173 svorio. \u0160i kaina yra pateikiama, atliekant u\u017esakym\u0105. Prek\u0117s pristatomos nurodytu adresu arba \u012f kit\u0105 pirk\u0117jui patogi\u0105 viet\u0105.<\/p>\n<p>*Siunt\u0173 pristatymas \u012f Kur\u0161i\u0173 nerija \u2013 papildomas 22\u00a0\u20ac. mokestis, u\u017e j\u012f reikia moketi atskirai.<\/p>\n<p>Preki\u0173 pristatymas u\u017etrunka nuo 2 iki 5 darbo dien\u0173 nuo J\u016bs\u0173 apmok\u0117jimo ir pinig\u0173 \u012fskaitymo \u012f UAB &#8220;AGROCONSULT LT&#8221; s\u0105skait\u0105.<\/p>\n<p>Skubus u\u017esakymas vykdomas para\u0161ius mums \u012f elektronin\u012f pa\u0161t\u0105\u00a0info@vivafertis.lt (paslauga vykdoma tik visoje Europoje)<\/p>\n<p>Prek\u0117s pirk\u0117jui yra pristatomos naudojantis kompanijos \u201cVenipak\u201d greit\u0173j\u0173 pasiuntini\u0173 pa\u0161to paslauga, arba per bet kur\u012f kit\u0105, m\u016bs\u0173 \u012fgaliot\u0105, pristatymo kurjer\u012f. Priimdamas prekes, pirk\u0117jas privalo patikrinti siuntos komplektacij\u0105 ir pristatyt\u0173 preki\u0173 b\u016bkl\u0119. Pri\u0117mus prekes ir pasira\u0161ius siuntos pristatymo dokumentus be pastab\u0173, laikoma, kad pakuot\u0117je esantys daiktai yra tvarkingi, siunta pristatyta tvarkingai ir nei viena santykio \u0161alis pretenzij\u0173 d\u0117l siuntoje esan\u010di\u0173 preki\u0173 neturi. \u00a0Jums neatlikus \u0161i\u0173 veiksm\u0173, mes neprisiimame atsakomyb\u0117s d\u0117l:<\/p>\n<ol>\n<li>preki\u0173 pa\u017eeidim\u0173, jeigu toki\u0173 pa\u017eeidim\u0173 atsiradimo pagrindas n\u0117ra gamyklinis brokas;<\/li>\n<li>u\u017esakymo komplektacijos neatitikim\u0173, jeigu \u0161iuos neatitikimus galima nustatyti i\u0161orin\u0117s preki\u0173 ap\u017ei\u016bros metu.<\/li>\n<\/ol>\n<p>Preki\u0173, kuri\u0173 svoris yra didesnis nei 30 kg, pristatomos tik iki gav\u0117jo namo.<\/p>\n<p>Pristatymo metu pirk\u0117jas privalo pateikti asmens tapatyb\u0119 \u012frodant\u012f dokument\u0105. Jeigu atsiimantis prekes asmuo neatitinka m\u016bs\u0173 turim\u0173 duomen\u0173 apie u\u017esakov\u0105, arba jeigu i\u0161ai\u0161k\u0117ja, kad registracijos svetain\u0117je metu buvo pateikti melagingi ir neatitinkantys tikrov\u0117s duomenys, arba atsiimantis prekes asmuo dar n\u0117ra sulauk\u0119s 16 metu am\u017eiaus ir pristatymo metu n\u0117ra \u012fgij\u0119s teisinio veiksnumo, mes turime teis\u0119 atsisakyti pristatyti prekes u\u017esakovui be joki\u0173 teisini\u0173 pasekmi\u0173. Mes neatsakome u\u017e duomen\u0173 \u012fvedimo metu padarytas klaidas ar netikslumus, tod\u0117l rekomenduojame itin kruop\u0161\u010diai u\u017epildyti ir pakartotinai patikrinti savo registracijos duomenis ir preki\u0173 pristatymo adres\u0105.<\/p>\n<p><strong>U\u017dSAKYT\u0172 PREKI\u0172 PRISTATYMO V\u0116LAVIMAS:<\/strong><\/p>\n<p>Mes darome visk\u0105 kas yra \u012fmanoma, siekdami u\u017etikrinti, savalaik\u012f u\u017esakytos ir apmok\u0117tos prek\u0117s pristatym\u0105. Ta\u010diau pristatymo v\u0117lavimo atvejai gali pasitaikyti ir d\u0117l nuo m\u016bs\u0173 nepriklausan\u010di\u0173 ar d\u0117l nenumatyt\u0173 aplinkybi\u0173. Nei \u201cvivafertis.com\u201d\/\u201cvivafertis.lt\u201d , nei m\u016bs\u0173 \u012fgaliotas siunt\u0117jas arba ve\u017e\u0117jas negali visi\u0161kai pilnai u\u017etikrinti to, kad pirkinys pasieks Jus b\u016btent per i\u0161 anksto numatyt\u0105 pristatymo laikotarp\u012f. Taip pat mes neprisiimame atsakomyb\u0117s u\u017e jokias pasekmes, kurias gali sukelti prek\u0117s pristatymas v\u0117liau negu m\u016bs\u0173 puslapyje nurodytas standartinis pristatymo laikotarpis. Visa nuostoli\u0173 ar \u017ealos rizika d\u0117l preki\u0173 pristatymo datos ir laiko prisiima pirk\u0117jas.<\/p>\n<p>&nbsp;<\/p>\n","protected":false},"excerpt":{"rendered":"<p>Siuntimas ir pristatymas Internetin\u0117je parduotuv\u0117je \u201cvivafertis.com\u201d\/\u201cvivafertis.lt\u201d prekes galite u\u017esisakyti bet kuriuo paros metu, bet kuri\u0105 savait\u0117s dien\u0105. U\u017esakydami prekes, galite pasirinkti patogiausia Jums preki\u0173 pristatymo b\u016bd\u0105: prekes galime pristatyti Jums \u012f namus arba artimiausi\u0105 pa\u0161tomat\u0105. Preki\u0173 pristatymo kaina visoje Lietuvos Respublikos teritorijoje priklauso nuo J\u016bs\u0173 perkam\u0173 preki\u0173 svorio. \u0160i kaina yra pateikiama, atliekant u\u017esakym\u0105. Prek\u0117s [&hellip;]<\/p>\n","protected":false},"author":1,"featured_media":0,"parent":0,"menu_order":0,"comment_status":"closed","ping_status":"closed","template":"","meta":{"inline_featured_image":false},"acf":[],"_links":{"self":[{"href":"https:\/\/vivafertis.com\/lt\/wp-json\/wp\/v2\/pages\/5878"}],"collection":[{"href":"https:\/\/vivafertis.com\/lt\/wp-json\/wp\/v2\/pages"}],"about":[{"href":"https:\/\/vivafertis.com\/lt\/wp-json\/wp\/v2\/types\/page"}],"author":[{"embeddable":true,"href":"https:\/\/vivafertis.com\/lt\/wp-json\/wp\/v2\/users\/1"}],"replies":[{"embeddable":true,"href":"https:\/\/vivafertis.com\/lt\/wp-json\/wp\/v2\/comments?post=5878"}],"version-history":[{"count":4,"href":"https:\/\/vivafertis.com\/lt\/wp-json\/wp\/v2\/pages\/5878\/revisions"}],"predecessor-version":[{"id":10588,"href":"https:\/\/vivafertis.com\/lt\/wp-json\/wp\/v2\/pages\/5878\/revisions\/10588"}],"wp:attachment":[{"href":"https:\/\/vivafertis.com\/lt\/wp-json\/wp\/v2\/media?parent=5878"}],"curies":[{"name":"wp","href":"https:\/\/api.w.org\/{rel}","templated":true}]}}