{"id":10554,"date":"2024-12-30T13:47:33","date_gmt":"2024-12-30T11:47:33","guid":{"rendered":"https:\/\/vivafertis.com\/?post_type=product&#038;p=10554"},"modified":"2025-07-08T10:28:53","modified_gmt":"2025-07-08T07:28:53","slug":"__trashed-3","status":"publish","type":"product","link":"https:\/\/vivafertis.com\/lt\/produktas\/__trashed-3\/","title":{"rendered":"Vandens kietumo ir pH ma\u017einimo priemon\u0117 pH Focus Home, 5 L"},"content":{"rendered":"<p><span style=\"font-family: Times New Roman, serif;\"><span style=\"font-size: medium;\">Produktas efektyviai ma\u017eina vandens kietum\u0105 ir reguliuoja pH, taip sudarant palankesnes augal\u0173 augimo s\u0105lygas.\u00a0<\/span><\/span><\/p>\n","protected":false},"excerpt":{"rendered":"<p style=\"text-align: left;\" align=\"center\"><span style=\"font-family: Times New Roman, serif;\">Vandens kietumo ir pH ma\u017einimo priemon\u0117.<\/span><\/p>\n<p style=\"text-align: left;\" align=\"center\"><span style=\"font-family: 'Times New Roman', serif;\"><span style=\"font-size: medium;\">Produktas efektyviai ma\u017eina vandens kietum\u0105 ir reguliuoja pH, taip sudarant palankesnes augal\u0173 augimo s\u0105lygas.\u00a0<\/span><\/span><\/p>\n","protected":false},"featured_media":10560,"template":"","meta":{"inline_featured_image":false},"product_cat":[159,572,121,113,153,582,432,119,558,282,574,279,114,280,583,281],"product_tag":[],"acf":[],"_links":{"self":[{"href":"https:\/\/vivafertis.com\/lt\/wp-json\/wp\/v2\/product\/10554"}],"collection":[{"href":"https:\/\/vivafertis.com\/lt\/wp-json\/wp\/v2\/product"}],"about":[{"href":"https:\/\/vivafertis.com\/lt\/wp-json\/wp\/v2\/types\/product"}],"wp:featuredmedia":[{"embeddable":true,"href":"https:\/\/vivafertis.com\/lt\/wp-json\/wp\/v2\/media\/10560"}],"wp:attachment":[{"href":"https:\/\/vivafertis.com\/lt\/wp-json\/wp\/v2\/media?parent=10554"}],"wp:term":[{"taxonomy":"product_cat","embeddable":true,"href":"https:\/\/vivafertis.com\/lt\/wp-json\/wp\/v2\/product_cat?post=10554"},{"taxonomy":"product_tag","embeddable":true,"href":"https:\/\/vivafertis.com\/lt\/wp-json\/wp\/v2\/product_tag?post=10554"}],"curies":[{"name":"wp","href":"https:\/\/api.w.org\/{rel}","templated":true}]}}