{"id":10562,"date":"2024-12-30T13:02:18","date_gmt":"2024-12-30T11:02:18","guid":{"rendered":"https:\/\/vivafertis.com\/?post_type=product&#038;p=10562"},"modified":"2025-09-05T09:02:51","modified_gmt":"2025-09-05T06:02:51","slug":"protector-4tree-500-ml","status":"publish","type":"product","link":"https:\/\/vivafertis.com\/lt\/produktas\/protector-4tree-500-ml\/","title":{"rendered":"PUR\u0160KIAMAS SODO TEPALAS PROTECTOR 4TREE, 500 ml"},"content":{"rendered":"<p>Sodo tepalo aerozolis skirtas apsaugoti med\u017ei\u0173, kr\u016bm\u0173 ir bons\u0173 \u017eaizdas po gen\u0117jimo, skiepijimo, pa\u017eeidim\u0173 bei \u017eiev\u0117s \u012ftr\u016bkim\u0173.<\/p>\n","protected":false},"excerpt":{"rendered":"<p>Sodo tepalo aerozolis skirtas apsaugoti med\u017ei\u0173, kr\u016bm\u0173 ir bons\u0173 \u017eaizdas po gen\u0117jimo, skiepijimo, pa\u017eeidim\u0173 bei \u017eiev\u0117s \u012ftr\u016bkim\u0173.<\/p>\n","protected":false},"featured_media":10566,"template":"","meta":{"inline_featured_image":false},"product_cat":[572,153,574,281],"product_tag":[],"acf":[],"_links":{"self":[{"href":"https:\/\/vivafertis.com\/lt\/wp-json\/wp\/v2\/product\/10562"}],"collection":[{"href":"https:\/\/vivafertis.com\/lt\/wp-json\/wp\/v2\/product"}],"about":[{"href":"https:\/\/vivafertis.com\/lt\/wp-json\/wp\/v2\/types\/product"}],"wp:featuredmedia":[{"embeddable":true,"href":"https:\/\/vivafertis.com\/lt\/wp-json\/wp\/v2\/media\/10566"}],"wp:attachment":[{"href":"https:\/\/vivafertis.com\/lt\/wp-json\/wp\/v2\/media?parent=10562"}],"wp:term":[{"taxonomy":"product_cat","embeddable":true,"href":"https:\/\/vivafertis.com\/lt\/wp-json\/wp\/v2\/product_cat?post=10562"},{"taxonomy":"product_tag","embeddable":true,"href":"https:\/\/vivafertis.com\/lt\/wp-json\/wp\/v2\/product_tag?post=10562"}],"curies":[{"name":"wp","href":"https:\/\/api.w.org\/{rel}","templated":true}]}}