{"id":10603,"date":"2025-03-14T12:44:44","date_gmt":"2025-03-14T10:44:44","guid":{"rendered":"https:\/\/vivafertis.com\/?post_type=product&#038;p=10603"},"modified":"2025-07-08T17:35:38","modified_gmt":"2025-07-08T14:35:38","slug":"tirpios-trasos-kambarinems-ir-lauko-gelems-1-kg","status":"publish","type":"product","link":"https:\/\/vivafertis.com\/lt\/produktas\/tirpios-trasos-kambarinems-ir-lauko-gelems-1-kg\/","title":{"rendered":"Tirpios tr\u0105\u0161os kambarin\u0117ms ir lauko g\u0117l\u0117ms, 1 kg"},"content":{"rendered":"<p>Organin\u0117s-mineralin\u0117s, 100 % tirpios tr\u0105\u0161os su j\u016bros dumbliais, makro- ir mikroelementais (be chloro), skirtos ro\u017ei\u0173 kr\u016bmams, g\u0117l\u0117ms ir dekoratyviniams augalams, j\u0173 daigams ir sodinukams tr\u0119\u0161ti.<\/p>\n","protected":false},"excerpt":{"rendered":"<p>Organin\u0117s-mineralin\u0117s, 100 % tirpios tr\u0105\u0161os su j\u016bros dumbliais, makro- ir mikroelementais (be chloro), skirtos ro\u017ei\u0173 kr\u016bmams, g\u0117l\u0117ms ir dekoratyviniams augalams, j\u0173 daigams ir sodinukams tr\u0119\u0161ti.<\/p>\n","protected":false},"featured_media":10619,"template":"","meta":{"inline_featured_image":false},"product_cat":[572,113,574,114],"product_tag":[],"acf":[],"_links":{"self":[{"href":"https:\/\/vivafertis.com\/lt\/wp-json\/wp\/v2\/product\/10603"}],"collection":[{"href":"https:\/\/vivafertis.com\/lt\/wp-json\/wp\/v2\/product"}],"about":[{"href":"https:\/\/vivafertis.com\/lt\/wp-json\/wp\/v2\/types\/product"}],"wp:featuredmedia":[{"embeddable":true,"href":"https:\/\/vivafertis.com\/lt\/wp-json\/wp\/v2\/media\/10619"}],"wp:attachment":[{"href":"https:\/\/vivafertis.com\/lt\/wp-json\/wp\/v2\/media?parent=10603"}],"wp:term":[{"taxonomy":"product_cat","embeddable":true,"href":"https:\/\/vivafertis.com\/lt\/wp-json\/wp\/v2\/product_cat?post=10603"},{"taxonomy":"product_tag","embeddable":true,"href":"https:\/\/vivafertis.com\/lt\/wp-json\/wp\/v2\/product_tag?post=10603"}],"curies":[{"name":"wp","href":"https:\/\/api.w.org\/{rel}","templated":true}]}}