{"id":10609,"date":"2025-03-14T12:44:44","date_gmt":"2025-03-14T10:44:44","guid":{"rendered":"https:\/\/vivafertis.com\/product\/soluble-fertilizer-for-tasty-vegetables-1-kg\/"},"modified":"2025-07-08T17:38:15","modified_gmt":"2025-07-08T14:38:15","slug":"tirpios-trasos-skanioms-darzovems-1-kg","status":"publish","type":"product","link":"https:\/\/vivafertis.com\/lt\/produktas\/tirpios-trasos-skanioms-darzovems-1-kg\/","title":{"rendered":"Tirpios tr\u0105\u0161os skanioms dar\u017eov\u0117ms, 1 kg"},"content":{"rendered":"<p>Organin\u0117s-mineralin\u0117s, 100 % tirpios tr\u0105\u0161os su j\u016bros dumbliais, makro- ir mikroelementais (be chloro), skirtos visoms dar\u017eov\u0117ms iki der\u0117jimo, der\u0117jimo metu ir j\u0173 daigams tr\u0119\u0161ti.<\/p>\n","protected":false},"excerpt":{"rendered":"<p>Organin\u0117s-mineralin\u0117s, 100 % tirpios tr\u0105\u0161os su j\u016bros dumbliais, amino r\u016bg\u0161timis, makro- ir mikroelementais (be chloro), skirtos visoms dar\u017eov\u0117ms iki der\u0117jimo, der\u0117jimo metu ir j\u0173 daigams tr\u0119\u0161ti.<\/p>\n","protected":false},"featured_media":10614,"template":"","meta":{"inline_featured_image":false},"product_cat":[159,282],"product_tag":[],"acf":[],"_links":{"self":[{"href":"https:\/\/vivafertis.com\/lt\/wp-json\/wp\/v2\/product\/10609"}],"collection":[{"href":"https:\/\/vivafertis.com\/lt\/wp-json\/wp\/v2\/product"}],"about":[{"href":"https:\/\/vivafertis.com\/lt\/wp-json\/wp\/v2\/types\/product"}],"wp:featuredmedia":[{"embeddable":true,"href":"https:\/\/vivafertis.com\/lt\/wp-json\/wp\/v2\/media\/10614"}],"wp:attachment":[{"href":"https:\/\/vivafertis.com\/lt\/wp-json\/wp\/v2\/media?parent=10609"}],"wp:term":[{"taxonomy":"product_cat","embeddable":true,"href":"https:\/\/vivafertis.com\/lt\/wp-json\/wp\/v2\/product_cat?post=10609"},{"taxonomy":"product_tag","embeddable":true,"href":"https:\/\/vivafertis.com\/lt\/wp-json\/wp\/v2\/product_tag?post=10609"}],"curies":[{"name":"wp","href":"https:\/\/api.w.org\/{rel}","templated":true}]}}