{"id":10738,"date":"2025-06-25T11:05:10","date_gmt":"2025-06-25T08:05:10","guid":{"rendered":"https:\/\/vivafertis.com\/?post_type=product&#038;p=10738"},"modified":"2025-08-05T16:16:51","modified_gmt":"2025-08-05T13:16:51","slug":"plant-stim-eco-humiroot-05-l-05-l","status":"publish","type":"product","link":"https:\/\/vivafertis.com\/lt\/produktas\/plant-stim-eco-humiroot-05-l-05-l\/","title":{"rendered":"PLANT STIM ECO + HUMIROOT (0,5 L+ 0,5 L)"},"content":{"rendered":"<p>Augal\u0173 atsigavimo ir \u0161akn\u0173 stiprinimo rinkinys<\/p>\n<p>\u0160is rinkinys sukurtas augalams, kurie patiria stres\u0105 persodinimo metu, po \u0161aln\u0173, u\u017emirkimo ar kit\u0173 nepalanki\u0173 s\u0105lyg\u0173. Tai idealus derinys tiek naujai pasodintiems, tiek nusilpusiems augalams atgaivinti.<\/p>\n<p><strong>PLANT STIM<\/strong> \u2013 greito poveikio pagalba augalams po streso. Skatina regeneracij\u0105, gerina maistini\u0173 med\u017eiag\u0173 \u012fsisavinim\u0105 ir aktyvina nat\u016bral\u0173 augalo gyvybingum\u0105.<\/p>\n<p><strong>HUMIROOT<\/strong> \u2013 biostimuliatorius, skatinantis intensyv\u0173 \u0161akn\u0173 augim\u0105, gerinantis maistini\u0173 med\u017eiag\u0173 \u012fsisavinim\u0105 ir padedantis augalams lengviau prigyti net skurd\u017eiose dirvose.<\/p>\n","protected":false},"excerpt":{"rendered":"<p>Augal\u0173 atsigavimo ir \u0161akn\u0173 stiprinimo rinkinys<\/p>\n<p>\u0160is rinkinys sukurtas augalams, kurie patiria stres\u0105 persodinimo metu, po \u0161aln\u0173, u\u017emirkimo ar kit\u0173 nepalanki\u0173 s\u0105lyg\u0173. Tai idealus derinys tiek naujai pasodintiems, tiek nusilpusiems augalams atgaivinti.<\/p>\n","protected":false},"featured_media":10732,"template":"","meta":{"inline_featured_image":false},"product_cat":[159,572,113,153,582,432,119,574,279,281,114,583,282,558],"product_tag":[],"acf":[],"_links":{"self":[{"href":"https:\/\/vivafertis.com\/lt\/wp-json\/wp\/v2\/product\/10738"}],"collection":[{"href":"https:\/\/vivafertis.com\/lt\/wp-json\/wp\/v2\/product"}],"about":[{"href":"https:\/\/vivafertis.com\/lt\/wp-json\/wp\/v2\/types\/product"}],"wp:featuredmedia":[{"embeddable":true,"href":"https:\/\/vivafertis.com\/lt\/wp-json\/wp\/v2\/media\/10732"}],"wp:attachment":[{"href":"https:\/\/vivafertis.com\/lt\/wp-json\/wp\/v2\/media?parent=10738"}],"wp:term":[{"taxonomy":"product_cat","embeddable":true,"href":"https:\/\/vivafertis.com\/lt\/wp-json\/wp\/v2\/product_cat?post=10738"},{"taxonomy":"product_tag","embeddable":true,"href":"https:\/\/vivafertis.com\/lt\/wp-json\/wp\/v2\/product_tag?post=10738"}],"curies":[{"name":"wp","href":"https:\/\/api.w.org\/{rel}","templated":true}]}}