{"id":10837,"date":"2025-08-07T10:27:48","date_gmt":"2025-08-07T07:27:48","guid":{"rendered":"https:\/\/vivafertis.com\/product\/shpritz-leaf-tab\/"},"modified":"2025-08-12T08:01:41","modified_gmt":"2025-08-12T05:01:41","slug":"lapiniu-augalu-trasos-shpritz-leaf-tab","status":"publish","type":"product","link":"https:\/\/vivafertis.com\/lt\/produktas\/lapiniu-augalu-trasos-shpritz-leaf-tab\/","title":{"rendered":"Lapini\u0173 augal\u0173 tr\u0105\u0161os SHPRITZ LEAF TAB"},"content":{"rendered":"<p><strong>SHPRITZ<\/strong> <strong>LEAF TAB <\/strong>tr\u0105\u0161\u0173 tablet\u0117s \u2013 tai efektyvus sprendimas lapini\u0173 augal\u0173 tr\u0119\u0161imui viso vegetacijos laikotarpiu. Jose esan\u010dios subalansuotos maistin\u0117s med\u017eiagos (azotas, fosforas, kalis) u\u017etikrina stipri\u0105 lapij\u0105, ve\u0161l\u0173 augim\u0105 ir ger\u0105 augal\u0173 i\u0161vaizd\u0105.<\/p>\n<p>Pakuot\u0117je 14 table\u010di\u0173.<\/p>\n","protected":false},"excerpt":{"rendered":"<p>Inovatyvios, lengvai tirpstan\u010dios tablet\u0117s \u2013 patogus ir tikslus b\u016bdas lapini\u0173 augal\u0173 tr\u0119\u0161imui, kad apr\u016bpinti juos visomis reikalingomis maistin\u0117mis med\u017eiagomis.<\/p>\n","protected":false},"featured_media":10835,"template":"","meta":{"inline_featured_image":false},"product_cat":[113,114],"product_tag":[],"acf":[],"_links":{"self":[{"href":"https:\/\/vivafertis.com\/lt\/wp-json\/wp\/v2\/product\/10837"}],"collection":[{"href":"https:\/\/vivafertis.com\/lt\/wp-json\/wp\/v2\/product"}],"about":[{"href":"https:\/\/vivafertis.com\/lt\/wp-json\/wp\/v2\/types\/product"}],"wp:featuredmedia":[{"embeddable":true,"href":"https:\/\/vivafertis.com\/lt\/wp-json\/wp\/v2\/media\/10835"}],"wp:attachment":[{"href":"https:\/\/vivafertis.com\/lt\/wp-json\/wp\/v2\/media?parent=10837"}],"wp:term":[{"taxonomy":"product_cat","embeddable":true,"href":"https:\/\/vivafertis.com\/lt\/wp-json\/wp\/v2\/product_cat?post=10837"},{"taxonomy":"product_tag","embeddable":true,"href":"https:\/\/vivafertis.com\/lt\/wp-json\/wp\/v2\/product_tag?post=10837"}],"curies":[{"name":"wp","href":"https:\/\/api.w.org\/{rel}","templated":true}]}}