{"id":10856,"date":"2025-08-07T10:27:48","date_gmt":"2025-08-07T07:27:48","guid":{"rendered":"https:\/\/vivafertis.com\/product\/shpritz-veggie-tab\/"},"modified":"2025-08-12T08:24:55","modified_gmt":"2025-08-12T05:24:55","slug":"darzoviu-trasos-shpritz-veggie-tab","status":"publish","type":"product","link":"https:\/\/vivafertis.com\/lt\/produktas\/darzoviu-trasos-shpritz-veggie-tab\/","title":{"rendered":"Dar\u017eovi\u0173 tr\u0105\u0161os SHPRITZ VEGGIE TAB"},"content":{"rendered":"<p><strong>SHPRITZ VEGGIE TAB<\/strong> \u2013 tai efektyvus sprendimas dar\u017eovi\u0173 tr\u0119\u0161imui viso vegetacijos laikotarpiu.<\/p>\n<p>Jose esan\u010dios subalansuotos maistin\u0117s med\u017eiagos (azotas, fosforas, kalis) \u00a0skirtos skatinti dar\u017eovi\u0173 augim\u0105, \u017eyd\u0117jim\u0105 ir gausesn\u012f bei kokybi\u0161kesn\u012f derli\u0173.<\/p>\n<p data-start=\"0\" data-end=\"277\">Pakuot\u0117je 14 table\u010di\u0173.<\/p>\n","protected":false},"excerpt":{"rendered":"<p>Inovatyvios, lengvai tirpstan\u010dios tablet\u0117s \u2013 patogus ir tikslus b\u016bdas dar\u017eovi\u0173 tr\u0119\u0161imui, kad apr\u016bpinti jas visomis reikalingomis maistin\u0117mis med\u017eiagomis.<\/p>\n","protected":false},"featured_media":10852,"template":"","meta":{"inline_featured_image":false},"product_cat":[159,282],"product_tag":[],"acf":[],"_links":{"self":[{"href":"https:\/\/vivafertis.com\/lt\/wp-json\/wp\/v2\/product\/10856"}],"collection":[{"href":"https:\/\/vivafertis.com\/lt\/wp-json\/wp\/v2\/product"}],"about":[{"href":"https:\/\/vivafertis.com\/lt\/wp-json\/wp\/v2\/types\/product"}],"wp:featuredmedia":[{"embeddable":true,"href":"https:\/\/vivafertis.com\/lt\/wp-json\/wp\/v2\/media\/10852"}],"wp:attachment":[{"href":"https:\/\/vivafertis.com\/lt\/wp-json\/wp\/v2\/media?parent=10856"}],"wp:term":[{"taxonomy":"product_cat","embeddable":true,"href":"https:\/\/vivafertis.com\/lt\/wp-json\/wp\/v2\/product_cat?post=10856"},{"taxonomy":"product_tag","embeddable":true,"href":"https:\/\/vivafertis.com\/lt\/wp-json\/wp\/v2\/product_tag?post=10856"}],"curies":[{"name":"wp","href":"https:\/\/api.w.org\/{rel}","templated":true}]}}