{"id":10980,"date":"2025-03-14T12:44:40","date_gmt":"2025-03-14T10:44:40","guid":{"rendered":"https:\/\/vivafertis.com\/product\/plant-stim-eco-500-ml\/"},"modified":"2025-11-03T13:19:10","modified_gmt":"2025-11-03T11:19:10","slug":"plant-stim-eco-500-ml","status":"publish","type":"product","link":"https:\/\/vivafertis.com\/lt\/produktas\/plant-stim-eco-500-ml\/","title":{"rendered":"PLANT STIM, 500 ml"},"content":{"rendered":"<p>Pirmoji pagalba augalui atsigauti po stresini\u0173 veiksni\u0173. Veikliosios med\u017eiagos stimuliuoja augal\u0173 regeneracij\u0105 ir vystym\u0105si. Rekomenduojama naudoti skurstantiems, persodintiems, u\u017emirkusiems, \u0161aln\u0173 arba sausros pa\u017eeistiems, pesticid\u0173, tr\u0105\u0161\u0173 ir saul\u0117s nudegintiems bei d\u0117l vis\u0173 kit\u0173 prie\u017eas\u010di\u0173 blogai augantiems augalams.<\/p>\n","protected":false},"excerpt":{"rendered":"<p>Ekologinis biostimuliatorius. Greitesniam augal\u0173 atsigavimui po streso.<\/p>\n<p>Pirmoji pagalba augalui atsigauti po stresini\u0173 veiksni\u0173. Veikliosios med\u017eiagos stimuliuoja augal\u0173 regeneracij\u0105 ir vystym\u0105si. Rekomenduojama naudoti skurstantiems, persodintiems, u\u017emirkusiems, \u0161aln\u0173 arba sausros pa\u017eeistiems, pesticid\u0173, tr\u0105\u0161\u0173 ir saul\u0117s nudegintiems bei d\u0117l vis\u0173 kit\u0173 prie\u017eas\u010di\u0173 blogai augantiems augalams.<\/p>\n","protected":false},"featured_media":10192,"template":"","meta":{"inline_featured_image":false},"product_cat":[159,572,113,153,582,432,119,558,279,281,574,114,282,583],"product_tag":[467,468,469,470,471],"acf":[],"_links":{"self":[{"href":"https:\/\/vivafertis.com\/lt\/wp-json\/wp\/v2\/product\/10980"}],"collection":[{"href":"https:\/\/vivafertis.com\/lt\/wp-json\/wp\/v2\/product"}],"about":[{"href":"https:\/\/vivafertis.com\/lt\/wp-json\/wp\/v2\/types\/product"}],"wp:featuredmedia":[{"embeddable":true,"href":"https:\/\/vivafertis.com\/lt\/wp-json\/wp\/v2\/media\/10192"}],"wp:attachment":[{"href":"https:\/\/vivafertis.com\/lt\/wp-json\/wp\/v2\/media?parent=10980"}],"wp:term":[{"taxonomy":"product_cat","embeddable":true,"href":"https:\/\/vivafertis.com\/lt\/wp-json\/wp\/v2\/product_cat?post=10980"},{"taxonomy":"product_tag","embeddable":true,"href":"https:\/\/vivafertis.com\/lt\/wp-json\/wp\/v2\/product_tag?post=10980"}],"curies":[{"name":"wp","href":"https:\/\/api.w.org\/{rel}","templated":true}]}}