{"id":8747,"date":"2023-06-14T15:55:12","date_gmt":"2023-06-14T12:55:12","guid":{"rendered":"https:\/\/vivafertis.com\/?post_type=product&#038;p=8747"},"modified":"2026-02-09T07:19:42","modified_gmt":"2026-02-09T05:19:42","slug":"premium-trasos-darzovems-1-l","status":"publish","type":"product","link":"https:\/\/vivafertis.com\/lt\/produktas\/premium-trasos-darzovems-1-l\/","title":{"rendered":"Premium tr\u0105\u0161os dar\u017eov\u0117ms, 1 L"},"content":{"rendered":"<p data-start=\"58\" data-end=\"274\"><span class=\"TextRun SCXW235435130 BCX8\" lang=\"LT-LT\" xml:lang=\"LT-LT\" data-contrast=\"none\"><span class=\"NormalTextRun SCXW235435130 BCX8\">Subalansuotos<\/span><span class=\"NormalTextRun SCXW235435130 BCX8\"> (NPK 5-3-7)<\/span><span class=\"NormalTextRun SCXW235435130 BCX8\"> kompleksin\u0117s<\/span> <span class=\"NormalTextRun SCXW235435130 BCX8\">tr\u0105\u0161os<\/span> <\/span><span class=\"TextRun SCXW235435130 BCX8\" lang=\"LT-LT\" xml:lang=\"LT-LT\" data-contrast=\"auto\"><span class=\"NormalTextRun SCXW235435130 BCX8\">su<\/span><\/span> <span class=\"TextRun Highlight SCXW235435130 BCX8\" lang=\"LT-LT\" xml:lang=\"LT-LT\" data-contrast=\"none\"><span class=\"NormalTextRun SCXW235435130 BCX8\">mikroelementais, <\/span><span class=\"NormalTextRun SpellingErrorV2Themed SCXW235435130 BCX8\">humin\u0117mis ir fulvin\u0117mis <\/span><\/span><span class=\"TextRun Highlight SCXW235435130 BCX8\" lang=\"LT-LT\" xml:lang=\"LT-LT\" data-contrast=\"none\"><span class=\"NormalTextRun SCXW235435130 BCX8\">r\u016bg\u0161timis. Produktas skirtas \u0161iltnamio ir lauko dar\u017eov\u0117ms tr\u0119\u0161ti. <\/span><\/span> U\u017etikrina gaus\u0173, skan\u0173 ir intensyvios spalvos derli\u0173.<\/p>\n<p data-start=\"276\" data-end=\"511\" data-is-last-node=\"\" data-is-only-node=\"\">Inovatyvus buteliuko dizainas leid\u017eia tiksliai dozuoti tr\u0105\u0161as, neleid\u017eia j\u0173 perpildyti ir u\u017etikrina \u0161var\u0173 naudojim\u0105. Nereikia papildom\u0173 dozavimo kam\u0161teli\u0173 \u2013 rankos lieka \u0161varios, o kiekvienas laistymas tampa paprastesnis ir tikslesnis.<\/p>\n","protected":false},"excerpt":{"rendered":"<p>Subalansuotos tr\u0105\u0161os dar\u017eov\u0117ms su mikroelementais, humin\u0117mis ir fulvin\u0117mis r\u016bg\u0161timis \u2013 gausiam, skaniam ir gra\u017eiam derliui.<\/p>\n<p>Patogus ir tikslus dozavimas.<\/p>\n","protected":false},"featured_media":10875,"template":"","meta":{"inline_featured_image":false},"product_cat":[159,282],"product_tag":[],"acf":[],"_links":{"self":[{"href":"https:\/\/vivafertis.com\/lt\/wp-json\/wp\/v2\/product\/8747"}],"collection":[{"href":"https:\/\/vivafertis.com\/lt\/wp-json\/wp\/v2\/product"}],"about":[{"href":"https:\/\/vivafertis.com\/lt\/wp-json\/wp\/v2\/types\/product"}],"wp:featuredmedia":[{"embeddable":true,"href":"https:\/\/vivafertis.com\/lt\/wp-json\/wp\/v2\/media\/10875"}],"wp:attachment":[{"href":"https:\/\/vivafertis.com\/lt\/wp-json\/wp\/v2\/media?parent=8747"}],"wp:term":[{"taxonomy":"product_cat","embeddable":true,"href":"https:\/\/vivafertis.com\/lt\/wp-json\/wp\/v2\/product_cat?post=8747"},{"taxonomy":"product_tag","embeddable":true,"href":"https:\/\/vivafertis.com\/lt\/wp-json\/wp\/v2\/product_tag?post=8747"}],"curies":[{"name":"wp","href":"https:\/\/api.w.org\/{rel}","templated":true}]}}