{"id":8978,"date":"2023-12-27T14:00:25","date_gmt":"2023-12-27T12:00:25","guid":{"rendered":"https:\/\/vivafertis.com\/?post_type=product&#038;p=8978"},"modified":"2026-02-09T07:15:15","modified_gmt":"2026-02-09T05:15:15","slug":"premium-pavasarines-trasos-1-l","status":"publish","type":"product","link":"https:\/\/vivafertis.com\/lt\/produktas\/premium-pavasarines-trasos-1-l\/","title":{"rendered":"Premium pavasarin\u0117s tr\u0105\u0161os dekoratyviniams augalams ir g\u0117l\u0117ms, 1 L"},"content":{"rendered":"<p>Specializuota formul\u0117 pritaikyta pavasar\u012f tr\u0119\u0161ti spygliuo\u010dius, lapuo\u010dius ir vis\u017ealius augalus, dekoratyvinius kr\u016bmus, vienmetes ir daugiametes lauko g\u0117les. Skatina augal\u0173 augim\u0105, u\u017etikrina j\u0173 vystym\u0105si, didesn\u012f \u0161aknyn\u0105 ir sveik\u0105 i\u0161vaizd\u0105.<\/p>\n<p>Buteliuko dizainas neleid\u017eia vartotojui perpildyti tr\u0105\u0161\u0173, daugiau nei yra vietos matavimo talpoje, nereikia naudoti sen\u0173 dozavimo kam\u0161teli\u0173, kurie po panaudojimo yra ne\u0161var\u016bs ir purvina rankas. Su \u0161iuo buteliuku, vartotojas pasiekia maksimal\u0173 \u0161varos ir tikslumo lyg\u012f.<\/p>\n","protected":false},"excerpt":{"rendered":"<p>DEKORATYVINIAMS AUGALAMS IR G\u0116L\u0116MS<\/p>\n<p>Lengvai \u012fsisavinamos, efektyvios kompleksin\u0117s tr\u0105\u0161os su humin\u0117mis ir fulvin\u0117mis r\u016bg\u0161timis<\/p>\n<p>Specializuota formul\u0117 pritaikyta pavasar\u012f tr\u0119\u0161ti spygliuo\u010dius, lapuo\u010dius ir vis\u017ealius augalus, dekoratyvinius kr\u016bmus, vienmetes ir daugiametes lauko g\u0117les. Skatina augal\u0173 augim\u0105, u\u017etikrina j\u0173 vystym\u0105si, didesn\u012f \u0161aknyn\u0105 ir sveik\u0105 i\u0161vaizd\u0105.<\/p>\n<p>Buteliuko dizainas u\u017etikrina patogum\u0105, \u0161varum\u0105 ir tikslum\u0105 dozuojant tr\u0105\u0161as.<\/p>\n","protected":false},"featured_media":11103,"template":"","meta":{"inline_featured_image":false},"product_cat":[572,113,153,281,574,114],"product_tag":[],"acf":[],"_links":{"self":[{"href":"https:\/\/vivafertis.com\/lt\/wp-json\/wp\/v2\/product\/8978"}],"collection":[{"href":"https:\/\/vivafertis.com\/lt\/wp-json\/wp\/v2\/product"}],"about":[{"href":"https:\/\/vivafertis.com\/lt\/wp-json\/wp\/v2\/types\/product"}],"wp:featuredmedia":[{"embeddable":true,"href":"https:\/\/vivafertis.com\/lt\/wp-json\/wp\/v2\/media\/11103"}],"wp:attachment":[{"href":"https:\/\/vivafertis.com\/lt\/wp-json\/wp\/v2\/media?parent=8978"}],"wp:term":[{"taxonomy":"product_cat","embeddable":true,"href":"https:\/\/vivafertis.com\/lt\/wp-json\/wp\/v2\/product_cat?post=8978"},{"taxonomy":"product_tag","embeddable":true,"href":"https:\/\/vivafertis.com\/lt\/wp-json\/wp\/v2\/product_tag?post=8978"}],"curies":[{"name":"wp","href":"https:\/\/api.w.org\/{rel}","templated":true}]}}