{"id":9158,"date":"2024-03-14T16:34:47","date_gmt":"2024-03-14T14:34:47","guid":{"rendered":"https:\/\/vivafertis.com\/?post_type=product&#038;p=9158"},"modified":"2025-09-05T12:58:07","modified_gmt":"2025-09-05T09:58:07","slug":"humisap-gel-250-g","status":"publish","type":"product","link":"https:\/\/vivafertis.com\/lt\/produktas\/humisap-gel-250-g\/","title":{"rendered":"Vanden\u012f sugerian\u010dios granul\u0117s HUMISAP GEL, 250 g"},"content":{"rendered":"<p align=\"justify\"><span style=\"color: #000000; font-size: 16px;\"><span style=\"font-family: Times New Roman, serif;\">Ilgalaikio veikimo vanden\u012f sugerian\u010di\u0173 granuli\u0173 kompleksas su humin\u0117mis ir amino r\u016bg\u0161timis, bei naudingais mikoriz\u0117s grybais. Skirtas naudoti\u00a0 med\u017ei\u0173, kr\u016bm\u0173, g\u0117lyn\u0173 sodinime\/persodinime,\u00a0 substrat\u0173 ruo\u0161ime, dar\u017eininkyst\u0117je, vejoms, sodinant kitus augalus. <\/span><\/span><\/p>\n","protected":false},"excerpt":{"rendered":"<p style=\"text-align: left;\" align=\"center\"><span style=\"color: #000000;\"><span style=\"font-family: Times New Roman, serif;\">Vanden\u012f sugerian\u010dios granul\u0117s su maistin\u0117mis med\u017eiagomis<\/span><\/span><\/p>\n<p align=\"justify\"><span style=\"color: #000000;\"><span style=\"font-family: Times New Roman, serif;\">Ilgalaikio veikimo vanden\u012f sugerian\u010di\u0173 granuli\u0173 kompleksas su humin\u0117mis ir amino r\u016bg\u0161timis, bei naudingais mikoriz\u0117s grybais. Skirtas naudoti\u00a0 med\u017ei\u0173, kr\u016bm\u0173, g\u0117lyn\u0173 sodinime\/persodinime,\u00a0 substrat\u0173 ruo\u0161ime, dar\u017eininkyst\u0117je, vejoms, sodinant kitus augalus. <\/span><\/span><\/p>\n","protected":false},"featured_media":10977,"template":"","meta":{"inline_featured_image":false},"product_cat":[159,572,121,113,153,582,432,119,558,281,282,574,114,279,583,280],"product_tag":[],"acf":[],"_links":{"self":[{"href":"https:\/\/vivafertis.com\/lt\/wp-json\/wp\/v2\/product\/9158"}],"collection":[{"href":"https:\/\/vivafertis.com\/lt\/wp-json\/wp\/v2\/product"}],"about":[{"href":"https:\/\/vivafertis.com\/lt\/wp-json\/wp\/v2\/types\/product"}],"wp:featuredmedia":[{"embeddable":true,"href":"https:\/\/vivafertis.com\/lt\/wp-json\/wp\/v2\/media\/10977"}],"wp:attachment":[{"href":"https:\/\/vivafertis.com\/lt\/wp-json\/wp\/v2\/media?parent=9158"}],"wp:term":[{"taxonomy":"product_cat","embeddable":true,"href":"https:\/\/vivafertis.com\/lt\/wp-json\/wp\/v2\/product_cat?post=9158"},{"taxonomy":"product_tag","embeddable":true,"href":"https:\/\/vivafertis.com\/lt\/wp-json\/wp\/v2\/product_tag?post=9158"}],"curies":[{"name":"wp","href":"https:\/\/api.w.org\/{rel}","templated":true}]}}