{"id":9254,"date":"2024-03-14T16:34:47","date_gmt":"2024-03-14T14:34:47","guid":{"rendered":"https:\/\/vivafertis.com\/?post_type=product&#038;p=9254"},"modified":"2025-12-03T15:51:31","modified_gmt":"2025-12-03T13:51:31","slug":"armadura-3-kg","status":"publish","type":"product","link":"https:\/\/vivafertis.com\/lt\/produktas\/armadura-3-kg\/","title":{"rendered":"Kamien\u0173 apsauga ARMADURA, 3 kg"},"content":{"rendered":"<p>Tai veiksminga mechanin\u0117 priemon\u0117, apsauganti med\u017ei\u0173 kamieno \u017eiev\u0119 nuo ki\u0161ki\u0173, peli\u0173, stirn\u0173, bebr\u0173 bei kit\u0173 grau\u017eik\u0173.<\/p>\n","protected":false},"excerpt":{"rendered":"<p>Priemon\u0117 kamien\u0173 apsaugai nuo grau\u017eik\u0173.<\/p>\n<p>Tai veiksminga mechanin\u0117 priemon\u0117, apsauganti med\u017ei\u0173 kamieno \u017eiev\u0119 nuo ki\u0161ki\u0173, peli\u0173, stirn\u0173, bebr\u0173 bei kit\u0173 grau\u017eik\u0173.<\/p>\n<p>Bespalvis, nekei\u010dia augalo ir kra\u0161tovaizd\u017eio estetinio vaizdo.<\/p>\n","protected":false},"featured_media":10417,"template":"","meta":{"inline_featured_image":false},"product_cat":[572,153,582,574,281,583],"product_tag":[386,389,388,392,387,390,391,393,384,385,394],"acf":[],"_links":{"self":[{"href":"https:\/\/vivafertis.com\/lt\/wp-json\/wp\/v2\/product\/9254"}],"collection":[{"href":"https:\/\/vivafertis.com\/lt\/wp-json\/wp\/v2\/product"}],"about":[{"href":"https:\/\/vivafertis.com\/lt\/wp-json\/wp\/v2\/types\/product"}],"wp:featuredmedia":[{"embeddable":true,"href":"https:\/\/vivafertis.com\/lt\/wp-json\/wp\/v2\/media\/10417"}],"wp:attachment":[{"href":"https:\/\/vivafertis.com\/lt\/wp-json\/wp\/v2\/media?parent=9254"}],"wp:term":[{"taxonomy":"product_cat","embeddable":true,"href":"https:\/\/vivafertis.com\/lt\/wp-json\/wp\/v2\/product_cat?post=9254"},{"taxonomy":"product_tag","embeddable":true,"href":"https:\/\/vivafertis.com\/lt\/wp-json\/wp\/v2\/product_tag?post=9254"}],"curies":[{"name":"wp","href":"https:\/\/api.w.org\/{rel}","templated":true}]}}