{"id":9869,"date":"2025-03-14T12:44:44","date_gmt":"2025-03-14T10:44:44","guid":{"rendered":"https:\/\/vivafertis.com\/?post_type=product&#038;p=9869"},"modified":"2025-12-01T07:06:58","modified_gmt":"2025-12-01T05:06:58","slug":"water-fix-5-l","status":"publish","type":"product","link":"https:\/\/vivafertis.com\/lt\/produktas\/water-fix-5-l\/","title":{"rendered":"WATER FIX, 5 L"},"content":{"rendered":"<p align=\"left\">Vandens \u012fsiskverbimo gerinimui.<\/p>\n<p align=\"justify\">Dr\u0117kinamoji priemon\u0117 skatinanti vandens \u012fsiskverbim\u0105 ir sulaikym\u0105 dirvo\u017eemyje, skirta vejai, sodui, vazoniniams augalams.<\/p>\n","protected":false},"excerpt":{"rendered":"<p align=\"left\">Vandens \u012fsiskverbimo gerinimui.<\/p>\n<p align=\"justify\">Dr\u0117kinamoji priemon\u0117 skatinanti vandens \u012fsiskverbim\u0105 ir sulaikym\u0105 dirvo\u017eemyje, skirta vejai, sodui, vazoniniams augalams.<\/p>\n","protected":false},"featured_media":10177,"template":"","meta":{"inline_featured_image":false},"product_cat":[159,572,121,113,153,582,432,119,282,574,583,279,114,280,558,281],"product_tag":[575,576,577,578,579],"acf":[],"_links":{"self":[{"href":"https:\/\/vivafertis.com\/lt\/wp-json\/wp\/v2\/product\/9869"}],"collection":[{"href":"https:\/\/vivafertis.com\/lt\/wp-json\/wp\/v2\/product"}],"about":[{"href":"https:\/\/vivafertis.com\/lt\/wp-json\/wp\/v2\/types\/product"}],"wp:featuredmedia":[{"embeddable":true,"href":"https:\/\/vivafertis.com\/lt\/wp-json\/wp\/v2\/media\/10177"}],"wp:attachment":[{"href":"https:\/\/vivafertis.com\/lt\/wp-json\/wp\/v2\/media?parent=9869"}],"wp:term":[{"taxonomy":"product_cat","embeddable":true,"href":"https:\/\/vivafertis.com\/lt\/wp-json\/wp\/v2\/product_cat?post=9869"},{"taxonomy":"product_tag","embeddable":true,"href":"https:\/\/vivafertis.com\/lt\/wp-json\/wp\/v2\/product_tag?post=9869"}],"curies":[{"name":"wp","href":"https:\/\/api.w.org\/{rel}","templated":true}]}}